{"id":8,"date":"2020-10-28T08:23:27","date_gmt":"2020-10-28T07:23:27","guid":{"rendered":"https:\/\/wordpress.inlabtec.ch\/?page_id=8"},"modified":"2021-02-24T11:16:34","modified_gmt":"2021-02-24T10:16:34","slug":"allgemeine-geschaeftsbedinungen","status":"publish","type":"page","link":"https:\/\/inlabtec.com\/de\/allgemeine-geschaeftsbedinungen\/","title":{"rendered":"Allgemeine Gesch\u00e4ftsbedinungen"},"content":{"rendered":"\n<div style=\"height:20px\" aria-hidden=\"true\" class=\"wp-block-spacer\"><\/div>\n\n\n\n<h1>Allgemeine Gesch\u00e4ftsbedingungen<\/h1>\n\n\n\n<div style=\"height:20px\" aria-hidden=\"true\" class=\"wp-block-spacer\"><\/div>\n\n\n\n<p>Preise<span style=\"text-decoration: underline;\"><br><\/span>Sofern in der zugestellten Auftragsbest\u00e4tigung nicht schriftlich eine andere Regel getroffen wurde, verstehen sich die Preise in Schweizer Franken (CHF), netto ab Werk, Incoterms 2010, ohne Verpackung, ohne Mehrwertsteuer<\/p>\n\n\n\n<p>Lieferfrist<br>Die von Inlabtec angegebenen Lieferfristen gelten unter Vorbehalt \u201eh\u00f6herer Gewalt\u201c und sind unverbindlich. Allf\u00e4llige Frist\u00fcberschreitungen berechtigen den Besteller weder zum Vertragsr\u00fccktritt noch zur Geltendmachung von Schadenersatzanspr\u00fcchen.<\/p>\n\n\n\n<p>Versand<br>Der Versand s\u00e4mtlicher Waren erfolgt stets, d.h. auch bei eventueller Frankolieferung oder anderen Liefervereinbarungen, auf Rechnung und Gefahr des Bestellers.<\/p>\n\n\n\n<p>Verpackung<br>Die Verpackung wird zu Selbstkosten verrechnet und nicht mehr zur\u00fcckgenommen.<\/p>\n\n\n\n<p>Zahlung<br>Die Rechnungen von Inlabtec sind, wenn nicht anders vereinbart, innerhalb 30 Tagen ab Rechnungsdatum f\u00e4llig. Die gelieferten Waren bleiben bis zum vollst\u00e4ndigen Eingang der Zahlung Inlabtec Eigentum.<\/p>\n\n\n\n<p>Garantie<br>Inlabtec garantiert f\u00fcr die Dauer von zwei (2) Jahren ab Auslieferung, dass die hergestellten und gelieferten Ger\u00e4te frei von Material- und Verarbeitungsfehlern sind, die Einfluss auf die Funktionsf\u00e4higkeit des Ger\u00e4tes zum bestimmungsgem\u00e4ssen Gebrauch haben. Es gilt:&nbsp;<br>1. Innerhalb der Garantiefrist beseitigt Inlabtec alle von Inlabtec anerkannten M\u00e4ngel, die nachweislich auf Material- oder Herstellungsfehlern beruhen. Die Garantieleistung erfolgt nach Wahl von Inlabtec durch Instandsetzung, Austausch mangelhafter Teile oder Austausch des Ger\u00e4tes. Die Ausf\u00fchrung von Garantieleistungen bewirkt weder eine Verl\u00e4ngerung noch einen Neubeginn der Garantiefrist. Muss jedoch das Ger\u00e4t ausgetauscht werden, betr\u00e4gt die Garantiefrist 2 Jahre ab Austauschdatum. Ausgewechselte Teile gehen in das Eigentum von Inlabtec \u00fcber. Transportkosten, -risiken und -sch\u00e4den werden nicht von Inlabtec \u00fcbernommen.<br>2. Eine Garantieleistung entf\u00e4llt f\u00fcr Sch\u00e4den oder M\u00e4ngel, die aus nicht vorschriftsm\u00e4\u00dfiger Inbetriebnahme, Anschluss, unsachgem\u00e4\u00dfer Handhabung oder Behandlung, Reparaturversuchen durch nicht autorisierte Personen sowie durch Nichtbeachtung der Bedienungsanleitung entstanden sind. Zudem entf\u00e4llt die Garantie, wenn Reparaturen nicht durch Inlabtec oder einen von Inlabtec autorisierten Servicepartner ausgef\u00fchrt, oder wenn keine Originalteile eingesetzt wurden. Weitergehende Anspr\u00fcche, insbesondere auf Schadenersatz f\u00fcr Mangelfolgesch\u00e4den etc. sind, soweit zul\u00e4ssig, ausgeschlossen.<br>3. Garantieleistungen werden \u00fcblicherweise durch die Serviceorganisation in dem Land geleistet, in dem das Ger\u00e4t verkauft wurde. Eine Verpflichtung zur Leistung der Garantie besteht nur dann, wenn das Ger\u00e4t den jeweils g\u00fcltigen technischen Vorschriften des Landes, in dem der Garantieanspruch geltend gemacht wird, entspricht und gem\u00e4ss diesen Vorschriften betrieben wird.<br>4. Garantieleistungen in der Schweiz: Die Garantieleistungen durch Inlabtec in der Schweiz umfassen s\u00e4mtliche Kosten (Material, Arbeit) f\u00fcr die Beseitigung aller von Inlabtec anerkannten M\u00e4ngel. F\u00fcr ersetzte oder reparierte Teile beginnt die Garantiefrist wieder neu zu laufen und dauert 2 Jahre ab Ersatz oder Abschluss der Reparatur.<\/p>\n\n\n\n<p>Anwendbares Recht, Gerichtsstand<br>Schweizer Recht ist anwendbar. Gerichtsstand ist St. Gallen, Schweiz.<\/p>\n\n\n\n<p>G\u00fcltigkeit<br>Diese Garantiebedingungen gelten ab 3. September 2013 und gelten mit der Bestellung vom K\u00e4ufer als anerkannt. \u00c4nderungen von Inlabtec und zwingendes Recht bleiben vorbehalten. Abweichende individuelle Abreden sind vorbehalten und bed\u00fcrfen zu ihrer G\u00fcltigkeit der schriftlichen Vereinbarung<strong>.<\/strong><\/p>\n\n\n\n<p><a href=\"https:\/\/inlabtec.com\/de\/impressum\/\">Impressum<\/a><\/p>\n\n\n\n<p><a href=\"https:\/\/inlabtec.com\/de\/datenschutzerklaerung\/\">Datenschutzerkl\u00e4rung<\/a><\/p>\n","protected":false},"excerpt":{"rendered":"<p>Allgemeine Gesch\u00e4ftsbedingungen PreiseSofern in der zugestellten Auftragsbest\u00e4tigung nicht schriftlich eine andere Regel getroffen wurde, verstehen sich die Preise in Schweizer Franken (CHF), netto ab Werk, Incoterms 2010, ohne Verpackung, ohne Mehrwertsteuer LieferfristDie von Inlabtec angegebenen Lieferfristen gelten unter Vorbehalt \u201eh\u00f6herer Gewalt\u201c und sind unverbindlich. Allf\u00e4llige Frist\u00fcberschreitungen berechtigen den Besteller weder zum Vertragsr\u00fccktritt noch zur Geltendmachung &#8230; <a title=\"Allgemeine Gesch\u00e4ftsbedinungen\" class=\"read-more\" href=\"https:\/\/inlabtec.com\/de\/allgemeine-geschaeftsbedinungen\/\" aria-label=\"Mehr bei Allgemeine Gesch\u00e4ftsbedinungen\">Weiterlesen &#8230;<\/a><\/p>\n","protected":false},"author":1,"featured_media":0,"parent":0,"menu_order":0,"comment_status":"closed","ping_status":"closed","template":"","meta":{"_coblocks_attr":"","_coblocks_dimensions":"","_coblocks_responsive_height":"","_coblocks_accordion_ie_support":""},"acf":[],"yoast_head":"<!-- This site is optimized with the Yoast SEO plugin v19.3 - https:\/\/yoast.com\/wordpress\/plugins\/seo\/ -->\n<title>Allgemeine Gesch\u00e4ftsbedinungen - Inlabtec<\/title>\n<meta name=\"robots\" content=\"index, follow, max-snippet:-1, max-image-preview:large, max-video-preview:-1\" \/>\n<link rel=\"canonical\" href=\"https:\/\/inlabtec.com\/de\/allgemeine-geschaeftsbedinungen\/\" \/>\n<meta property=\"og:locale\" content=\"de_DE\" \/>\n<meta property=\"og:type\" content=\"article\" \/>\n<meta property=\"og:title\" content=\"Allgemeine Gesch\u00e4ftsbedinungen - Inlabtec\" \/>\n<meta property=\"og:description\" content=\"Allgemeine Gesch\u00e4ftsbedingungen PreiseSofern in der zugestellten Auftragsbest\u00e4tigung nicht schriftlich eine andere Regel getroffen wurde, verstehen sich die Preise in Schweizer Franken (CHF), netto ab Werk, Incoterms 2010, ohne Verpackung, ohne Mehrwertsteuer LieferfristDie von Inlabtec angegebenen Lieferfristen gelten unter Vorbehalt \u201eh\u00f6herer Gewalt\u201c und sind unverbindlich. Allf\u00e4llige Frist\u00fcberschreitungen berechtigen den Besteller weder zum Vertragsr\u00fccktritt noch zur Geltendmachung ... Weiterlesen ...\" \/>\n<meta property=\"og:url\" content=\"https:\/\/inlabtec.com\/de\/allgemeine-geschaeftsbedinungen\/\" \/>\n<meta property=\"og:site_name\" content=\"Inlabtec\" \/>\n<meta property=\"article:modified_time\" content=\"2021-02-24T10:16:34+00:00\" \/>\n<meta name=\"twitter:card\" content=\"summary_large_image\" \/>\n<meta name=\"twitter:label1\" content=\"Gesch\u00e4tzte Lesezeit\" \/>\n\t<meta name=\"twitter:data1\" content=\"2\u00a0Minuten\" \/>\n<script type=\"application\/ld+json\" class=\"yoast-schema-graph\">{\"@context\":\"https:\/\/schema.org\",\"@graph\":[{\"@type\":\"Organization\",\"@id\":\"https:\/\/inlabtec.com\/#organization\",\"name\":\"Inlabtec\",\"url\":\"https:\/\/inlabtec.com\/\",\"sameAs\":[],\"logo\":{\"@type\":\"ImageObject\",\"inLanguage\":\"de\",\"@id\":\"https:\/\/inlabtec.com\/#\/schema\/logo\/image\/\",\"url\":\"https:\/\/inlabtec.com\/wp-content\/uploads\/2020\/11\/Inlabtec_Logo_Transparent-1.png\",\"contentUrl\":\"https:\/\/inlabtec.com\/wp-content\/uploads\/2020\/11\/Inlabtec_Logo_Transparent-1.png\",\"width\":320,\"height\":67,\"caption\":\"Inlabtec\"},\"image\":{\"@id\":\"https:\/\/inlabtec.com\/#\/schema\/logo\/image\/\"}},{\"@type\":\"WebSite\",\"@id\":\"https:\/\/inlabtec.com\/#website\",\"url\":\"https:\/\/inlabtec.com\/\",\"name\":\"Inlabtec\",\"description\":\"Inlabtec\",\"publisher\":{\"@id\":\"https:\/\/inlabtec.com\/#organization\"},\"potentialAction\":[{\"@type\":\"SearchAction\",\"target\":{\"@type\":\"EntryPoint\",\"urlTemplate\":\"https:\/\/inlabtec.com\/?s={search_term_string}\"},\"query-input\":\"required name=search_term_string\"}],\"inLanguage\":\"de\"},{\"@type\":\"WebPage\",\"@id\":\"https:\/\/inlabtec.com\/de\/allgemeine-geschaeftsbedinungen\/\",\"url\":\"https:\/\/inlabtec.com\/de\/allgemeine-geschaeftsbedinungen\/\",\"name\":\"Allgemeine Gesch\u00e4ftsbedinungen - Inlabtec\",\"isPartOf\":{\"@id\":\"https:\/\/inlabtec.com\/#website\"},\"datePublished\":\"2020-10-28T07:23:27+00:00\",\"dateModified\":\"2021-02-24T10:16:34+00:00\",\"breadcrumb\":{\"@id\":\"https:\/\/inlabtec.com\/de\/allgemeine-geschaeftsbedinungen\/#breadcrumb\"},\"inLanguage\":\"de\",\"potentialAction\":[{\"@type\":\"ReadAction\",\"target\":[\"https:\/\/inlabtec.com\/de\/allgemeine-geschaeftsbedinungen\/\"]}]},{\"@type\":\"BreadcrumbList\",\"@id\":\"https:\/\/inlabtec.com\/de\/allgemeine-geschaeftsbedinungen\/#breadcrumb\",\"itemListElement\":[{\"@type\":\"ListItem\",\"position\":1,\"name\":\"Startseite\",\"item\":\"https:\/\/inlabtec.com\/de\/\"},{\"@type\":\"ListItem\",\"position\":2,\"name\":\"Allgemeine Gesch\u00e4ftsbedinungen\"}]}]}<\/script>\n<!-- \/ Yoast SEO plugin. -->","yoast_head_json":{"title":"Allgemeine Gesch\u00e4ftsbedinungen - Inlabtec","robots":{"index":"index","follow":"follow","max-snippet":"max-snippet:-1","max-image-preview":"max-image-preview:large","max-video-preview":"max-video-preview:-1"},"canonical":"https:\/\/inlabtec.com\/de\/allgemeine-geschaeftsbedinungen\/","og_locale":"de_DE","og_type":"article","og_title":"Allgemeine Gesch\u00e4ftsbedinungen - Inlabtec","og_description":"Allgemeine Gesch\u00e4ftsbedingungen PreiseSofern in der zugestellten Auftragsbest\u00e4tigung nicht schriftlich eine andere Regel getroffen wurde, verstehen sich die Preise in Schweizer Franken (CHF), netto ab Werk, Incoterms 2010, ohne Verpackung, ohne Mehrwertsteuer LieferfristDie von Inlabtec angegebenen Lieferfristen gelten unter Vorbehalt \u201eh\u00f6herer Gewalt\u201c und sind unverbindlich. Allf\u00e4llige Frist\u00fcberschreitungen berechtigen den Besteller weder zum Vertragsr\u00fccktritt noch zur Geltendmachung ... Weiterlesen ...","og_url":"https:\/\/inlabtec.com\/de\/allgemeine-geschaeftsbedinungen\/","og_site_name":"Inlabtec","article_modified_time":"2021-02-24T10:16:34+00:00","twitter_card":"summary_large_image","twitter_misc":{"Gesch\u00e4tzte Lesezeit":"2\u00a0Minuten"},"schema":{"@context":"https:\/\/schema.org","@graph":[{"@type":"Organization","@id":"https:\/\/inlabtec.com\/#organization","name":"Inlabtec","url":"https:\/\/inlabtec.com\/","sameAs":[],"logo":{"@type":"ImageObject","inLanguage":"de","@id":"https:\/\/inlabtec.com\/#\/schema\/logo\/image\/","url":"https:\/\/inlabtec.com\/wp-content\/uploads\/2020\/11\/Inlabtec_Logo_Transparent-1.png","contentUrl":"https:\/\/inlabtec.com\/wp-content\/uploads\/2020\/11\/Inlabtec_Logo_Transparent-1.png","width":320,"height":67,"caption":"Inlabtec"},"image":{"@id":"https:\/\/inlabtec.com\/#\/schema\/logo\/image\/"}},{"@type":"WebSite","@id":"https:\/\/inlabtec.com\/#website","url":"https:\/\/inlabtec.com\/","name":"Inlabtec","description":"Inlabtec","publisher":{"@id":"https:\/\/inlabtec.com\/#organization"},"potentialAction":[{"@type":"SearchAction","target":{"@type":"EntryPoint","urlTemplate":"https:\/\/inlabtec.com\/?s={search_term_string}"},"query-input":"required name=search_term_string"}],"inLanguage":"de"},{"@type":"WebPage","@id":"https:\/\/inlabtec.com\/de\/allgemeine-geschaeftsbedinungen\/","url":"https:\/\/inlabtec.com\/de\/allgemeine-geschaeftsbedinungen\/","name":"Allgemeine Gesch\u00e4ftsbedinungen - Inlabtec","isPartOf":{"@id":"https:\/\/inlabtec.com\/#website"},"datePublished":"2020-10-28T07:23:27+00:00","dateModified":"2021-02-24T10:16:34+00:00","breadcrumb":{"@id":"https:\/\/inlabtec.com\/de\/allgemeine-geschaeftsbedinungen\/#breadcrumb"},"inLanguage":"de","potentialAction":[{"@type":"ReadAction","target":["https:\/\/inlabtec.com\/de\/allgemeine-geschaeftsbedinungen\/"]}]},{"@type":"BreadcrumbList","@id":"https:\/\/inlabtec.com\/de\/allgemeine-geschaeftsbedinungen\/#breadcrumb","itemListElement":[{"@type":"ListItem","position":1,"name":"Startseite","item":"https:\/\/inlabtec.com\/de\/"},{"@type":"ListItem","position":2,"name":"Allgemeine Gesch\u00e4ftsbedinungen"}]}]}},"_links":{"self":[{"href":"https:\/\/inlabtec.com\/de\/wp-json\/wp\/v2\/pages\/8"}],"collection":[{"href":"https:\/\/inlabtec.com\/de\/wp-json\/wp\/v2\/pages"}],"about":[{"href":"https:\/\/inlabtec.com\/de\/wp-json\/wp\/v2\/types\/page"}],"author":[{"embeddable":true,"href":"https:\/\/inlabtec.com\/de\/wp-json\/wp\/v2\/users\/1"}],"replies":[{"embeddable":true,"href":"https:\/\/inlabtec.com\/de\/wp-json\/wp\/v2\/comments?post=8"}],"version-history":[{"count":8,"href":"https:\/\/inlabtec.com\/de\/wp-json\/wp\/v2\/pages\/8\/revisions"}],"predecessor-version":[{"id":3963,"href":"https:\/\/inlabtec.com\/de\/wp-json\/wp\/v2\/pages\/8\/revisions\/3963"}],"wp:attachment":[{"href":"https:\/\/inlabtec.com\/de\/wp-json\/wp\/v2\/media?parent=8"}],"curies":[{"name":"wp","href":"https:\/\/api.w.org\/{rel}","templated":true}]}}