{"id":5294,"date":"2021-04-08T16:07:57","date_gmt":"2021-04-08T15:07:57","guid":{"rendered":"https:\/\/inlabtec.com\/serial-dilution-copy-copy\/"},"modified":"2021-11-22T09:27:54","modified_gmt":"2021-11-22T08:27:54","slug":"kundenerfahrungen","status":"publish","type":"page","link":"https:\/\/inlabtec.com\/de\/kundenerfahrungen\/","title":{"rendered":"Kundenerfahrungen"},"content":{"rendered":"\n<h1>Kundenerfahrungen<\/h1>\n\n\n\n<p>Einfache und sichere Anwendung, zuverl\u00e4ssige Analysenresultate, optimaler Einsatz der verf\u00fcgbaren Ressourcen und tiefere Kosten im Vergleich zu alternativen Technologien zeichnen unsere L\u00f6sungen aus. Wir wollen damit unseren Kunden Wettbewerbsvorteile verschaffen und damit ihre Marktposition und Rentabilit\u00e4t nachhaltig verbessern. Haben wir unser Ziel erreicht? Erfahren Sie, was Kunden berichten.<\/p>\n\n\n\n<div style=\"height:10px\" aria-hidden=\"true\" class=\"wp-block-spacer\"><\/div>\n\n\n\n<figure class=\"wp-block-video\"><video autoplay controls loop muted poster=\"\" src=\"https:\/\/inlabtec.com\/wp-content\/uploads\/2020\/11\/Inlabtec_used_by_SQTS_e_hd.mp4\"><\/video><\/figure>\n\n\n\n<div style=\"height:10px\" aria-hidden=\"true\" class=\"wp-block-spacer\"><\/div>\n\n\n\n<blockquote class=\"wp-block-quote\"><p>\u00abUnvorstellbar, dass im Labor f\u00fcr Verd\u00fcnnungen wieder Reagenzgl\u00e4ser verwendet werden. \u00bb<\/p><cite>Alexandra Dostal, Kantonales Laboratorium Thurgau, Frauenfeld, Schweiz<\/cite><\/blockquote>\n\n\n\n<blockquote class=\"wp-block-quote\"><p>\u00abEs war mir bis dato nicht bewusst, dass wir durch den Einsatz des Serial Diluters eine derart bessere Konstanz bei allen Mitarbeitern in Bezug auf die z-score Werte erreicht haben! \u00bb<\/p><cite>Martin J\u00f6rg, Microbact AG, Langenthal, Schweiz<\/cite><\/blockquote>\n\n\n\n<blockquote class=\"wp-block-quote\"><p>\u00ab Der Serial Diluter arbeitet einwandfrei und erspart uns jede Menge Arbeit. Einen R\u00fcckschritt zu den Verd\u00fcnnungsr\u00f6hrchen k\u00f6nnen wir uns nicht mehr vorstellen. \u00bb<\/p><cite>Rainer Hofmann, SGS INSTITUT FRESENSIUS GmbH, Freiburg, Deutschland<\/cite><\/blockquote>\n\n\n\n<blockquote class=\"wp-block-quote\"><p>\u00abFunktioniert tadellos, sehr zufrieden. Sympathisch, da nur wenig Plastik-M\u00fcll entsteht. \u00bb<\/p><cite>Kathrin Hauser, AGES \u00d6sterreichische Agentur f\u00fcr Gesundheit und Ern\u00e4hrungssicherheit GmbH, Graz<\/cite><\/blockquote>\n\n\n\n<h2>Berichte<\/h2>\n\n\n\n\n<table id=\"tablepress-67\" class=\"tablepress tablepress-id-67\">\n<tbody>\n<tr class=\"row-1\">\n\t<td class=\"column-1\"><p><a title=\"Amt f\u00fcr Verbraucherschutz AG\" href=\"https:\/\/inlabtec.com\/wp-content\/uploads\/2020\/11\/Kt_Lab_AG.pdf\" target=\"_blank\" rel=\"noopener noreferrer\"><img class=\"alignnone size-full wp-image-198\" src=\"https:\/\/inlabtec.com\/wp-content\/uploads\/2020\/11\/Tafel_Kt_Lab_AG.png\" alt=\"\" width=\"110\" height=\"110\"\/><\/a><\/p><\/td><td class=\"column-2\"><\/td><td class=\"column-3\">Die Zuverl\u00e4ssigkeit, der Wegfall von Fehlerquellen, der geringe Plastikabfall, sowie die tiefen Betriebskosten \u00fcberzeugten das Amt f\u00fcr Verbraucherschutz AG. <a title=\"Amt f\u00fcr Verbraucherschutz AG\" href=\"https:\/\/inlabtec.com\/wp-content\/uploads\/2020\/11\/Kt_Lab_AG.pdf\" target=\"_blank\" rel=\"noopener noreferrer\">[PDF] <\/a><\/td>\n<\/tr>\n<tr class=\"row-2\">\n\t<td class=\"column-1\"><p><a title=\"Zentrum f\u00fcr Labormedizin\" href=\"https:\/\/inlabtec.com\/wp-content\/uploads\/2020\/11\/ZLM_SG.pdf\" target=\"_blank\" rel=\"noopener noreferrer\"><img class=\"alignnone size-full wp-image-198\" src=\"https:\/\/inlabtec.com\/wp-content\/uploads\/2020\/11\/Labor_ZLM.png\" alt=\"\" width=\"110\" height=\"110\"\/><\/a><\/p><\/td><td class=\"column-2\"><\/td><td class=\"column-3\">Der Inlabtec Serial Diluter hat bei allen ZLM-Teammitgliedern, unabh\u00e4ngig von deren Berufserfahrungen, die hohen Erwartungen an Einfachheit, Zuverl\u00e4ssigkeit und Genauigkeit klar \u00fcbertroffen. <a title=\"Zentrum f\u00fcr Labormedizin\" href=\"https:\/\/inlabtec.com\/wp-content\/uploads\/2020\/11\/ZLM_SG.pdf\" target=\"_blank\" rel=\"noopener noreferrer\">[PDF] <\/a><\/td>\n<\/tr>\n<tr class=\"row-3\">\n\t<td class=\"column-1\"><p><a title=\"Deutsche LKS- Landwirtschaftliche Kommunikations- und Servicegesellschaft mbH\" href=\"https:\/\/inlabtec.com\/wp-content\/uploads\/2020\/11\/LKS_D.pdf\" target=\"_blank\" rel=\"noopener noreferrer\"><img class=\"alignnone size-full wp-image-198\" src=\"https:\/\/inlabtec.com\/wp-content\/uploads\/2020\/11\/LKS_Sterilbank.png\" alt=\"\" width=\"110\" height=\"110\"\/><\/a><\/p><\/td><td class=\"column-2\"><\/td><td class=\"column-3\">Das problemlose Bew\u00e4ltigen von erh\u00f6hten Probenaufkommen, die unkomplizierte Handhabung und die enormen Arbeitserleichterungen machten den Serial Diluter schnell unverzichtbar bei LKS. <a title=\"Deutsche LKS- Landwirtschaftliche Kommunikations- und Servicegesellschaft mbH\" href=\"https:\/\/inlabtec.com\/wp-content\/uploads\/2020\/11\/LKS_D.pdf\" target=\"_blank\" rel=\"noopener noreferrer\">[PDF] <\/a><\/td>\n<\/tr>\n<tr class=\"row-4\">\n\t<td class=\"column-1\"><p><a title=\"Wander AG\" href=\"https:\/\/inlabtec.com\/wp-content\/uploads\/2020\/11\/Wander_BE.pdf\" target=\"_blank\" rel=\"noopener noreferrer\"><img class=\"alignnone size-full wp-image-198\" src=\"https:\/\/inlabtec.com\/wp-content\/uploads\/2020\/11\/Wander_AG.png\" alt=\"\" width=\"110\" height=\"110\"\/><\/a><\/p><\/td><td class=\"column-2\"><\/td><td class=\"column-3\">Das Inlabtec Serial Diluter hat auf Grund der schnellen Inbetriebnahme, der hohen Pr\u00e4zision und Reproduzierbarkeit, sowie der markanten Zeitersparnisse das Team der Wander AG \u00fcberzeugt. <a title=\"Wander AG\" href=\"https:\/\/inlabtec.com\/wp-content\/uploads\/2020\/11\/Wander_BE.pdf\" target=\"_blank\" rel=\"noopener noreferrer\">[PDF] <\/a><\/td>\n<\/tr>\n<tr class=\"row-5\">\n\t<td class=\"column-1\"><p><a title=\"Wessling AG\" href=\"https:\/\/inlabtec.com\/wp-content\/uploads\/2020\/11\/Wessling_BE.pdf\" target=\"_blank\" rel=\"noopener noreferrer\"><img class=\"alignnone size-full wp-image-198\" src=\"https:\/\/inlabtec.com\/wp-content\/uploads\/2020\/11\/Labor_Wessling_AG.png\" alt=\"\" width=\"110\" height=\"110\"\/><\/a><\/p><\/td><td class=\"column-2\"><\/td><td class=\"column-3\">Um die bestehenden Ressourcen produktiver einsetzen zu k\u00f6nnen, wurde bei der Wessling AG in Lyss auf den Inlabtec Serial Diluter umgestellt. Nach der kurzen  Einf\u00fchrungsphase sch\u00e4tzt das Team das schnelle und komfortable Arbeiten <a title=\"Wessling AG\" href=\"https:\/\/inlabtec.com\/wp-content\/uploads\/2020\/11\/Wessling_BE.pdf\" target=\"_blank\" rel=\"noopener noreferrer\">[PDF] <\/a><\/td>\n<\/tr>\n<tr class=\"row-6\">\n\t<td class=\"column-1\"><p><a title=\"SGS Fresenius\" href=\"https:\/\/inlabtec.com\/wp-content\/uploads\/2020\/11\/SGS_Frisenius_D.pdf\" target=\"_blank\" rel=\"noopener noreferrer\"><img class=\"alignnone size-full wp-image-198\" src=\"https:\/\/inlabtec.com\/wp-content\/uploads\/2020\/11\/Lab_SGS_Fresenius.png\" alt=\"\" width=\"110\" height=\"110\"\/><\/a><\/p><\/td><td class=\"column-2\"><\/td><td class=\"column-3\">Der Inlabtec Serial Diluter wird von SGS Fresenius seit Anfang 2015 eingesetzt. Die zeit- und kostenintensive Vorbereitung von gef\u00fcllten Reagenzgl\u00e4sern wurde so durch kosteng\u00fcnstige Serial Dilution Bags ersetzt und die Probenverd\u00fcnnung automatisiert. <a title=\"SGS Fresenius\" href=\"https:\/\/inlabtec.com\/wp-content\/uploads\/2020\/11\/SGS_Frisenius_D.pdf\" target=\"_blank\" rel=\"noopener noreferrer\">[PDF] <\/a><\/td>\n<\/tr>\n<tr class=\"row-7\">\n\t<td class=\"column-1\"><a class=\"vp-a vp-mp4-type\" title=\"Video von SGS Fresenius\" href=\"https:\/\/inlabtec.com\/wp-content\/uploads\/2020\/11\/Inlabtec_Serial_Diluter_SA_reported_by_SGS_Fresenius.mp4\" data-autoplay=\"1\" data-dwrap=\"1\"><img class=\"vp-img\" src=\"https:\/\/inlabtec.com\/wp-content\/uploads\/2020\/11\/SGS_Fresenius3.png\" width=\"110\" height=\"110\"\/><\/a><\/td><td class=\"column-2\"><\/td><td class=\"column-3\">Ein von SGS Fresenius erstelltes Video f\u00fcr interne Schulungszwecke zum Arbeiten mit dem Serial Diluter SA. <a class=\"vp-a vp-mp4-type\"title=\"Video from SGS Fresenius\" href=\"https:\/\/inlabtec.com\/wp-content\/uploads\/2020\/11\/Inlabtec_Serial_Diluter_SA_reported_by_SGS_Fresenius.mp4\" data-autoplay=\"1\" data-dwrap=\"1\"  width=\"110\" height=\"110\"\/> [MP4]<\/a><\/td>\n<\/tr>\n<\/tbody>\n<\/table>\n\n","protected":false},"excerpt":{"rendered":"<p>Kundenerfahrungen Einfache und sichere Anwendung, zuverl\u00e4ssige Analysenresultate, optimaler Einsatz der verf\u00fcgbaren Ressourcen und tiefere Kosten im Vergleich zu alternativen Technologien zeichnen unsere L\u00f6sungen aus. Wir wollen damit unseren Kunden Wettbewerbsvorteile verschaffen und damit ihre Marktposition und Rentabilit\u00e4t nachhaltig verbessern. Haben wir unser Ziel erreicht? Erfahren Sie, was Kunden berichten. \u00abUnvorstellbar, dass im Labor f\u00fcr Verd\u00fcnnungen &#8230; <a title=\"Kundenerfahrungen\" class=\"read-more\" href=\"https:\/\/inlabtec.com\/de\/kundenerfahrungen\/\" aria-label=\"Mehr bei Kundenerfahrungen\">Weiterlesen &#8230;<\/a><\/p>\n","protected":false},"author":1,"featured_media":0,"parent":0,"menu_order":0,"comment_status":"closed","ping_status":"closed","template":"","meta":{"_coblocks_attr":"","_coblocks_dimensions":"","_coblocks_responsive_height":"","_coblocks_accordion_ie_support":""},"acf":[],"yoast_head":"<!-- This site is optimized with the Yoast SEO plugin v19.3 - https:\/\/yoast.com\/wordpress\/plugins\/seo\/ -->\n<title>Erfahrungen unserer Kunden<\/title>\n<meta name=\"description\" content=\"Erfahren Sie was unsere Kunden im Video zur Anwendung der Serial Diluter Systeme von Inlabtec sagen.\" \/>\n<meta name=\"robots\" content=\"index, follow, max-snippet:-1, max-image-preview:large, max-video-preview:-1\" \/>\n<link rel=\"canonical\" href=\"https:\/\/inlabtec.com\/de\/kundenerfahrungen\/\" \/>\n<meta property=\"og:locale\" content=\"de_DE\" \/>\n<meta property=\"og:type\" content=\"article\" \/>\n<meta property=\"og:title\" content=\"Erfahrungen unserer Kunden\" \/>\n<meta property=\"og:description\" content=\"Erfahren Sie was unsere Kunden im Video zur Anwendung der Serial Diluter Systeme von Inlabtec sagen.\" \/>\n<meta property=\"og:url\" content=\"https:\/\/inlabtec.com\/de\/kundenerfahrungen\/\" \/>\n<meta property=\"og:site_name\" content=\"Inlabtec\" \/>\n<meta property=\"article:modified_time\" content=\"2021-11-22T08:27:54+00:00\" \/>\n<meta name=\"twitter:card\" content=\"summary_large_image\" \/>\n<meta name=\"twitter:label1\" content=\"Gesch\u00e4tzte Lesezeit\" \/>\n\t<meta name=\"twitter:data1\" content=\"1\u00a0Minute\" \/>\n<script type=\"application\/ld+json\" class=\"yoast-schema-graph\">{\"@context\":\"https:\/\/schema.org\",\"@graph\":[{\"@type\":\"Organization\",\"@id\":\"https:\/\/inlabtec.com\/#organization\",\"name\":\"Inlabtec\",\"url\":\"https:\/\/inlabtec.com\/\",\"sameAs\":[],\"logo\":{\"@type\":\"ImageObject\",\"inLanguage\":\"de\",\"@id\":\"https:\/\/inlabtec.com\/#\/schema\/logo\/image\/\",\"url\":\"https:\/\/inlabtec.com\/wp-content\/uploads\/2020\/11\/Inlabtec_Logo_Transparent-1.png\",\"contentUrl\":\"https:\/\/inlabtec.com\/wp-content\/uploads\/2020\/11\/Inlabtec_Logo_Transparent-1.png\",\"width\":320,\"height\":67,\"caption\":\"Inlabtec\"},\"image\":{\"@id\":\"https:\/\/inlabtec.com\/#\/schema\/logo\/image\/\"}},{\"@type\":\"WebSite\",\"@id\":\"https:\/\/inlabtec.com\/#website\",\"url\":\"https:\/\/inlabtec.com\/\",\"name\":\"Inlabtec\",\"description\":\"Inlabtec\",\"publisher\":{\"@id\":\"https:\/\/inlabtec.com\/#organization\"},\"potentialAction\":[{\"@type\":\"SearchAction\",\"target\":{\"@type\":\"EntryPoint\",\"urlTemplate\":\"https:\/\/inlabtec.com\/?s={search_term_string}\"},\"query-input\":\"required name=search_term_string\"}],\"inLanguage\":\"de\"},{\"@type\":\"WebPage\",\"@id\":\"https:\/\/inlabtec.com\/de\/kundenerfahrungen\/\",\"url\":\"https:\/\/inlabtec.com\/de\/kundenerfahrungen\/\",\"name\":\"Erfahrungen unserer Kunden\",\"isPartOf\":{\"@id\":\"https:\/\/inlabtec.com\/#website\"},\"datePublished\":\"2021-04-08T15:07:57+00:00\",\"dateModified\":\"2021-11-22T08:27:54+00:00\",\"description\":\"Erfahren Sie was unsere Kunden im Video zur Anwendung der Serial Diluter Systeme von Inlabtec sagen.\",\"breadcrumb\":{\"@id\":\"https:\/\/inlabtec.com\/de\/kundenerfahrungen\/#breadcrumb\"},\"inLanguage\":\"de\",\"potentialAction\":[{\"@type\":\"ReadAction\",\"target\":[\"https:\/\/inlabtec.com\/de\/kundenerfahrungen\/\"]}]},{\"@type\":\"BreadcrumbList\",\"@id\":\"https:\/\/inlabtec.com\/de\/kundenerfahrungen\/#breadcrumb\",\"itemListElement\":[{\"@type\":\"ListItem\",\"position\":1,\"name\":\"Startseite\",\"item\":\"https:\/\/inlabtec.com\/de\/\"},{\"@type\":\"ListItem\",\"position\":2,\"name\":\"Kundenerfahrungen\"}]}]}<\/script>\n<!-- \/ Yoast SEO plugin. -->","yoast_head_json":{"title":"Erfahrungen unserer Kunden","description":"Erfahren Sie was unsere Kunden im Video zur Anwendung der Serial Diluter Systeme von Inlabtec sagen.","robots":{"index":"index","follow":"follow","max-snippet":"max-snippet:-1","max-image-preview":"max-image-preview:large","max-video-preview":"max-video-preview:-1"},"canonical":"https:\/\/inlabtec.com\/de\/kundenerfahrungen\/","og_locale":"de_DE","og_type":"article","og_title":"Erfahrungen unserer Kunden","og_description":"Erfahren Sie was unsere Kunden im Video zur Anwendung der Serial Diluter Systeme von Inlabtec sagen.","og_url":"https:\/\/inlabtec.com\/de\/kundenerfahrungen\/","og_site_name":"Inlabtec","article_modified_time":"2021-11-22T08:27:54+00:00","twitter_card":"summary_large_image","twitter_misc":{"Gesch\u00e4tzte Lesezeit":"1\u00a0Minute"},"schema":{"@context":"https:\/\/schema.org","@graph":[{"@type":"Organization","@id":"https:\/\/inlabtec.com\/#organization","name":"Inlabtec","url":"https:\/\/inlabtec.com\/","sameAs":[],"logo":{"@type":"ImageObject","inLanguage":"de","@id":"https:\/\/inlabtec.com\/#\/schema\/logo\/image\/","url":"https:\/\/inlabtec.com\/wp-content\/uploads\/2020\/11\/Inlabtec_Logo_Transparent-1.png","contentUrl":"https:\/\/inlabtec.com\/wp-content\/uploads\/2020\/11\/Inlabtec_Logo_Transparent-1.png","width":320,"height":67,"caption":"Inlabtec"},"image":{"@id":"https:\/\/inlabtec.com\/#\/schema\/logo\/image\/"}},{"@type":"WebSite","@id":"https:\/\/inlabtec.com\/#website","url":"https:\/\/inlabtec.com\/","name":"Inlabtec","description":"Inlabtec","publisher":{"@id":"https:\/\/inlabtec.com\/#organization"},"potentialAction":[{"@type":"SearchAction","target":{"@type":"EntryPoint","urlTemplate":"https:\/\/inlabtec.com\/?s={search_term_string}"},"query-input":"required name=search_term_string"}],"inLanguage":"de"},{"@type":"WebPage","@id":"https:\/\/inlabtec.com\/de\/kundenerfahrungen\/","url":"https:\/\/inlabtec.com\/de\/kundenerfahrungen\/","name":"Erfahrungen unserer Kunden","isPartOf":{"@id":"https:\/\/inlabtec.com\/#website"},"datePublished":"2021-04-08T15:07:57+00:00","dateModified":"2021-11-22T08:27:54+00:00","description":"Erfahren Sie was unsere Kunden im Video zur Anwendung der Serial Diluter Systeme von Inlabtec sagen.","breadcrumb":{"@id":"https:\/\/inlabtec.com\/de\/kundenerfahrungen\/#breadcrumb"},"inLanguage":"de","potentialAction":[{"@type":"ReadAction","target":["https:\/\/inlabtec.com\/de\/kundenerfahrungen\/"]}]},{"@type":"BreadcrumbList","@id":"https:\/\/inlabtec.com\/de\/kundenerfahrungen\/#breadcrumb","itemListElement":[{"@type":"ListItem","position":1,"name":"Startseite","item":"https:\/\/inlabtec.com\/de\/"},{"@type":"ListItem","position":2,"name":"Kundenerfahrungen"}]}]}},"_links":{"self":[{"href":"https:\/\/inlabtec.com\/de\/wp-json\/wp\/v2\/pages\/5294"}],"collection":[{"href":"https:\/\/inlabtec.com\/de\/wp-json\/wp\/v2\/pages"}],"about":[{"href":"https:\/\/inlabtec.com\/de\/wp-json\/wp\/v2\/types\/page"}],"author":[{"embeddable":true,"href":"https:\/\/inlabtec.com\/de\/wp-json\/wp\/v2\/users\/1"}],"replies":[{"embeddable":true,"href":"https:\/\/inlabtec.com\/de\/wp-json\/wp\/v2\/comments?post=5294"}],"version-history":[{"count":8,"href":"https:\/\/inlabtec.com\/de\/wp-json\/wp\/v2\/pages\/5294\/revisions"}],"predecessor-version":[{"id":6092,"href":"https:\/\/inlabtec.com\/de\/wp-json\/wp\/v2\/pages\/5294\/revisions\/6092"}],"wp:attachment":[{"href":"https:\/\/inlabtec.com\/de\/wp-json\/wp\/v2\/media?parent=5294"}],"curies":[{"name":"wp","href":"https:\/\/api.w.org\/{rel}","templated":true}]}}