{"id":47,"date":"2020-10-28T09:19:29","date_gmt":"2020-10-28T09:19:29","guid":{"rendered":"https:\/\/wordpress.inlabtec.ch\/?page_id=47"},"modified":"2024-01-04T14:49:59","modified_gmt":"2024-01-04T13:49:59","slug":"inlabtec-de-home","status":"publish","type":"page","link":"https:\/\/inlabtec.com\/de\/","title":{"rendered":"Startseite"},"content":{"rendered":"\n<div style=\"height:10px\" aria-hidden=\"true\" class=\"wp-block-spacer\"><\/div>\n\n\n\n<h1>Innovatives Beutelsystem zur automatischen Verd\u00fcnnung mikrobiologischer Proben<\/h1>\n\n\n\n<div style=\"height:10px\" aria-hidden=\"true\" class=\"wp-block-spacer\"><\/div>\n\n\n\n<div aria-label=\"Carousel Gallery\" class=\"wp-block-coblocks-gallery-carousel\"><div class=\"coblocks-gallery-carousel-swiper-container is-cropped coblocks-gallery has-no-alignment has-border-radius-2 has-caption-style-dark has-horizontal-gutter has-no-thumbnails\"><div class=\"has-carousel has-carousel-lrg swiper-container has-responsive-height\" data-swiper=\"{&quot;alignCells&quot;:false,&quot;autoPlay&quot;:true,&quot;autoPlaySpeed&quot;:3000,&quot;draggable&quot;:true,&quot;freeMode&quot;:false,&quot;loop&quot;:true,&quot;navigation&quot;:false,&quot;pageDots&quot;:false,&quot;pauseHover&quot;:true,&quot;responsiveHeight&quot;:true,&quot;slidesPerView&quot;:2,&quot;thumbnails&quot;:false,&quot;uuid&quot;:&quot;12345&quot;}\" id=\"12345\" style=\"height:360px\"><div class=\"swiper-wrapper\"><div class=\"swiper-slide\"><div class=\"coblocks-gallery--item\" role=\"button\" tabindex=\"0\"><figure class=\"coblocks-gallery--figure has-margin-left-5 has-margin-left-mobile-5 has-margin-right-5 has-margin-right-mobile-5\"><img loading=\"lazy\" width=\"1024\" height=\"1024\" alt=\"\" class=\"wp-image-8505\" data-id=\"8505\" data-link=\"https:\/\/inlabtec.com\/k_beutel-herausziehen\/\" src=\"https:\/\/inlabtec.com\/wp-content\/uploads\/2023\/12\/K_Beutel-herausziehen-3-1024x1024.png\" srcset=\"https:\/\/inlabtec.com\/wp-content\/uploads\/2023\/12\/K_Beutel-herausziehen-3-1024x1024.png 1024w, https:\/\/inlabtec.com\/wp-content\/uploads\/2023\/12\/K_Beutel-herausziehen-3-300x300.png 300w, https:\/\/inlabtec.com\/wp-content\/uploads\/2023\/12\/K_Beutel-herausziehen-3-150x150.png 150w, https:\/\/inlabtec.com\/wp-content\/uploads\/2023\/12\/K_Beutel-herausziehen-3-768x768.png 768w, https:\/\/inlabtec.com\/wp-content\/uploads\/2023\/12\/K_Beutel-herausziehen-3.png 1080w\" sizes=\"(max-width: 1024px) 100vw, 1024px\" \/><\/figure><figcaption class=\"coblocks-gallery--caption coblocks-gallery--primary-caption\"><\/figcaption><\/div><\/div><div class=\"swiper-slide\"><div class=\"coblocks-gallery--item\" role=\"button\" tabindex=\"1\"><figure class=\"coblocks-gallery--figure has-margin-left-5 has-margin-left-mobile-5 has-margin-right-5 has-margin-right-mobile-5\"><img loading=\"lazy\" width=\"1024\" height=\"1024\" alt=\"\" class=\"wp-image-8497\" data-id=\"8497\" data-link=\"https:\/\/inlabtec.com\/k_beutel-offnen\/\" src=\"https:\/\/inlabtec.com\/wp-content\/uploads\/2023\/12\/K_Beutel-offnen-1024x1024.png\" srcset=\"https:\/\/inlabtec.com\/wp-content\/uploads\/2023\/12\/K_Beutel-offnen-1024x1024.png 1024w, https:\/\/inlabtec.com\/wp-content\/uploads\/2023\/12\/K_Beutel-offnen-300x300.png 300w, https:\/\/inlabtec.com\/wp-content\/uploads\/2023\/12\/K_Beutel-offnen-150x150.png 150w, https:\/\/inlabtec.com\/wp-content\/uploads\/2023\/12\/K_Beutel-offnen-768x768.png 768w, https:\/\/inlabtec.com\/wp-content\/uploads\/2023\/12\/K_Beutel-offnen.png 1080w\" sizes=\"(max-width: 1024px) 100vw, 1024px\" \/><\/figure><figcaption class=\"coblocks-gallery--caption coblocks-gallery--primary-caption\"><\/figcaption><\/div><\/div><div class=\"swiper-slide\"><div class=\"coblocks-gallery--item\" role=\"button\" tabindex=\"2\"><figure class=\"coblocks-gallery--figure has-margin-left-5 has-margin-left-mobile-5 has-margin-right-5 has-margin-right-mobile-5\"><img loading=\"lazy\" width=\"1024\" height=\"1024\" alt=\"\" class=\"wp-image-8489\" data-id=\"8489\" data-link=\"https:\/\/inlabtec.com\/k_probenzugabe\/\" src=\"https:\/\/inlabtec.com\/wp-content\/uploads\/2023\/12\/K_Probenzugabe-1024x1024.png\" srcset=\"https:\/\/inlabtec.com\/wp-content\/uploads\/2023\/12\/K_Probenzugabe-1024x1024.png 1024w, https:\/\/inlabtec.com\/wp-content\/uploads\/2023\/12\/K_Probenzugabe-300x300.png 300w, https:\/\/inlabtec.com\/wp-content\/uploads\/2023\/12\/K_Probenzugabe-150x150.png 150w, https:\/\/inlabtec.com\/wp-content\/uploads\/2023\/12\/K_Probenzugabe-768x768.png 768w, https:\/\/inlabtec.com\/wp-content\/uploads\/2023\/12\/K_Probenzugabe.png 1080w\" sizes=\"(max-width: 1024px) 100vw, 1024px\" \/><\/figure><figcaption class=\"coblocks-gallery--caption coblocks-gallery--primary-caption\"><\/figcaption><\/div><\/div><div class=\"swiper-slide\"><div class=\"coblocks-gallery--item\" role=\"button\" tabindex=\"3\"><figure class=\"coblocks-gallery--figure has-margin-left-5 has-margin-left-mobile-5 has-margin-right-5 has-margin-right-mobile-5\"><img loading=\"lazy\" width=\"1024\" height=\"1024\" alt=\"\" class=\"wp-image-8499\" data-id=\"8499\" data-link=\"https:\/\/inlabtec.com\/k_inokulation\/\" src=\"https:\/\/inlabtec.com\/wp-content\/uploads\/2023\/12\/K_Inokulation-1024x1024.png\" srcset=\"https:\/\/inlabtec.com\/wp-content\/uploads\/2023\/12\/K_Inokulation-1024x1024.png 1024w, https:\/\/inlabtec.com\/wp-content\/uploads\/2023\/12\/K_Inokulation-300x300.png 300w, https:\/\/inlabtec.com\/wp-content\/uploads\/2023\/12\/K_Inokulation-150x150.png 150w, https:\/\/inlabtec.com\/wp-content\/uploads\/2023\/12\/K_Inokulation-768x768.png 768w, https:\/\/inlabtec.com\/wp-content\/uploads\/2023\/12\/K_Inokulation.png 1080w\" sizes=\"(max-width: 1024px) 100vw, 1024px\" \/><\/figure><figcaption class=\"coblocks-gallery--caption coblocks-gallery--primary-caption\"><\/figcaption><\/div><\/div><div class=\"swiper-slide\"><div class=\"coblocks-gallery--item\" role=\"button\" tabindex=\"4\"><figure class=\"coblocks-gallery--figure has-margin-left-5 has-margin-left-mobile-5 has-margin-right-5 has-margin-right-mobile-5\"><img loading=\"lazy\" width=\"1024\" height=\"1024\" alt=\"\" class=\"wp-image-8485\" data-id=\"8485\" data-link=\"https:\/\/inlabtec.com\/k_probenentnahme\/\" src=\"https:\/\/inlabtec.com\/wp-content\/uploads\/2023\/12\/K_Probenentnahme-1024x1024.png\" srcset=\"https:\/\/inlabtec.com\/wp-content\/uploads\/2023\/12\/K_Probenentnahme-1024x1024.png 1024w, https:\/\/inlabtec.com\/wp-content\/uploads\/2023\/12\/K_Probenentnahme-300x300.png 300w, https:\/\/inlabtec.com\/wp-content\/uploads\/2023\/12\/K_Probenentnahme-150x150.png 150w, https:\/\/inlabtec.com\/wp-content\/uploads\/2023\/12\/K_Probenentnahme-768x768.png 768w, https:\/\/inlabtec.com\/wp-content\/uploads\/2023\/12\/K_Probenentnahme.png 1080w\" sizes=\"(max-width: 1024px) 100vw, 1024px\" \/><\/figure><figcaption class=\"coblocks-gallery--caption coblocks-gallery--primary-caption\"><\/figcaption><\/div><\/div><div class=\"swiper-slide\"><div class=\"coblocks-gallery--item\" role=\"button\" tabindex=\"5\"><figure class=\"coblocks-gallery--figure has-margin-left-5 has-margin-left-mobile-5 has-margin-right-5 has-margin-right-mobile-5\"><img loading=\"lazy\" width=\"1024\" height=\"1024\" alt=\"\" class=\"wp-image-8487\" data-id=\"8487\" data-link=\"https:\/\/inlabtec.com\/k_probenzugabe-mit-ledgrun\/\" src=\"https:\/\/inlabtec.com\/wp-content\/uploads\/2023\/12\/K_Probenzugabe-mit-LEDgrun-1024x1024.png\" srcset=\"https:\/\/inlabtec.com\/wp-content\/uploads\/2023\/12\/K_Probenzugabe-mit-LEDgrun-1024x1024.png 1024w, https:\/\/inlabtec.com\/wp-content\/uploads\/2023\/12\/K_Probenzugabe-mit-LEDgrun-300x300.png 300w, https:\/\/inlabtec.com\/wp-content\/uploads\/2023\/12\/K_Probenzugabe-mit-LEDgrun-150x150.png 150w, https:\/\/inlabtec.com\/wp-content\/uploads\/2023\/12\/K_Probenzugabe-mit-LEDgrun-768x768.png 768w, https:\/\/inlabtec.com\/wp-content\/uploads\/2023\/12\/K_Probenzugabe-mit-LEDgrun.png 1080w\" sizes=\"(max-width: 1024px) 100vw, 1024px\" \/><\/figure><figcaption class=\"coblocks-gallery--caption coblocks-gallery--primary-caption\"><\/figcaption><\/div><\/div><div class=\"swiper-slide\"><div class=\"coblocks-gallery--item\" role=\"button\" tabindex=\"6\"><figure class=\"coblocks-gallery--figure has-margin-left-5 has-margin-left-mobile-5 has-margin-right-5 has-margin-right-mobile-5\"><img loading=\"lazy\" width=\"1024\" height=\"1024\" alt=\"\" class=\"wp-image-8491\" data-id=\"8491\" data-link=\"https:\/\/inlabtec.com\/k_reihe-fertig\/\" src=\"https:\/\/inlabtec.com\/wp-content\/uploads\/2023\/12\/K_Reihe-fertig-1024x1024.png\" srcset=\"https:\/\/inlabtec.com\/wp-content\/uploads\/2023\/12\/K_Reihe-fertig-1024x1024.png 1024w, https:\/\/inlabtec.com\/wp-content\/uploads\/2023\/12\/K_Reihe-fertig-300x300.png 300w, https:\/\/inlabtec.com\/wp-content\/uploads\/2023\/12\/K_Reihe-fertig-150x150.png 150w, https:\/\/inlabtec.com\/wp-content\/uploads\/2023\/12\/K_Reihe-fertig-768x768.png 768w, https:\/\/inlabtec.com\/wp-content\/uploads\/2023\/12\/K_Reihe-fertig.png 1080w\" sizes=\"(max-width: 1024px) 100vw, 1024px\" \/><\/figure><figcaption class=\"coblocks-gallery--caption coblocks-gallery--primary-caption\"><\/figcaption><\/div><\/div><div class=\"swiper-slide\"><div class=\"coblocks-gallery--item\" role=\"button\" tabindex=\"7\"><figure class=\"coblocks-gallery--figure has-margin-left-5 has-margin-left-mobile-5 has-margin-right-5 has-margin-right-mobile-5\"><img loading=\"lazy\" width=\"1024\" height=\"1024\" alt=\"\" class=\"wp-image-8493\" data-id=\"8493\" data-link=\"https:\/\/inlabtec.com\/k_beutel-herausnehmen\/\" src=\"https:\/\/inlabtec.com\/wp-content\/uploads\/2023\/12\/K_Beutel-herausnehmen-1024x1024.png\" srcset=\"https:\/\/inlabtec.com\/wp-content\/uploads\/2023\/12\/K_Beutel-herausnehmen-1024x1024.png 1024w, https:\/\/inlabtec.com\/wp-content\/uploads\/2023\/12\/K_Beutel-herausnehmen-300x300.png 300w, https:\/\/inlabtec.com\/wp-content\/uploads\/2023\/12\/K_Beutel-herausnehmen-150x150.png 150w, https:\/\/inlabtec.com\/wp-content\/uploads\/2023\/12\/K_Beutel-herausnehmen-768x768.png 768w, https:\/\/inlabtec.com\/wp-content\/uploads\/2023\/12\/K_Beutel-herausnehmen.png 1080w\" sizes=\"(max-width: 1024px) 100vw, 1024px\" \/><\/figure><figcaption class=\"coblocks-gallery--caption coblocks-gallery--primary-caption\"><\/figcaption><\/div><\/div><\/div><\/div><\/div><\/div>\n\n\n\n<div style=\"height:5px\" aria-hidden=\"true\" class=\"wp-block-spacer\"><\/div>\n\n\n\n<div style=\"height:0px\" aria-hidden=\"true\" class=\"wp-block-spacer\"><\/div>\n\n\n\n<p>Haben Sie genug von m\u00fchsamen manuellen Verd\u00fcnnungen f\u00fcr mikrobiologische Pr\u00fcfungen? Suchen Sie nach einer effizienteren und umweltfreundlicheren L\u00f6sung? Entdecken Sie, wie unsere innovative Technologie Ihre Arbeitsprozesse rationalisieren, die Umweltbelastung verringern und die Produktivit\u00e4t steigern kann. Verabschieden Sie sich vom m\u00fchsamen Waschen, F\u00fcllen und Sterilisieren von Reagenzgl\u00e4sern &#8211; testen Sie unsere <a href=\"https:\/\/inlabtec.com\/de\/serial-diluters\/\">Serial Diluter<\/a>.<\/p>\n\n\n\n<p>Wenn Sie die treibende Kraft hinter unseren Innovationen kennenlernen m\u00f6chten, klicken Sie auf die Schaltfl\u00e4che unten.<\/p>\n\n\n\n<div class=\"wp-container-1 wp-block-buttons\">\n<div class=\"wp-block-button has-custom-width wp-block-button__width-100 is-style-shadow\"><a class=\"wp-block-button__link\" href=\"https:\/\/inlabtec.com\/de\/serielle-verduennung\/\" style=\"border-radius:1px\" rel=\"\">Hintergr\u00fcnde und Nutzen unserer L\u00f6sung kennenlernen.<\/a><\/div>\n<\/div>\n\n\n\n<div style=\"height:10px\" aria-hidden=\"true\" class=\"wp-block-spacer\"><\/div>\n\n\n\n<h2>Aktuelles<\/h2>\n\n\n\n<div style=\"height:5px\" aria-hidden=\"true\" class=\"wp-block-spacer\"><\/div>\n\n\n<ul class=\"wp-block-latest-posts__list has-dates wp-block-latest-posts\"><li><a class=\"wp-block-latest-posts__post-title\" href=\"https:\/\/inlabtec.com\/de\/2026\/02\/06\/adhaesionsgreifer-reinigung-anleitung\/\">Neue Anleitung: Trockenreinigung von Adh\u00e4sionsgreifern<\/a><time datetime=\"2026-02-06T11:21:53+01:00\" class=\"wp-block-latest-posts__post-date\">Februar 6, 2026<\/time><div class=\"wp-block-latest-posts__post-excerpt\">Eine zuverl\u00e4ssige Haftleistung ist entscheidend f\u00fcr den sicheren Einsatz von Adh\u00e4sionsgreifern. Sichtbare &#8230; <a title=\"Neue Anleitung: Trockenreinigung von Adh\u00e4sionsgreifern\" class=\"read-more\" href=\"https:\/\/inlabtec.com\/de\/2026\/02\/06\/adhaesionsgreifer-reinigung-anleitung\/\" aria-label=\"Mehr bei Neue Anleitung: Trockenreinigung von Adh\u00e4sionsgreifern\">Weiterlesen &#8230;<\/a><\/div><\/li>\n<li><a class=\"wp-block-latest-posts__post-title\" href=\"https:\/\/inlabtec.com\/de\/2025\/06\/04\/serienverduennung-mit-inlabtec\/\">Wir haben die Labore gefragt \u2013 das haben sie gesagt<\/a><time datetime=\"2025-06-04T14:27:21+01:00\" class=\"wp-block-latest-posts__post-date\">Juni 4, 2025<\/time><div class=\"wp-block-latest-posts__post-excerpt\">Serienverd\u00fcnnung mit Inlabtec bietet Laboren eine einfache L\u00f6sung f\u00fcr ein komplexes Problem: &#8230; <a title=\"Wir haben die Labore gefragt \u2013 das haben sie gesagt\" class=\"read-more\" href=\"https:\/\/inlabtec.com\/de\/2025\/06\/04\/serienverduennung-mit-inlabtec\/\" aria-label=\"Mehr bei Wir haben die Labore gefragt \u2013 das haben sie gesagt\">Weiterlesen &#8230;<\/a><\/div><\/li>\n<\/ul>\n\n\n<p><\/p>\n","protected":false},"excerpt":{"rendered":"<p>Innovatives Beutelsystem zur automatischen Verd\u00fcnnung mikrobiologischer Proben Haben Sie genug von m\u00fchsamen manuellen Verd\u00fcnnungen f\u00fcr mikrobiologische Pr\u00fcfungen? Suchen Sie nach einer effizienteren und umweltfreundlicheren L\u00f6sung? Entdecken Sie, wie unsere innovative Technologie Ihre Arbeitsprozesse rationalisieren, die Umweltbelastung verringern und die Produktivit\u00e4t steigern kann. Verabschieden Sie sich vom m\u00fchsamen Waschen, F\u00fcllen und Sterilisieren von Reagenzgl\u00e4sern &#8211; testen &#8230; <a title=\"Startseite\" class=\"read-more\" href=\"https:\/\/inlabtec.com\/de\/\" aria-label=\"Mehr bei Startseite\">Weiterlesen &#8230;<\/a><\/p>\n","protected":false},"author":1,"featured_media":0,"parent":0,"menu_order":0,"comment_status":"closed","ping_status":"closed","template":"","meta":{"_coblocks_attr":"","_coblocks_dimensions":"","_coblocks_responsive_height":"","_coblocks_accordion_ie_support":""},"acf":[],"yoast_head":"<!-- This site is optimized with the Yoast SEO plugin v19.3 - https:\/\/yoast.com\/wordpress\/plugins\/seo\/ -->\n<title>Inlabtec - Die neue Art der seriellen Verd\u00fcnnung<\/title>\n<meta name=\"description\" content=\"Inlabtec reformiert die serielle Verd\u00fcnnung zur Keimzahlbestimmung. \u2713 effizient und anwenderfreundlich \u2713 ohne Reagenzgl\u00e4ser \u2713 nachhaltig\" \/>\n<meta name=\"robots\" content=\"index, follow, max-snippet:-1, max-image-preview:large, max-video-preview:-1\" \/>\n<link rel=\"canonical\" href=\"https:\/\/inlabtec.com\/de\/\" \/>\n<meta property=\"og:locale\" content=\"de_DE\" \/>\n<meta property=\"og:type\" content=\"article\" \/>\n<meta property=\"og:title\" content=\"Inlabtec - Die neue Art der seriellen Verd\u00fcnnung\" \/>\n<meta property=\"og:description\" content=\"Inlabtec reformiert die serielle Verd\u00fcnnung zur Keimzahlbestimmung. \u2713 effizient und anwenderfreundlich \u2713 ohne Reagenzgl\u00e4ser \u2713 nachhaltig\" \/>\n<meta property=\"og:url\" content=\"https:\/\/inlabtec.com\/de\/\" \/>\n<meta property=\"og:site_name\" content=\"Inlabtec\" \/>\n<meta property=\"article:modified_time\" content=\"2024-01-04T13:49:59+00:00\" \/>\n<meta property=\"og:image\" content=\"https:\/\/inlabtec.com\/wp-content\/uploads\/2023\/12\/K_Beutel-herausziehen-3-1024x1024.png\" \/>\n<meta name=\"twitter:card\" content=\"summary_large_image\" \/>\n<meta name=\"twitter:label1\" content=\"Gesch\u00e4tzte Lesezeit\" \/>\n\t<meta name=\"twitter:data1\" content=\"2\u00a0Minuten\" \/>\n<script type=\"application\/ld+json\" class=\"yoast-schema-graph\">{\"@context\":\"https:\/\/schema.org\",\"@graph\":[{\"@type\":\"Organization\",\"@id\":\"https:\/\/inlabtec.com\/#organization\",\"name\":\"Inlabtec\",\"url\":\"https:\/\/inlabtec.com\/\",\"sameAs\":[],\"logo\":{\"@type\":\"ImageObject\",\"inLanguage\":\"de\",\"@id\":\"https:\/\/inlabtec.com\/#\/schema\/logo\/image\/\",\"url\":\"https:\/\/inlabtec.com\/wp-content\/uploads\/2020\/11\/Inlabtec_Logo_Transparent-1.png\",\"contentUrl\":\"https:\/\/inlabtec.com\/wp-content\/uploads\/2020\/11\/Inlabtec_Logo_Transparent-1.png\",\"width\":320,\"height\":67,\"caption\":\"Inlabtec\"},\"image\":{\"@id\":\"https:\/\/inlabtec.com\/#\/schema\/logo\/image\/\"}},{\"@type\":\"WebSite\",\"@id\":\"https:\/\/inlabtec.com\/#website\",\"url\":\"https:\/\/inlabtec.com\/\",\"name\":\"Inlabtec\",\"description\":\"Inlabtec\",\"publisher\":{\"@id\":\"https:\/\/inlabtec.com\/#organization\"},\"potentialAction\":[{\"@type\":\"SearchAction\",\"target\":{\"@type\":\"EntryPoint\",\"urlTemplate\":\"https:\/\/inlabtec.com\/?s={search_term_string}\"},\"query-input\":\"required name=search_term_string\"}],\"inLanguage\":\"de\"},{\"@type\":\"ImageObject\",\"inLanguage\":\"de\",\"@id\":\"https:\/\/inlabtec.com\/de\/#primaryimage\",\"url\":\"https:\/\/inlabtec.com\/wp-content\/uploads\/2023\/12\/K_Beutel-herausziehen-3.png\",\"contentUrl\":\"https:\/\/inlabtec.com\/wp-content\/uploads\/2023\/12\/K_Beutel-herausziehen-3.png\",\"width\":1080,\"height\":1080},{\"@type\":\"WebPage\",\"@id\":\"https:\/\/inlabtec.com\/de\/\",\"url\":\"https:\/\/inlabtec.com\/de\/\",\"name\":\"Inlabtec - Die neue Art der seriellen Verd\u00fcnnung\",\"isPartOf\":{\"@id\":\"https:\/\/inlabtec.com\/#website\"},\"primaryImageOfPage\":{\"@id\":\"https:\/\/inlabtec.com\/de\/#primaryimage\"},\"datePublished\":\"2020-10-28T09:19:29+00:00\",\"dateModified\":\"2024-01-04T13:49:59+00:00\",\"description\":\"Inlabtec reformiert die serielle Verd\u00fcnnung zur Keimzahlbestimmung. \u2713 effizient und anwenderfreundlich \u2713 ohne Reagenzgl\u00e4ser \u2713 nachhaltig\",\"breadcrumb\":{\"@id\":\"https:\/\/inlabtec.com\/de\/#breadcrumb\"},\"inLanguage\":\"de\",\"potentialAction\":[{\"@type\":\"ReadAction\",\"target\":[\"https:\/\/inlabtec.com\/de\/\"]}]},{\"@type\":\"BreadcrumbList\",\"@id\":\"https:\/\/inlabtec.com\/de\/#breadcrumb\",\"itemListElement\":[{\"@type\":\"ListItem\",\"position\":1,\"name\":\"Startseite\",\"item\":\"https:\/\/inlabtec.com\/de\/\"},{\"@type\":\"ListItem\",\"position\":2,\"name\":\"Startseite\"}]}]}<\/script>\n<!-- \/ Yoast SEO plugin. -->","yoast_head_json":{"title":"Inlabtec - Die neue Art der seriellen Verd\u00fcnnung","description":"Inlabtec reformiert die serielle Verd\u00fcnnung zur Keimzahlbestimmung. \u2713 effizient und anwenderfreundlich \u2713 ohne Reagenzgl\u00e4ser \u2713 nachhaltig","robots":{"index":"index","follow":"follow","max-snippet":"max-snippet:-1","max-image-preview":"max-image-preview:large","max-video-preview":"max-video-preview:-1"},"canonical":"https:\/\/inlabtec.com\/de\/","og_locale":"de_DE","og_type":"article","og_title":"Inlabtec - Die neue Art der seriellen Verd\u00fcnnung","og_description":"Inlabtec reformiert die serielle Verd\u00fcnnung zur Keimzahlbestimmung. \u2713 effizient und anwenderfreundlich \u2713 ohne Reagenzgl\u00e4ser \u2713 nachhaltig","og_url":"https:\/\/inlabtec.com\/de\/","og_site_name":"Inlabtec","article_modified_time":"2024-01-04T13:49:59+00:00","og_image":[{"url":"https:\/\/inlabtec.com\/wp-content\/uploads\/2023\/12\/K_Beutel-herausziehen-3-1024x1024.png"}],"twitter_card":"summary_large_image","twitter_misc":{"Gesch\u00e4tzte Lesezeit":"2\u00a0Minuten"},"schema":{"@context":"https:\/\/schema.org","@graph":[{"@type":"Organization","@id":"https:\/\/inlabtec.com\/#organization","name":"Inlabtec","url":"https:\/\/inlabtec.com\/","sameAs":[],"logo":{"@type":"ImageObject","inLanguage":"de","@id":"https:\/\/inlabtec.com\/#\/schema\/logo\/image\/","url":"https:\/\/inlabtec.com\/wp-content\/uploads\/2020\/11\/Inlabtec_Logo_Transparent-1.png","contentUrl":"https:\/\/inlabtec.com\/wp-content\/uploads\/2020\/11\/Inlabtec_Logo_Transparent-1.png","width":320,"height":67,"caption":"Inlabtec"},"image":{"@id":"https:\/\/inlabtec.com\/#\/schema\/logo\/image\/"}},{"@type":"WebSite","@id":"https:\/\/inlabtec.com\/#website","url":"https:\/\/inlabtec.com\/","name":"Inlabtec","description":"Inlabtec","publisher":{"@id":"https:\/\/inlabtec.com\/#organization"},"potentialAction":[{"@type":"SearchAction","target":{"@type":"EntryPoint","urlTemplate":"https:\/\/inlabtec.com\/?s={search_term_string}"},"query-input":"required name=search_term_string"}],"inLanguage":"de"},{"@type":"ImageObject","inLanguage":"de","@id":"https:\/\/inlabtec.com\/de\/#primaryimage","url":"https:\/\/inlabtec.com\/wp-content\/uploads\/2023\/12\/K_Beutel-herausziehen-3.png","contentUrl":"https:\/\/inlabtec.com\/wp-content\/uploads\/2023\/12\/K_Beutel-herausziehen-3.png","width":1080,"height":1080},{"@type":"WebPage","@id":"https:\/\/inlabtec.com\/de\/","url":"https:\/\/inlabtec.com\/de\/","name":"Inlabtec - Die neue Art der seriellen Verd\u00fcnnung","isPartOf":{"@id":"https:\/\/inlabtec.com\/#website"},"primaryImageOfPage":{"@id":"https:\/\/inlabtec.com\/de\/#primaryimage"},"datePublished":"2020-10-28T09:19:29+00:00","dateModified":"2024-01-04T13:49:59+00:00","description":"Inlabtec reformiert die serielle Verd\u00fcnnung zur Keimzahlbestimmung. \u2713 effizient und anwenderfreundlich \u2713 ohne Reagenzgl\u00e4ser \u2713 nachhaltig","breadcrumb":{"@id":"https:\/\/inlabtec.com\/de\/#breadcrumb"},"inLanguage":"de","potentialAction":[{"@type":"ReadAction","target":["https:\/\/inlabtec.com\/de\/"]}]},{"@type":"BreadcrumbList","@id":"https:\/\/inlabtec.com\/de\/#breadcrumb","itemListElement":[{"@type":"ListItem","position":1,"name":"Startseite","item":"https:\/\/inlabtec.com\/de\/"},{"@type":"ListItem","position":2,"name":"Startseite"}]}]}},"_links":{"self":[{"href":"https:\/\/inlabtec.com\/de\/wp-json\/wp\/v2\/pages\/47"}],"collection":[{"href":"https:\/\/inlabtec.com\/de\/wp-json\/wp\/v2\/pages"}],"about":[{"href":"https:\/\/inlabtec.com\/de\/wp-json\/wp\/v2\/types\/page"}],"author":[{"embeddable":true,"href":"https:\/\/inlabtec.com\/de\/wp-json\/wp\/v2\/users\/1"}],"replies":[{"embeddable":true,"href":"https:\/\/inlabtec.com\/de\/wp-json\/wp\/v2\/comments?post=47"}],"version-history":[{"count":58,"href":"https:\/\/inlabtec.com\/de\/wp-json\/wp\/v2\/pages\/47\/revisions"}],"predecessor-version":[{"id":8635,"href":"https:\/\/inlabtec.com\/de\/wp-json\/wp\/v2\/pages\/47\/revisions\/8635"}],"wp:attachment":[{"href":"https:\/\/inlabtec.com\/de\/wp-json\/wp\/v2\/media?parent=47"}],"curies":[{"name":"wp","href":"https:\/\/api.w.org\/{rel}","templated":true}]}}