{"id":4330,"date":"2021-03-25T10:49:17","date_gmt":"2021-03-25T09:49:17","guid":{"rendered":"https:\/\/inlabtec.com\/homogenizer-bags-copy\/"},"modified":"2025-01-03T17:23:04","modified_gmt":"2025-01-03T16:23:04","slug":"homogenizer-bags","status":"publish","type":"page","link":"https:\/\/inlabtec.com\/de\/homogenizer-bags\/","title":{"rendered":"Homogenizer Bags"},"content":{"rendered":"\n<figure class=\"wp-block-image size-large\"><img loading=\"lazy\" width=\"570\" height=\"427\" src=\"https:\/\/inlabtec.com\/wp-content\/uploads\/2020\/11\/142074_inlabtec_0012_v3_web-1.png\" alt=\"\" class=\"wp-image-795\" srcset=\"https:\/\/inlabtec.com\/wp-content\/uploads\/2020\/11\/142074_inlabtec_0012_v3_web-1.png 570w, https:\/\/inlabtec.com\/wp-content\/uploads\/2020\/11\/142074_inlabtec_0012_v3_web-1-300x225.png 300w\" sizes=\"(max-width: 570px) 100vw, 570px\" \/><\/figure>\n\n\n\n<div style=\"height:20px\" aria-hidden=\"true\" class=\"wp-block-spacer\"><\/div>\n\n\n\n<h1>Homogenizer Bags f\u00fcr die einfachste und sicherste Probenentnahme nach dem Homogenisieren<\/h1>\n\n\n\n<p>Die Inlabtec Homogenizer Bags sind mit allen Homogenisatoren kompatibel und sind als einzige mit einer kurzen Abschweissung an der Beutel\u00f6ffnung ausger\u00fcstet. Dadurch k\u00f6nnen die Beutel seitlich umgelegt werden, ohne das Fl\u00fcssigkeit austritt. Das erm\u00f6glicht die effiziente und komfortable Probenentnahme ohne ein Kontaminations-Risiko f\u00fcr die Pipette.<\/p>\n\n\n\n<div style=\"height:20px\" aria-hidden=\"true\" class=\"wp-block-spacer\"><\/div>\n\n\n\n<figure class=\"wp-block-image size-large\"><img loading=\"lazy\" width=\"570\" height=\"427\" src=\"https:\/\/inlabtec.com\/wp-content\/uploads\/2020\/11\/142074_inlabtec_0033_web-1.png\" alt=\"\" class=\"wp-image-796\" srcset=\"https:\/\/inlabtec.com\/wp-content\/uploads\/2020\/11\/142074_inlabtec_0033_web-1.png 570w, https:\/\/inlabtec.com\/wp-content\/uploads\/2020\/11\/142074_inlabtec_0033_web-1-300x225.png 300w\" sizes=\"(max-width: 570px) 100vw, 570px\" \/><\/figure>\n\n\n\n<h2>Gleicher Homogenisierungsgrad mit oder ohne Filter<\/h2>\n\n\n\n<p>Die Homogenizer Bags Filter haben den Probenfilter im Beuteleingangsbereich integriert. Dadurch hat die Probenart keinen Einfluss auf die Homogenisierung und der Probenfilter bleibt w\u00e4hrend der Homogenisierung im Stomacher garantiert unversehrt. Erst mit dem Umlegen des Beutels wird der Inhalt f\u00fcr die partikelfreie Probenentnahme filtriert.<\/p>\n\n\n\n<div style=\"height:10px\" aria-hidden=\"true\" class=\"wp-block-spacer\"><\/div>\n\n\n\n<div class=\"wp-block-coblocks-accordion\">\n<div class=\"wp-block-coblocks-accordion-item\"><details><summary class=\"wp-block-coblocks-accordion-item__title has-background\" style=\"background-color:#a1c516\">Spezifikationen Homogenizer Bags<\/summary><div class=\"wp-block-coblocks-accordion-item__content\" style=\"border-color:#a1c516\">\n\n<table id=\"tablepress-61\" class=\"tablepress tablepress-id-61\">\n<tbody>\n<tr class=\"row-1\">\n\t<td class=\"column-1\">Verwendung\/<br \/>\nAusf\u00fchrung<\/td><td class=\"column-2\"><\/td><td class=\"column-3\">Kompatibel mit allen bekannten Homogenisatoren\/ Stomachern Erh\u00e4ltlich mit oder ohne Filtereinsatz <\/td>\n<\/tr>\n<tr class=\"row-2\">\n\t<td class=\"column-1\">Abmessungen<\/td><td class=\"column-2\"><\/td><td class=\"column-3\">180 mm x 300 mm<\/td>\n<\/tr>\n<tr class=\"row-3\">\n\t<td class=\"column-1\">Max. Volumen<\/td><td class=\"column-2\"><\/td><td class=\"column-3\">400 ml<\/td>\n<\/tr>\n<tr class=\"row-4\">\n\t<td class=\"column-1\">Material<\/td><td class=\"column-2\"><\/td><td class=\"column-3\">Erst-Granulat Polyethylen (PE), frei von Trennmitteln, Weichmachern und Schwermetallen, transparent, z\u00e4h und reissfest<\/td>\n<\/tr>\n<tr class=\"row-5\">\n\t<td class=\"column-1\">Materialst\u00e4rke<\/td><td class=\"column-2\"><\/td><td class=\"column-3\">65 \u00b5m<\/td>\n<\/tr>\n<tr class=\"row-6\">\n\t<td class=\"column-1\">Sterilitsation<\/td><td class=\"column-2\"><\/td><td class=\"column-3\">Strahlensterilisiert gem\u00e4ss ISO 1137-1\/ -2<\/td>\n<\/tr>\n<tr class=\"row-7\">\n\t<td class=\"column-1\">Filter<br \/>\n<\/td><td class=\"column-2\"><\/td><td class=\"column-3\">Vlies aus Polypropylen (PP), 40 mm x 40 mm<\/td>\n<\/tr>\n<tr class=\"row-8\">\n\t<td class=\"column-1\">Verpackung<br \/>\n<p><a id=\"SpezRack\"\/><\/p><\/td><td class=\"column-2\"><\/td><td class=\"column-3\">50 St\u00fcck Bags eingeschweisst in einem PE-Beutel mit Markierung der Entnahmeseite<\/td>\n<\/tr>\n<\/tbody>\n<\/table>\n<!-- #tablepress-61 from cache -->\n<\/div><\/details><\/div>\n\n\n\n<div class=\"wp-block-coblocks-accordion-item\"><details><summary class=\"wp-block-coblocks-accordion-item__title has-background\" style=\"background-color:#a1c516\">Preise und Lieferumfang Homogenizer Bags<\/summary><div class=\"wp-block-coblocks-accordion-item__content\" style=\"border-color:#a1c516\">\n<p>Die Homogenizer Bags sind <strong>nur in der Schweiz<\/strong> erh\u00e4ltlich. Die aufgef\u00fchrten Preise sind in CHF exkl. MWST.<\/p>\n\n\n\n<div style=\"height:20px\" aria-hidden=\"true\" class=\"wp-block-spacer\"><\/div>\n\n\n\n\n<table id=\"tablepress-109\" class=\"tablepress tablepress-id-109\">\n<tbody>\n<tr class=\"row-1\">\n\t<td class=\"column-1\">Artikel<\/td><td class=\"column-2\">Bezeichnung<\/td><td class=\"column-3\">Anzahl<\/td><td class=\"column-4\">Preis<\/td>\n<\/tr>\n<tr class=\"row-2\">\n\t<td class=\"column-1\">100120<\/td><td class=\"column-2\">Homogenizer Bags, 180 mm x 300 mm, 65 \u00b5m Polyethylen (PE), steril<br \/>\n50 Bags\/ Verpackungseinheit<br \/>\n<img src=\"https:\/\/inlabtec.com\/wp-content\/uploads\/2020\/11\/Homogenizer_Bag_100120.png\" alt=\"\" width=\"170\" height=\"158\" class=\"alignnone size-full wp-image-149\"\/><\/td><td class=\"column-3\">1+<br \/>\n10+<br \/>\n20+<\/td><td class=\"column-4\">27.25<br \/>\n24.52<br \/>\n22.02<\/td>\n<\/tr>\n<tr class=\"row-3\">\n\t<td class=\"column-1\">100125<\/td><td class=\"column-2\">Homogenizer Bags Filter, mit Probenfilter,  180 mm x 300 mm, 65 \u00b5m Polyethylen (PE), steril, 50 Bags\/ Verpackungseinheit<br \/>\n<img src=\"https:\/\/inlabtec.com\/wp-content\/uploads\/2020\/11\/Homogenizer_Bags_100125.jpg\" alt=\"\" width=\"170\" height=\"158\" class=\"alignnone size-full wp-image-149\"\/><\/td><td class=\"column-3\">1+<br \/>\n10+<br \/>\n20+<\/td><td class=\"column-4\">47.80<br \/>\n43.36<br \/>\n39.40<\/td>\n<\/tr>\n<\/tbody>\n<\/table>\n<!-- #tablepress-109 from cache -->\n<\/div><\/details><\/div>\n<\/div>\n\n\n\n<div style=\"height:20px\" aria-hidden=\"true\" class=\"wp-block-spacer\"><\/div>\n\n\n\n<div style=\"height:30px\" aria-hidden=\"true\" class=\"wp-block-spacer\"><\/div>\n\n\n\n<figure class=\"wp-block-image size-large\"><img loading=\"lazy\" width=\"570\" height=\"404\" src=\"https:\/\/inlabtec.com\/wp-content\/uploads\/2020\/11\/RackTilter-1-e1606143556469.png\" alt=\"\" class=\"wp-image-1766\" srcset=\"https:\/\/inlabtec.com\/wp-content\/uploads\/2020\/11\/RackTilter-1-e1606143556469.png 570w, https:\/\/inlabtec.com\/wp-content\/uploads\/2020\/11\/RackTilter-1-e1606143556469-300x213.png 300w\" sizes=\"(max-width: 570px) 100vw, 570px\" \/><\/figure>\n\n\n\n<div style=\"height:10px\" aria-hidden=\"true\" class=\"wp-block-spacer\"><\/div>\n\n\n\n<h2>Saubere und komfortable Probenentnahme unabh\u00e4ngig vom Probenvolumen<\/h2>\n\n\n\n<p>Im Rack k\u00f6nnen bis zu f\u00fcnf Homogenizer Bags platzsparend aufbewahrt werden. Zur Probenentnahme aus den einzelnen Beuteln wird das Rack umgelegt. Bei mehr als 150 ml Beutelinhalt wird das Rack auf dem Rack Tilter umgelegt. So ist der Beutelinhalt f\u00fcr die Pipette zug\u00e4nglich, ohne dass Fl\u00fcssigkeit austritt. Die obere Position des Rack Tilter ist &nbsp;f\u00fcr 150 bis 350 ml und die untere f\u00fcr 350 bis 500 ml Beutelinhalt bestimmt.<\/p>\n\n\n\n<div style=\"height:10px\" aria-hidden=\"true\" class=\"wp-block-spacer\"><\/div>\n\n\n\n<div class=\"wp-block-coblocks-accordion\">\n<div class=\"wp-block-coblocks-accordion-item\"><details><summary class=\"wp-block-coblocks-accordion-item__title has-background\" style=\"background-color:#a1c516\">Spezifikationen Rack zu Homogenizer Bags<\/summary><div class=\"wp-block-coblocks-accordion-item__content\" style=\"border-color:#a1c516\">\n\n<table id=\"tablepress-62\" class=\"tablepress tablepress-id-62\">\n<tbody>\n<tr class=\"row-1\">\n\t<td class=\"column-1\"><p><strong>Rack<\/strong><\/p><\/td><td class=\"column-2\"><\/td><td class=\"column-3\"><\/td>\n<\/tr>\n<tr class=\"row-2\">\n\t<td class=\"column-1\">Verwendung<\/td><td class=\"column-2\"><\/td><td class=\"column-3\">Das Rack bietet Platz f\u00fcr bis zu f\u00fcnf Homogenizer Bags. F\u00fcr die Probenentnahme aus den Inlabtec Homogenizer Bags mit max. 150 ml Inhalt wird das Rack einfach umgelegt.<\/td>\n<\/tr>\n<tr class=\"row-3\">\n\t<td class=\"column-1\">Material<\/td><td class=\"column-2\"><\/td><td class=\"column-3\">Rostfreier Stahl, autoklavierbar<\/td>\n<\/tr>\n<tr class=\"row-4\">\n\t<td class=\"column-1\">Abmessungen<br \/>\n(B x H x T)<\/td><td class=\"column-2\"><\/td><td class=\"column-3\">160 mm x 300 mm x 170 mm<\/td>\n<\/tr>\n<tr class=\"row-5\">\n\t<td class=\"column-1\">Gewicht<\/td><td class=\"column-2\"><\/td><td class=\"column-3\">1.7 kg<\/td>\n<\/tr>\n<\/tbody>\n<\/table>\n<!-- #tablepress-62 from cache -->\n\n\n\n\n<table id=\"tablepress-63\" class=\"tablepress tablepress-id-63\">\n<tbody>\n<tr class=\"row-1\">\n\t<td class=\"column-1\"><p><strong>Rack Tilter<\/strong><\/p><\/td><td class=\"column-2\"><\/td><td class=\"column-3\"><\/td>\n<\/tr>\n<tr class=\"row-2\">\n\t<td class=\"column-1\">Verwendung<\/td><td class=\"column-2\"><\/td><td class=\"column-3\">Der Rack Tilter erm\u00f6glicht dem Rack zwei zus\u00e4tzliche Neigungswinkel f\u00fcr die Probenentnahme aus Inlabtec Homogenizer Bags mit 150 \u2013 350 ml und 350-500 ml Inhalt.<\/td>\n<\/tr>\n<tr class=\"row-3\">\n\t<td class=\"column-1\">Material<\/td><td class=\"column-2\"><\/td><td class=\"column-3\">Rostfreier Stahl, autoklavierbar<\/td>\n<\/tr>\n<tr class=\"row-4\">\n\t<td class=\"column-1\">Abmessungen<br \/>\n(B x H x T)<\/td><td class=\"column-2\"><\/td><td class=\"column-3\">110 mm x 60 mm x 210 mm<\/td>\n<\/tr>\n<tr class=\"row-5\">\n\t<td class=\"column-1\">Gewicht<br \/>\n<p><a id=\"SpezBoard\"\/><\/p><\/td><td class=\"column-2\"><\/td><td class=\"column-3\">0.3 kg<\/td>\n<\/tr>\n<\/tbody>\n<\/table>\n<!-- #tablepress-63 from cache -->\n<\/div><\/details><\/div>\n\n\n\n<div class=\"wp-block-coblocks-accordion-item\"><details><summary class=\"wp-block-coblocks-accordion-item__title has-background\" style=\"background-color:#a1c516\">Preise und Lieferumfang Rack zu Homogenizer Bags<\/summary><div class=\"wp-block-coblocks-accordion-item__content\" style=\"border-color:#a1c516\">\n<p> Das Rack f\u00fcr Homogenizer Bags ist <strong>nur in der Schweiz<\/strong> erh\u00e4ltlich. Die aufgef\u00fchrten Preise sind in CHF exkl. MWST. <\/p>\n\n\n\n<div style=\"height:20px\" aria-hidden=\"true\" class=\"wp-block-spacer\"><\/div>\n\n\n\n\n<table id=\"tablepress-112\" class=\"tablepress tablepress-id-112\">\n<tbody>\n<tr class=\"row-1\">\n\t<td class=\"column-1\">Artikel<br \/>\n<\/td><td class=\"column-2\">Bezeichnung<\/td><td class=\"column-3\">Anzahl<\/td><td class=\"column-4\">Preis<\/td>\n<\/tr>\n<tr class=\"row-2\">\n\t<td class=\"column-1\">100130<br \/>\n<\/td><td class=\"column-2\">Rack f\u00fcr die Probenentnahme bei bis zu 5 Homogenizer Bags, Edelstahl, rostfrei, vollst\u00e4ndig autoklavierbar<br \/>\n<img src=https:\/\/inlabtec.com\/wp-content\/uploads\/2020\/11\/Rack_100130.png\" alt=\"\" width=\"170\" height=\"117\" class=\"alignnone size-full wp-image-149\"\/><\/td><td class=\"column-3\">1<\/td><td class=\"column-4\">334.95<\/td>\n<\/tr>\n<tr class=\"row-3\">\n\t<td class=\"column-1\">100131<\/td><td class=\"column-2\">Rack Tilter zu Rack 100130, f\u00fcr die Probenentnahme aus Homogenizer Bags mit Volumen 150 - 350 ml und 350 - 500 ml, Edelstahl, rostfrei, vollst\u00e4ndig autoklavierbar<br \/>\n<img src=\"https:\/\/inlabtec.com\/wp-content\/uploads\/2020\/11\/Rack_Tilter_100131.png\" alt=\"\" width=\"170\" height=\"117\" class=\"alignnone size-full wp-image-149\"\/><\/td><td class=\"column-3\">1<\/td><td class=\"column-4\">52.00<\/td>\n<\/tr>\n<\/tbody>\n<\/table>\n<!-- #tablepress-112 from cache -->\n<\/div><\/details><\/div>\n<\/div>\n\n\n\n<div class=\"wp-block-coblocks-accordion\">\n<div class=\"wp-block-coblocks-accordion-item\"><\/div>\n<\/div>\n\n\n\n<div style=\"height:20px\" aria-hidden=\"true\" class=\"wp-block-spacer\"><\/div>\n\n\n\n<div style=\"height:20px\" aria-hidden=\"true\" class=\"wp-block-spacer\"><\/div>\n\n\n\n<p>Weitere Informationen zur Verwendung unserer Produkte finden Sie unter <a href=\"https:\/\/inlabtec.com\/de\/support\/\">Support<\/a>.<\/p>\n","protected":false},"excerpt":{"rendered":"<p>Homogenizer Bags f\u00fcr die einfachste und sicherste Probenentnahme nach dem Homogenisieren Die Inlabtec Homogenizer Bags sind mit allen Homogenisatoren kompatibel und sind als einzige mit einer kurzen Abschweissung an der Beutel\u00f6ffnung ausger\u00fcstet. Dadurch k\u00f6nnen die Beutel seitlich umgelegt werden, ohne das Fl\u00fcssigkeit austritt. Das erm\u00f6glicht die effiziente und komfortable Probenentnahme ohne ein Kontaminations-Risiko f\u00fcr die &#8230; <a title=\"Homogenizer Bags\" class=\"read-more\" href=\"https:\/\/inlabtec.com\/de\/homogenizer-bags\/\" aria-label=\"Mehr bei Homogenizer Bags\">Weiterlesen &#8230;<\/a><\/p>\n","protected":false},"author":1,"featured_media":0,"parent":0,"menu_order":0,"comment_status":"closed","ping_status":"closed","template":"","meta":{"_coblocks_attr":"","_coblocks_dimensions":"","_coblocks_responsive_height":"","_coblocks_accordion_ie_support":""},"acf":[],"yoast_head":"<!-- This site is optimized with the Yoast SEO plugin v19.3 - https:\/\/yoast.com\/wordpress\/plugins\/seo\/ -->\n<title>Inlabtec Homogenizer Bags- f\u00fcr die einfachste &amp; sicherste Probennahme<\/title>\n<meta name=\"description\" content=\"Homogenizer Bags f\u00fcr die einfache und sichere Probenentnahme. \u2713 f\u00fcr alle Stomacher \u2713bequeme Probenentnahme \u2713 kein Kontaminationsrisiko\" \/>\n<meta name=\"robots\" content=\"index, follow, max-snippet:-1, max-image-preview:large, max-video-preview:-1\" \/>\n<link rel=\"canonical\" href=\"https:\/\/inlabtec.com\/de\/homogenizer-bags\/\" \/>\n<meta property=\"og:locale\" content=\"de_DE\" \/>\n<meta property=\"og:type\" content=\"article\" \/>\n<meta property=\"og:title\" content=\"Inlabtec Homogenizer Bags- f\u00fcr die einfachste &amp; sicherste Probennahme\" \/>\n<meta property=\"og:description\" content=\"Homogenizer Bags f\u00fcr die einfache und sichere Probenentnahme. \u2713 f\u00fcr alle Stomacher \u2713bequeme Probenentnahme \u2713 kein Kontaminationsrisiko\" \/>\n<meta property=\"og:url\" content=\"https:\/\/inlabtec.com\/de\/homogenizer-bags\/\" \/>\n<meta property=\"og:site_name\" content=\"Inlabtec\" \/>\n<meta property=\"article:modified_time\" content=\"2025-01-03T16:23:04+00:00\" \/>\n<meta property=\"og:image\" content=\"https:\/\/inlabtec.com\/wp-content\/uploads\/2020\/11\/142074_inlabtec_0012_v3_web-1.png\" \/>\n<meta name=\"twitter:card\" content=\"summary_large_image\" \/>\n<meta name=\"twitter:label1\" content=\"Gesch\u00e4tzte Lesezeit\" \/>\n\t<meta name=\"twitter:data1\" content=\"2\u00a0Minuten\" \/>\n<script type=\"application\/ld+json\" class=\"yoast-schema-graph\">{\"@context\":\"https:\/\/schema.org\",\"@graph\":[{\"@type\":\"Organization\",\"@id\":\"https:\/\/inlabtec.com\/#organization\",\"name\":\"Inlabtec\",\"url\":\"https:\/\/inlabtec.com\/\",\"sameAs\":[],\"logo\":{\"@type\":\"ImageObject\",\"inLanguage\":\"de\",\"@id\":\"https:\/\/inlabtec.com\/#\/schema\/logo\/image\/\",\"url\":\"https:\/\/inlabtec.com\/wp-content\/uploads\/2020\/11\/Inlabtec_Logo_Transparent-1.png\",\"contentUrl\":\"https:\/\/inlabtec.com\/wp-content\/uploads\/2020\/11\/Inlabtec_Logo_Transparent-1.png\",\"width\":320,\"height\":67,\"caption\":\"Inlabtec\"},\"image\":{\"@id\":\"https:\/\/inlabtec.com\/#\/schema\/logo\/image\/\"}},{\"@type\":\"WebSite\",\"@id\":\"https:\/\/inlabtec.com\/#website\",\"url\":\"https:\/\/inlabtec.com\/\",\"name\":\"Inlabtec\",\"description\":\"Inlabtec\",\"publisher\":{\"@id\":\"https:\/\/inlabtec.com\/#organization\"},\"potentialAction\":[{\"@type\":\"SearchAction\",\"target\":{\"@type\":\"EntryPoint\",\"urlTemplate\":\"https:\/\/inlabtec.com\/?s={search_term_string}\"},\"query-input\":\"required name=search_term_string\"}],\"inLanguage\":\"de\"},{\"@type\":\"ImageObject\",\"inLanguage\":\"de\",\"@id\":\"https:\/\/inlabtec.com\/de\/homogenizer-bags\/#primaryimage\",\"url\":\"https:\/\/inlabtec.com\/wp-content\/uploads\/2020\/11\/142074_inlabtec_0012_v3_web-1.png\",\"contentUrl\":\"https:\/\/inlabtec.com\/wp-content\/uploads\/2020\/11\/142074_inlabtec_0012_v3_web-1.png\",\"width\":570,\"height\":427},{\"@type\":\"WebPage\",\"@id\":\"https:\/\/inlabtec.com\/de\/homogenizer-bags\/\",\"url\":\"https:\/\/inlabtec.com\/de\/homogenizer-bags\/\",\"name\":\"Inlabtec Homogenizer Bags- f\u00fcr die einfachste & sicherste Probennahme\",\"isPartOf\":{\"@id\":\"https:\/\/inlabtec.com\/#website\"},\"primaryImageOfPage\":{\"@id\":\"https:\/\/inlabtec.com\/de\/homogenizer-bags\/#primaryimage\"},\"datePublished\":\"2021-03-25T09:49:17+00:00\",\"dateModified\":\"2025-01-03T16:23:04+00:00\",\"description\":\"Homogenizer Bags f\u00fcr die einfache und sichere Probenentnahme. \u2713 f\u00fcr alle Stomacher \u2713bequeme Probenentnahme \u2713 kein Kontaminationsrisiko\",\"breadcrumb\":{\"@id\":\"https:\/\/inlabtec.com\/de\/homogenizer-bags\/#breadcrumb\"},\"inLanguage\":\"de\",\"potentialAction\":[{\"@type\":\"ReadAction\",\"target\":[\"https:\/\/inlabtec.com\/de\/homogenizer-bags\/\"]}]},{\"@type\":\"BreadcrumbList\",\"@id\":\"https:\/\/inlabtec.com\/de\/homogenizer-bags\/#breadcrumb\",\"itemListElement\":[{\"@type\":\"ListItem\",\"position\":1,\"name\":\"Startseite\",\"item\":\"https:\/\/inlabtec.com\/de\/\"},{\"@type\":\"ListItem\",\"position\":2,\"name\":\"Homogenizer Bags\"}]}]}<\/script>\n<!-- \/ Yoast SEO plugin. -->","yoast_head_json":{"title":"Inlabtec Homogenizer Bags- f\u00fcr die einfachste & sicherste Probennahme","description":"Homogenizer Bags f\u00fcr die einfache und sichere Probenentnahme. \u2713 f\u00fcr alle Stomacher \u2713bequeme Probenentnahme \u2713 kein Kontaminationsrisiko","robots":{"index":"index","follow":"follow","max-snippet":"max-snippet:-1","max-image-preview":"max-image-preview:large","max-video-preview":"max-video-preview:-1"},"canonical":"https:\/\/inlabtec.com\/de\/homogenizer-bags\/","og_locale":"de_DE","og_type":"article","og_title":"Inlabtec Homogenizer Bags- f\u00fcr die einfachste & sicherste Probennahme","og_description":"Homogenizer Bags f\u00fcr die einfache und sichere Probenentnahme. \u2713 f\u00fcr alle Stomacher \u2713bequeme Probenentnahme \u2713 kein Kontaminationsrisiko","og_url":"https:\/\/inlabtec.com\/de\/homogenizer-bags\/","og_site_name":"Inlabtec","article_modified_time":"2025-01-03T16:23:04+00:00","og_image":[{"url":"https:\/\/inlabtec.com\/wp-content\/uploads\/2020\/11\/142074_inlabtec_0012_v3_web-1.png"}],"twitter_card":"summary_large_image","twitter_misc":{"Gesch\u00e4tzte Lesezeit":"2\u00a0Minuten"},"schema":{"@context":"https:\/\/schema.org","@graph":[{"@type":"Organization","@id":"https:\/\/inlabtec.com\/#organization","name":"Inlabtec","url":"https:\/\/inlabtec.com\/","sameAs":[],"logo":{"@type":"ImageObject","inLanguage":"de","@id":"https:\/\/inlabtec.com\/#\/schema\/logo\/image\/","url":"https:\/\/inlabtec.com\/wp-content\/uploads\/2020\/11\/Inlabtec_Logo_Transparent-1.png","contentUrl":"https:\/\/inlabtec.com\/wp-content\/uploads\/2020\/11\/Inlabtec_Logo_Transparent-1.png","width":320,"height":67,"caption":"Inlabtec"},"image":{"@id":"https:\/\/inlabtec.com\/#\/schema\/logo\/image\/"}},{"@type":"WebSite","@id":"https:\/\/inlabtec.com\/#website","url":"https:\/\/inlabtec.com\/","name":"Inlabtec","description":"Inlabtec","publisher":{"@id":"https:\/\/inlabtec.com\/#organization"},"potentialAction":[{"@type":"SearchAction","target":{"@type":"EntryPoint","urlTemplate":"https:\/\/inlabtec.com\/?s={search_term_string}"},"query-input":"required name=search_term_string"}],"inLanguage":"de"},{"@type":"ImageObject","inLanguage":"de","@id":"https:\/\/inlabtec.com\/de\/homogenizer-bags\/#primaryimage","url":"https:\/\/inlabtec.com\/wp-content\/uploads\/2020\/11\/142074_inlabtec_0012_v3_web-1.png","contentUrl":"https:\/\/inlabtec.com\/wp-content\/uploads\/2020\/11\/142074_inlabtec_0012_v3_web-1.png","width":570,"height":427},{"@type":"WebPage","@id":"https:\/\/inlabtec.com\/de\/homogenizer-bags\/","url":"https:\/\/inlabtec.com\/de\/homogenizer-bags\/","name":"Inlabtec Homogenizer Bags- f\u00fcr die einfachste & sicherste Probennahme","isPartOf":{"@id":"https:\/\/inlabtec.com\/#website"},"primaryImageOfPage":{"@id":"https:\/\/inlabtec.com\/de\/homogenizer-bags\/#primaryimage"},"datePublished":"2021-03-25T09:49:17+00:00","dateModified":"2025-01-03T16:23:04+00:00","description":"Homogenizer Bags f\u00fcr die einfache und sichere Probenentnahme. \u2713 f\u00fcr alle Stomacher \u2713bequeme Probenentnahme \u2713 kein Kontaminationsrisiko","breadcrumb":{"@id":"https:\/\/inlabtec.com\/de\/homogenizer-bags\/#breadcrumb"},"inLanguage":"de","potentialAction":[{"@type":"ReadAction","target":["https:\/\/inlabtec.com\/de\/homogenizer-bags\/"]}]},{"@type":"BreadcrumbList","@id":"https:\/\/inlabtec.com\/de\/homogenizer-bags\/#breadcrumb","itemListElement":[{"@type":"ListItem","position":1,"name":"Startseite","item":"https:\/\/inlabtec.com\/de\/"},{"@type":"ListItem","position":2,"name":"Homogenizer Bags"}]}]}},"_links":{"self":[{"href":"https:\/\/inlabtec.com\/de\/wp-json\/wp\/v2\/pages\/4330"}],"collection":[{"href":"https:\/\/inlabtec.com\/de\/wp-json\/wp\/v2\/pages"}],"about":[{"href":"https:\/\/inlabtec.com\/de\/wp-json\/wp\/v2\/types\/page"}],"author":[{"embeddable":true,"href":"https:\/\/inlabtec.com\/de\/wp-json\/wp\/v2\/users\/1"}],"replies":[{"embeddable":true,"href":"https:\/\/inlabtec.com\/de\/wp-json\/wp\/v2\/comments?post=4330"}],"version-history":[{"count":26,"href":"https:\/\/inlabtec.com\/de\/wp-json\/wp\/v2\/pages\/4330\/revisions"}],"predecessor-version":[{"id":10082,"href":"https:\/\/inlabtec.com\/de\/wp-json\/wp\/v2\/pages\/4330\/revisions\/10082"}],"wp:attachment":[{"href":"https:\/\/inlabtec.com\/de\/wp-json\/wp\/v2\/media?parent=4330"}],"curies":[{"name":"wp","href":"https:\/\/api.w.org\/{rel}","templated":true}]}}