{"id":4323,"date":"2021-03-25T10:39:02","date_gmt":"2021-03-25T09:39:02","guid":{"rendered":"https:\/\/inlabtec.com\/pipettenspitzen-copy\/"},"modified":"2025-04-07T15:34:10","modified_gmt":"2025-04-07T14:34:10","slug":"pipette-tip-cutter","status":"publish","type":"page","link":"https:\/\/inlabtec.com\/de\/pipette-tip-cutter\/","title":{"rendered":"Tip Cutter"},"content":{"rendered":"<div class=\"wp-block-image\">\n<figure class=\"aligncenter size-full is-resized\"><img loading=\"lazy\" src=\"https:\/\/inlabtec.com\/wp-content\/uploads\/2021\/09\/Inlabtec-Pipette-Tip-Cutter-100230.png\" alt=\"\" class=\"wp-image-5833\" width=\"419\" height=\"323\" srcset=\"https:\/\/inlabtec.com\/wp-content\/uploads\/2021\/09\/Inlabtec-Pipette-Tip-Cutter-100230.png 760w, https:\/\/inlabtec.com\/wp-content\/uploads\/2021\/09\/Inlabtec-Pipette-Tip-Cutter-100230-300x232.png 300w\" sizes=\"(max-width: 419px) 100vw, 419px\" \/><\/figure><\/div>\n\n\n<h2>Pipette Tip Cutter: Spitzen mit weiter \u00d6ffnung selber herstellen<\/h2>\n\n\n\n<p>Pipettenspitzen mit einer weiten \u00d6ffnung erleichtern das Liquid Handling bei anspruchsvollen Probentypen wie viskosen Fl\u00fcssigkeiten, partikelreichen Suspensionen oder empfindlichen Zellsuspensionen, um Scherkr\u00e4fte zu minimieren. Sie erweisen sich besonders bei der Verwendung des Serial Diluter TA als \u00e4usserst vorteilhaft, da sie maximale Prozessgeschwindigkeiten erm\u00f6glichen.<br>Der Pipette Tip Cutter bietet eine praktische L\u00f6sung zur Anpassung herk\u00f6mmlicher 1-ml-Pipettenspitzen zu Ausf\u00fchrungen mit weiter \u00d6ffnung. Mithilfe eines Schraubenziehers k\u00f6nnen Sie ganz einfach den gew\u00fcnschten Durchmesser einstellen und die Pipettenspitze problemlos zuschneiden.<\/p>\n\n\n\n<div style=\"height:20px\" aria-hidden=\"true\" class=\"wp-block-spacer\"><\/div>\n\n\n\n<div class=\"wp-block-coblocks-accordion\">\n<div class=\"wp-block-coblocks-accordion-item\"><details><summary class=\"wp-block-coblocks-accordion-item__title has-background\" style=\"background-color:#a1c516\">Demovideo Pipette Tip Cutter<\/summary><div class=\"wp-block-coblocks-accordion-item__content\" style=\"border-color:#a1c516\">\n<p><\/p>\n\n\n\n<div style=\"height:20px\" aria-hidden=\"true\" class=\"wp-block-spacer\"><\/div>\n\n\n\n\n<table id=\"tablepress-129\" class=\"tablepress tablepress-id-129\">\n<tbody>\n<tr class=\"row-1\">\n\t<td class=\"column-1\"><a class=\"vp-a vp-mp4-type\" title=\"Demonstration Pipette Tip Cutter\" href=\"https:\/\/inlabtec.com\/wp-content\/uploads\/2023\/09\/Pipette-Tip-Cutter-100230.mp4\" data-autoplay=\"1\" data-dwrap=\"1\"><img class=\"vp-img\" src=\"https:\/\/inlabtec.com\/wp-content\/uploads\/2021\/09\/Pipette-Tip-Cutter.png\" width=\"110\" height=\"110\"\/><\/a><\/td><td class=\"column-2\"><\/td><td class=\"column-3\">Vorf\u00fchrung vom Pipette Tip Cutter mit englischen Kommentaren. <\/td>\n<\/tr>\n<\/tbody>\n<\/table>\n<!-- #tablepress-129 from cache -->\n<\/div><\/details><\/div>\n\n\n\n<div class=\"wp-block-coblocks-accordion-item\"><details><summary class=\"wp-block-coblocks-accordion-item__title has-background\" style=\"background-color:#a1c516\">Hauptmerkmale<\/summary><div class=\"wp-block-coblocks-accordion-item__content\" style=\"border-color:#a1c516\">\n<ul><li>Bietet eine praktische L\u00f6sung f\u00fcr die individuelle Anpassung von Standard-1-ml-Pipettenspitzen.<\/li><li>Scnittdurchmesser mit Schraubenzieher verstellbar f\u00fcr vielseitige Anwendungen.<\/li><li>Robuste, langlebige Konstruktion.<\/li><li>Die Klinge ist leicht austauschbar.<\/li><\/ul>\n<\/div><\/details><\/div>\n\n\n\n<div class=\"wp-block-coblocks-accordion-item\"><details><summary class=\"wp-block-coblocks-accordion-item__title has-background\" style=\"background-color:#a1c516\">Wichtigste Vorteile<\/summary><div class=\"wp-block-coblocks-accordion-item__content\" style=\"border-color:#a1c516\">\n<ul><li>Erm\u00f6glicht die individuelle Anpassung von Pipettenspitzen f\u00fcr verschiedene Probentypen.<\/li><li>Vereinfacht das Handling schwieriger Probentypen wie z\u00e4hfl\u00fcssige Fl\u00fcssigkeiten, partikelreiche Suspensionen oder empfindliche Zellsuspensionen.<\/li><li>Erh\u00f6ht die Pipettiergeschwindigkeit f\u00fcr eine effiziente Probenverarbeitung.<\/li><\/ul>\n<\/div><\/details><\/div>\n\n\n\n<div class=\"wp-block-coblocks-accordion-item\"><details><summary class=\"wp-block-coblocks-accordion-item__title has-background\" style=\"background-color:#a1c516\">Spezifikationen Pipette Tip Cutter<\/summary><div class=\"wp-block-coblocks-accordion-item__content\" style=\"border-color:#a1c516\">\n\n<table id=\"tablepress-128\" class=\"tablepress tablepress-id-128\">\n<tbody>\n<tr class=\"row-1\">\n\t<td class=\"column-1\">Verwendbar mit<\/td><td class=\"column-2\"><\/td><td class=\"column-3\">1 ml Pipettenspitzen<\/td>\n<\/tr>\n<tr class=\"row-2\">\n\t<td class=\"column-1\">Einstellbare Schnittl\u00e4nge<\/td><td class=\"column-2\"><\/td><td class=\"column-3\">2 - 10 mm<\/td>\n<\/tr>\n<tr class=\"row-3\">\n\t<td class=\"column-1\">Typischer maximaler Ausgangsdurchmesser nach dem Schneiden<\/td><td class=\"column-2\"><\/td><td class=\"column-3\">ca. 2.5 mm<\/td>\n<\/tr>\n<tr class=\"row-4\">\n\t<td class=\"column-1\">Material Cutter<\/td><td class=\"column-2\"><\/td><td class=\"column-3\">Polyamid (PA)<\/td>\n<\/tr>\n<tr class=\"row-5\">\n\t<td class=\"column-1\">Material Klinge<\/td><td class=\"column-2\"><\/td><td class=\"column-3\">Stahl, auswechselbar<\/td>\n<\/tr>\n<tr class=\"row-6\">\n\t<td class=\"column-1\">Gewicht<\/td><td class=\"column-2\"><\/td><td class=\"column-3\">30 g<\/td>\n<\/tr>\n<\/tbody>\n<\/table>\n<!-- #tablepress-128 from cache -->\n<\/div><\/details><\/div>\n\n\n\n<div class=\"wp-block-coblocks-accordion-item\"><details><summary class=\"wp-block-coblocks-accordion-item__title has-background\" style=\"background-color:#a1c516\">Preise und Lieferumfang Pipette Tip Cutter<\/summary><div class=\"wp-block-coblocks-accordion-item__content\" style=\"border-color:#a1c516\">\n<p>Die aufgef\u00fchrten Preise sind in CHF, exklusive Mehrwertsteuer, und gelten ausschlie\u00dflich innerhalb der Schweiz.<br><br>In anderen L\u00e4ndern werden die Preise von unseren lokalen <a href=\"\/de\/distribution\">Distributionspartner<\/a> festgelegt. Diese ber\u00fccksichtigen landesspezifische Kosten wie Importz\u00f6lle, Logistik, Service und Support. Solche Preisunterschiede sind im internationalen Handel \u00fcblich und stellen sicher, dass Kunden lokalen Support und schnelle Lieferung erhalten \u2013 Leistungen, die im Schweizer Preis f\u00fcr ausl\u00e4ndische Kunden nicht enthalten sind.<\/p>\n\n\n\n<p><\/p>\n\n\n\n\n<table id=\"tablepress-130\" class=\"tablepress tablepress-id-130\">\n<tbody>\n<tr class=\"row-1\">\n\t<td class=\"column-1\">Artikel<\/td><td class=\"column-2\">Bezeichnung<\/td><td class=\"column-3\">Anzahl<\/td><td class=\"column-4\">Preis<\/td>\n<\/tr>\n<tr class=\"row-2\">\n\t<td class=\"column-1\">100230<\/td><td class=\"column-2\">Pipette Tip Cutter, zur Vergr\u00f6sserung der Ausgangs\u00f6ffnung von 1 ml Pipettenspitzen, einstellbare Schnittl\u00e4nge f\u00fcr konstanten Ausgangsdurchmesser.<br \/>\n<img src=\"https:\/\/inlabtec.com\/wp-content\/uploads\/2021\/09\/Inlabtec-Pipette-Tip-Cutter-100230.png\" alt=\"\" width=\"170\" height=\"158\" class=\"alignnone size-full wp-image-149\"\/><a id=\"OrderPlugs\"><\/a><\/td><td class=\"column-3\">1<br \/>\n<\/td><td class=\"column-4\">159.20<\/td>\n<\/tr>\n<tr class=\"row-3\">\n\t<td class=\"column-1\">100231<\/td><td class=\"column-2\">Klingen zu Pipette Tip Cutter 100230, 5 St\u00fcck<br \/>\n<img src=\"https:\/\/inlabtec.com\/wp-content\/uploads\/2021\/09\/Inlabtec-Cutter-Blade-100231.png\" alt=\"\" width=\"170\" height=\"158\" class=\"alignnone size-full wp-image-149\"\/><br \/>\n<\/td><td class=\"column-3\">1<br \/>\n<\/td><td class=\"column-4\">94.42<\/td>\n<\/tr>\n<\/tbody>\n<\/table>\n<!-- #tablepress-130 from cache -->\n<\/div><\/details><\/div>\n<\/div>\n\n\n\n<div style=\"height:20px\" aria-hidden=\"true\" class=\"wp-block-spacer\"><\/div>\n\n\n\n<p>Weitere Informationen zur Verwendung unserer Produkte finden Sie unter <a href=\"https:\/\/inlabtec.com\/de\/support\/\">Support<\/a>.<\/p>\n\n\n\n<p><\/p>\n","protected":false},"excerpt":{"rendered":"<p>Pipette Tip Cutter: Spitzen mit weiter \u00d6ffnung selber herstellen Pipettenspitzen mit einer weiten \u00d6ffnung erleichtern das Liquid Handling bei anspruchsvollen Probentypen wie viskosen Fl\u00fcssigkeiten, partikelreichen Suspensionen oder empfindlichen Zellsuspensionen, um Scherkr\u00e4fte zu minimieren. Sie erweisen sich besonders bei der Verwendung des Serial Diluter TA als \u00e4usserst vorteilhaft, da sie maximale Prozessgeschwindigkeiten erm\u00f6glichen.Der Pipette Tip Cutter &#8230; <a title=\"Tip Cutter\" class=\"read-more\" href=\"https:\/\/inlabtec.com\/de\/pipette-tip-cutter\/\" aria-label=\"Mehr bei Tip Cutter\">Weiterlesen &#8230;<\/a><\/p>\n","protected":false},"author":1,"featured_media":0,"parent":0,"menu_order":0,"comment_status":"closed","ping_status":"closed","template":"","meta":{"_coblocks_attr":"","_coblocks_dimensions":"","_coblocks_responsive_height":"","_coblocks_accordion_ie_support":""},"acf":[],"yoast_head":"<!-- This site is optimized with the Yoast SEO plugin v19.3 - https:\/\/yoast.com\/wordpress\/plugins\/seo\/ -->\n<title>Pipette Tip Cutter: M\u00fchelos weite \u00d6ffnungen f\u00fcr schwierige Proben<\/title>\n<meta name=\"description\" content=\"Entdecken Sie unseren Pipettenspitzenschneider zum m\u00fchelosen Trimmen von Spitzen, perfekt f\u00fcr die Handhabung schwieriger Proben.\" \/>\n<meta name=\"robots\" content=\"index, follow, max-snippet:-1, max-image-preview:large, max-video-preview:-1\" \/>\n<link rel=\"canonical\" href=\"https:\/\/inlabtec.com\/de\/pipette-tip-cutter\/\" \/>\n<meta property=\"og:locale\" content=\"de_DE\" \/>\n<meta property=\"og:type\" content=\"article\" \/>\n<meta property=\"og:title\" content=\"Pipette Tip Cutter: M\u00fchelos weite \u00d6ffnungen f\u00fcr schwierige Proben\" \/>\n<meta property=\"og:description\" content=\"Entdecken Sie unseren Pipettenspitzenschneider zum m\u00fchelosen Trimmen von Spitzen, perfekt f\u00fcr die Handhabung schwieriger Proben.\" \/>\n<meta property=\"og:url\" content=\"https:\/\/inlabtec.com\/de\/pipette-tip-cutter\/\" \/>\n<meta property=\"og:site_name\" content=\"Inlabtec\" \/>\n<meta property=\"article:modified_time\" content=\"2025-04-07T14:34:10+00:00\" \/>\n<meta property=\"og:image\" content=\"https:\/\/inlabtec.com\/wp-content\/uploads\/2021\/09\/Inlabtec-Pipette-Tip-Cutter-100230.png\" \/>\n<meta name=\"twitter:card\" content=\"summary_large_image\" \/>\n<meta name=\"twitter:label1\" content=\"Gesch\u00e4tzte Lesezeit\" \/>\n\t<meta name=\"twitter:data1\" content=\"2\u00a0Minuten\" \/>\n<script type=\"application\/ld+json\" class=\"yoast-schema-graph\">{\"@context\":\"https:\/\/schema.org\",\"@graph\":[{\"@type\":\"Organization\",\"@id\":\"https:\/\/inlabtec.com\/#organization\",\"name\":\"Inlabtec\",\"url\":\"https:\/\/inlabtec.com\/\",\"sameAs\":[],\"logo\":{\"@type\":\"ImageObject\",\"inLanguage\":\"de\",\"@id\":\"https:\/\/inlabtec.com\/#\/schema\/logo\/image\/\",\"url\":\"https:\/\/inlabtec.com\/wp-content\/uploads\/2020\/11\/Inlabtec_Logo_Transparent-1.png\",\"contentUrl\":\"https:\/\/inlabtec.com\/wp-content\/uploads\/2020\/11\/Inlabtec_Logo_Transparent-1.png\",\"width\":320,\"height\":67,\"caption\":\"Inlabtec\"},\"image\":{\"@id\":\"https:\/\/inlabtec.com\/#\/schema\/logo\/image\/\"}},{\"@type\":\"WebSite\",\"@id\":\"https:\/\/inlabtec.com\/#website\",\"url\":\"https:\/\/inlabtec.com\/\",\"name\":\"Inlabtec\",\"description\":\"Inlabtec\",\"publisher\":{\"@id\":\"https:\/\/inlabtec.com\/#organization\"},\"potentialAction\":[{\"@type\":\"SearchAction\",\"target\":{\"@type\":\"EntryPoint\",\"urlTemplate\":\"https:\/\/inlabtec.com\/?s={search_term_string}\"},\"query-input\":\"required name=search_term_string\"}],\"inLanguage\":\"de\"},{\"@type\":\"ImageObject\",\"inLanguage\":\"de\",\"@id\":\"https:\/\/inlabtec.com\/de\/pipette-tip-cutter\/#primaryimage\",\"url\":\"https:\/\/inlabtec.com\/wp-content\/uploads\/2021\/09\/Inlabtec-Pipette-Tip-Cutter-100230.png\",\"contentUrl\":\"https:\/\/inlabtec.com\/wp-content\/uploads\/2021\/09\/Inlabtec-Pipette-Tip-Cutter-100230.png\",\"width\":760,\"height\":587},{\"@type\":\"WebPage\",\"@id\":\"https:\/\/inlabtec.com\/de\/pipette-tip-cutter\/\",\"url\":\"https:\/\/inlabtec.com\/de\/pipette-tip-cutter\/\",\"name\":\"Pipette Tip Cutter: M\u00fchelos weite \u00d6ffnungen f\u00fcr schwierige Proben\",\"isPartOf\":{\"@id\":\"https:\/\/inlabtec.com\/#website\"},\"primaryImageOfPage\":{\"@id\":\"https:\/\/inlabtec.com\/de\/pipette-tip-cutter\/#primaryimage\"},\"datePublished\":\"2021-03-25T09:39:02+00:00\",\"dateModified\":\"2025-04-07T14:34:10+00:00\",\"description\":\"Entdecken Sie unseren Pipettenspitzenschneider zum m\u00fchelosen Trimmen von Spitzen, perfekt f\u00fcr die Handhabung schwieriger Proben.\",\"breadcrumb\":{\"@id\":\"https:\/\/inlabtec.com\/de\/pipette-tip-cutter\/#breadcrumb\"},\"inLanguage\":\"de\",\"potentialAction\":[{\"@type\":\"ReadAction\",\"target\":[\"https:\/\/inlabtec.com\/de\/pipette-tip-cutter\/\"]}]},{\"@type\":\"BreadcrumbList\",\"@id\":\"https:\/\/inlabtec.com\/de\/pipette-tip-cutter\/#breadcrumb\",\"itemListElement\":[{\"@type\":\"ListItem\",\"position\":1,\"name\":\"Startseite\",\"item\":\"https:\/\/inlabtec.com\/de\/\"},{\"@type\":\"ListItem\",\"position\":2,\"name\":\"Tip Cutter\"}]}]}<\/script>\n<!-- \/ Yoast SEO plugin. -->","yoast_head_json":{"title":"Pipette Tip Cutter: M\u00fchelos weite \u00d6ffnungen f\u00fcr schwierige Proben","description":"Entdecken Sie unseren Pipettenspitzenschneider zum m\u00fchelosen Trimmen von Spitzen, perfekt f\u00fcr die Handhabung schwieriger Proben.","robots":{"index":"index","follow":"follow","max-snippet":"max-snippet:-1","max-image-preview":"max-image-preview:large","max-video-preview":"max-video-preview:-1"},"canonical":"https:\/\/inlabtec.com\/de\/pipette-tip-cutter\/","og_locale":"de_DE","og_type":"article","og_title":"Pipette Tip Cutter: M\u00fchelos weite \u00d6ffnungen f\u00fcr schwierige Proben","og_description":"Entdecken Sie unseren Pipettenspitzenschneider zum m\u00fchelosen Trimmen von Spitzen, perfekt f\u00fcr die Handhabung schwieriger Proben.","og_url":"https:\/\/inlabtec.com\/de\/pipette-tip-cutter\/","og_site_name":"Inlabtec","article_modified_time":"2025-04-07T14:34:10+00:00","og_image":[{"url":"https:\/\/inlabtec.com\/wp-content\/uploads\/2021\/09\/Inlabtec-Pipette-Tip-Cutter-100230.png"}],"twitter_card":"summary_large_image","twitter_misc":{"Gesch\u00e4tzte Lesezeit":"2\u00a0Minuten"},"schema":{"@context":"https:\/\/schema.org","@graph":[{"@type":"Organization","@id":"https:\/\/inlabtec.com\/#organization","name":"Inlabtec","url":"https:\/\/inlabtec.com\/","sameAs":[],"logo":{"@type":"ImageObject","inLanguage":"de","@id":"https:\/\/inlabtec.com\/#\/schema\/logo\/image\/","url":"https:\/\/inlabtec.com\/wp-content\/uploads\/2020\/11\/Inlabtec_Logo_Transparent-1.png","contentUrl":"https:\/\/inlabtec.com\/wp-content\/uploads\/2020\/11\/Inlabtec_Logo_Transparent-1.png","width":320,"height":67,"caption":"Inlabtec"},"image":{"@id":"https:\/\/inlabtec.com\/#\/schema\/logo\/image\/"}},{"@type":"WebSite","@id":"https:\/\/inlabtec.com\/#website","url":"https:\/\/inlabtec.com\/","name":"Inlabtec","description":"Inlabtec","publisher":{"@id":"https:\/\/inlabtec.com\/#organization"},"potentialAction":[{"@type":"SearchAction","target":{"@type":"EntryPoint","urlTemplate":"https:\/\/inlabtec.com\/?s={search_term_string}"},"query-input":"required name=search_term_string"}],"inLanguage":"de"},{"@type":"ImageObject","inLanguage":"de","@id":"https:\/\/inlabtec.com\/de\/pipette-tip-cutter\/#primaryimage","url":"https:\/\/inlabtec.com\/wp-content\/uploads\/2021\/09\/Inlabtec-Pipette-Tip-Cutter-100230.png","contentUrl":"https:\/\/inlabtec.com\/wp-content\/uploads\/2021\/09\/Inlabtec-Pipette-Tip-Cutter-100230.png","width":760,"height":587},{"@type":"WebPage","@id":"https:\/\/inlabtec.com\/de\/pipette-tip-cutter\/","url":"https:\/\/inlabtec.com\/de\/pipette-tip-cutter\/","name":"Pipette Tip Cutter: M\u00fchelos weite \u00d6ffnungen f\u00fcr schwierige Proben","isPartOf":{"@id":"https:\/\/inlabtec.com\/#website"},"primaryImageOfPage":{"@id":"https:\/\/inlabtec.com\/de\/pipette-tip-cutter\/#primaryimage"},"datePublished":"2021-03-25T09:39:02+00:00","dateModified":"2025-04-07T14:34:10+00:00","description":"Entdecken Sie unseren Pipettenspitzenschneider zum m\u00fchelosen Trimmen von Spitzen, perfekt f\u00fcr die Handhabung schwieriger Proben.","breadcrumb":{"@id":"https:\/\/inlabtec.com\/de\/pipette-tip-cutter\/#breadcrumb"},"inLanguage":"de","potentialAction":[{"@type":"ReadAction","target":["https:\/\/inlabtec.com\/de\/pipette-tip-cutter\/"]}]},{"@type":"BreadcrumbList","@id":"https:\/\/inlabtec.com\/de\/pipette-tip-cutter\/#breadcrumb","itemListElement":[{"@type":"ListItem","position":1,"name":"Startseite","item":"https:\/\/inlabtec.com\/de\/"},{"@type":"ListItem","position":2,"name":"Tip Cutter"}]}]}},"_links":{"self":[{"href":"https:\/\/inlabtec.com\/de\/wp-json\/wp\/v2\/pages\/4323"}],"collection":[{"href":"https:\/\/inlabtec.com\/de\/wp-json\/wp\/v2\/pages"}],"about":[{"href":"https:\/\/inlabtec.com\/de\/wp-json\/wp\/v2\/types\/page"}],"author":[{"embeddable":true,"href":"https:\/\/inlabtec.com\/de\/wp-json\/wp\/v2\/users\/1"}],"replies":[{"embeddable":true,"href":"https:\/\/inlabtec.com\/de\/wp-json\/wp\/v2\/comments?post=4323"}],"version-history":[{"count":22,"href":"https:\/\/inlabtec.com\/de\/wp-json\/wp\/v2\/pages\/4323\/revisions"}],"predecessor-version":[{"id":10998,"href":"https:\/\/inlabtec.com\/de\/wp-json\/wp\/v2\/pages\/4323\/revisions\/10998"}],"wp:attachment":[{"href":"https:\/\/inlabtec.com\/de\/wp-json\/wp\/v2\/media?parent=4323"}],"curies":[{"name":"wp","href":"https:\/\/api.w.org\/{rel}","templated":true}]}}