{"id":4159,"date":"2021-03-24T10:48:48","date_gmt":"2021-03-24T09:48:48","guid":{"rendered":"https:\/\/inlabtec.com\/dilution-bags-copy\/"},"modified":"2025-06-24T10:42:16","modified_gmt":"2025-06-24T09:42:16","slug":"serial-dilution-bags-mikrobiologie-inlabtec","status":"publish","type":"page","link":"https:\/\/inlabtec.com\/de\/serial-dilution-bags-mikrobiologie-inlabtec\/","title":{"rendered":"Dilution Bags"},"content":{"rendered":"\n<div style=\"height:0px\" aria-hidden=\"true\" class=\"wp-block-spacer\"><\/div>\n\n\n\n<div style=\"height:5px\" aria-hidden=\"true\" class=\"wp-block-spacer\"><\/div>\n\n\n\n<figure class=\"wp-block-image size-full\"><img loading=\"lazy\" width=\"760\" height=\"523\" src=\"https:\/\/inlabtec.com\/wp-content\/uploads\/2022\/08\/Inlabtec_Serial-Dilution-Bags_100101.jpg\" alt=\"\" class=\"wp-image-6233\" srcset=\"https:\/\/inlabtec.com\/wp-content\/uploads\/2022\/08\/Inlabtec_Serial-Dilution-Bags_100101.jpg 760w, https:\/\/inlabtec.com\/wp-content\/uploads\/2022\/08\/Inlabtec_Serial-Dilution-Bags_100101-300x206.jpg 300w\" sizes=\"(max-width: 760px) 100vw, 760px\" \/><\/figure>\n\n\n\n<div style=\"height:10px\" aria-hidden=\"true\" class=\"wp-block-spacer\"><\/div>\n\n\n\n<h1>Ressourceneffiziente Probenverd\u00fcnnungen mit Serial Dilution Bags<\/h1>\n\n\n\n<p>Entdecken Sie die Serial Dilution Bags von Inlabtec: umweltfreundlich und kosteneffizient, konzipiert, um die mikrobielle Probenvorbereitung zu revolutionieren. Erreichen Sie effiziente, pr\u00e4zise und nachhaltige Ergebnisse bei minimiertem Umwelteinfluss!<\/p>\n\n\n\n<div style=\"height:3px\" aria-hidden=\"true\" class=\"wp-block-spacer\"><\/div>\n\n\n\n<div style=\"height:5px\" aria-hidden=\"true\" class=\"wp-block-spacer\"><\/div>\n\n\n\n<figure class=\"wp-block-video\"><video autoplay controls loop muted src=\"https:\/\/inlabtec.com\/wp-content\/uploads\/2023\/12\/100101.mp4\"><\/video><\/figure>\n\n\n\n<div style=\"height:5px\" aria-hidden=\"true\" class=\"wp-block-spacer\"><\/div>\n\n\n\n<div class=\"wp-block-coblocks-accordion\">\n<div class=\"wp-block-coblocks-accordion-item\"><details><summary class=\"wp-block-coblocks-accordion-item__title has-background\" style=\"background-color:#a1c516\">Hauptmerkmale<\/summary><div class=\"wp-block-coblocks-accordion-item__content\" style=\"border-color:#a1c516\">\n<ul><li>Jeder Beutel wird aus nur 250 mg reinem Polyethylen hergestellt.<\/li><li>Speziell f\u00fcr die Verwendung mit dem Inlabtec Serial Diluter (patentiert) entwickelt.<\/li><li>Frei von jeglichen Substanzen, die das Wachstum von Mikroorganismen beeintr\u00e4chtigen k\u00f6nnten.<\/li><li>Jeder Beutel ist steril, um die Integrit\u00e4t der mikrobiologischen Tests zu gew\u00e4hrleisten.<\/li><li>2&#8217;000 Serial Dilution Bags aufgerollt in einer Kartonschachtel zum einfachen Herausziehen und Abreissen.<\/li><li>Der Karton ist eingeschweisst in Folie und erm\u00f6glicht eine einfache und langfristige Lagerung bei Raumtemperatur<\/li><\/ul>\n<\/div><\/details><\/div>\n\n\n\n<div class=\"wp-block-coblocks-accordion-item\"><details><summary class=\"wp-block-coblocks-accordion-item__title has-background\" style=\"background-color:#a1c516\">Wichtigste Vorteile<\/summary><div class=\"wp-block-coblocks-accordion-item__content\" style=\"border-color:#a1c516\">\n<ul><li>Umweltfreundlich: Drastische Reduzierung von Plastikm\u00fcll und Energieverbrauch setzt neue Standards.<\/li><li>Kosteng\u00fcnstig: Geringerer Material- und Energieverbrauch f\u00fchrt zu deutlichen Kosteneinsparungen<\/li><li>Effizienz: Gebrauchsfertige Beutel vereinfachen die Arbeitsabl\u00e4ufe und sparen wertvolle Zeit.<\/li><li>Pr\u00e4zision: Speziell f\u00fcr den Einsatz mit dem patentierten Inlabtec Serial Diluter entwickelt, um genaue Verd\u00fcnnungen sicherzustellen..<\/li><li>Zuverl\u00e4ssigkeit: Frei von wachstumshemmenden Substanzen und steril f\u00fcr sichere mikrobiologische Tests.<\/li><\/ul>\n<\/div><\/details><\/div>\n\n\n\n<div class=\"wp-block-coblocks-accordion-item\"><details><summary class=\"wp-block-coblocks-accordion-item__title has-background\" style=\"background-color:#a1c516\">Spezifikationen der Serial Dilution Bags<\/summary><div class=\"wp-block-coblocks-accordion-item__content\" style=\"border-color:#a1c516\">\n\n<table id=\"tablepress-59\" class=\"tablepress tablepress-id-59\">\n<tbody>\n<tr class=\"row-1\">\n\t<td class=\"column-1\">Anzahl Bags<\/td><td class=\"column-2\"><\/td><td class=\"column-3\">2'000 St\u00fcck\/ Box<\/td>\n<\/tr>\n<tr class=\"row-2\">\n\t<td class=\"column-1\">max. Arbeitsvolumen<\/td><td class=\"column-2\"><\/td><td class=\"column-3\">10 ml<\/td>\n<\/tr>\n<tr class=\"row-3\">\n\t<td class=\"column-1\">Materialst\u00e4rke<\/td><td class=\"column-2\"><\/td><td class=\"column-3\">15 - 20 \u00b5m<\/td>\n<\/tr>\n<tr class=\"row-4\">\n\t<td class=\"column-1\">Rohmaterial<\/td><td class=\"column-2\"><\/td><td class=\"column-3\">Hochreines, virginales Polyethylen (PE)<\/td>\n<\/tr>\n<tr class=\"row-5\">\n\t<td class=\"column-1\">Sterilisierung<\/td><td class=\"column-2\"><\/td><td class=\"column-3\">Strahlensterilisiert gem\u00e4ss ISO 1137-1\/ -2<\/td>\n<\/tr>\n<tr class=\"row-6\">\n\t<td class=\"column-1\">Sterilit\u00e4t<\/td><td class=\"column-2\"><\/td><td class=\"column-3\">SAL 10-3<\/td>\n<\/tr>\n<tr class=\"row-7\">\n\t<td class=\"column-1\">Haltbarkeit<\/td><td class=\"column-2\"><\/td><td class=\"column-3\"> 5 Jahre ab Datum der Herstellung<\/td>\n<\/tr>\n<tr class=\"row-8\">\n\t<td class=\"column-1\">Abmessungen Beutel<br \/>\n(B x H)<\/td><td class=\"column-2\"><\/td><td class=\"column-3\">60 x 110 mm<\/td>\n<\/tr>\n<tr class=\"row-9\">\n\t<td class=\"column-1\">Abmessungen Box<br \/>\n(B x H x T) \/ Gesamtgewicht<br \/>\n<a id=\"SpezLO\"><\/a><\/td><td class=\"column-2\"><\/td><td class=\"column-3\">130 x 125 x 160 mm \/ 670 g<\/td>\n<\/tr>\n<tr class=\"row-10\">\n\t<td class=\"column-1\">Kartonbox<\/td><td class=\"column-2\"><\/td><td class=\"column-3\">Fusselfrei, Druckfarbe und Karton frei von Schwermetallen<\/td>\n<\/tr>\n<\/tbody>\n<\/table>\n\n<\/div><\/details><\/div>\n\n\n\n<div class=\"wp-block-coblocks-accordion-item\"><details><summary class=\"wp-block-coblocks-accordion-item__title has-background\" style=\"background-color:#a1c516\">Preise und Lieferumfang Serial Dilution Bags<\/summary><div class=\"wp-block-coblocks-accordion-item__content\" style=\"border-color:#a1c516\">\n<p>Die aufgef\u00fchrten Preise sind in CHF, exklusive Mehrwertsteuer, und gelten ausschlie\u00dflich innerhalb der Schweiz.<br><br>In anderen L\u00e4ndern werden die Preise von unseren lokalen <a href=\"\/de\/distribution\">Distributionspartner<\/a> festgelegt. Diese ber\u00fccksichtigen landesspezifische Kosten wie Importz\u00f6lle, Logistik, Service und Support. Solche Preisunterschiede sind im internationalen Handel \u00fcblich und stellen sicher, dass Kunden lokalen Support und schnelle Lieferung erhalten \u2013 Leistungen, die im Schweizer Preis f\u00fcr ausl\u00e4ndische Kunden nicht enthalten sind.<\/p>\n\n\n\n<p><\/p>\n\n\n\n\n<table id=\"tablepress-107\" class=\"tablepress tablepress-id-107\">\n<tbody>\n<tr class=\"row-1\">\n\t<td class=\"column-1\">Artikel<\/td><td class=\"column-2\">Bezeichnung<\/td><td class=\"column-3\">Anzahl<\/td><td class=\"column-4\">Preis<\/td>\n<\/tr>\n<tr class=\"row-2\">\n\t<td class=\"column-1\">100101<\/td><td class=\"column-2\"><a id=\"BestellLO\"><\/a>Serial Dilution Bags, f\u00fcr den Gebrauch im Serial Diluter, hochreines Polyethylen (PE),<br \/>\n2'000 Bags\/ Box, steril, Box in einer Schutzfolie eingeschweisst<br \/>\n<img src=\"https:\/\/inlabtec.com\/wp-content\/uploads\/2022\/08\/Inlabtec_Serial-Dilution-Bags_100101_.jpg\" alt=\"\" width=\"170\" height=\"158\" class=\"alignnone size-full wp-image-149\"\/><\/td><td class=\"column-3\">1+<br \/>\n5+<br \/>\n10+<br \/>\n50+<br \/>\n100+<\/td><td class=\"column-4\">152.73<br \/>\n140.98<br \/>\n129.23<br \/>\n117.48<br \/>\n105.73<\/td>\n<\/tr>\n<\/tbody>\n<\/table>\n\n<\/div><\/details><\/div>\n<\/div>\n\n\n\n<div style=\"height:5px\" aria-hidden=\"true\" class=\"wp-block-spacer\"><\/div>\n\n\n\n<h2>Energieverbrauch: Reagenzgl\u00e4ser vs. Serial Dilution Bags <\/h2>\n\n\n\n<p>Da Labore zunehmend darauf abzielen, ihre Umweltauswirkungen zu reduzieren und gleichzeitig die betriebliche Effizienz zu steigern, wird die Wahl der Materialien und Prozesse entscheidend. Diese Tabelle vergleicht traditionelle Glasr\u00f6hrchen und Serial Dilution Bags hinsichtlich des Energieverbrauchs.<\/p>\n\n\n\n<div style=\"height:1px\" aria-hidden=\"true\" class=\"wp-block-spacer\"><\/div>\n\n\n\n\n<table id=\"tablepress-142\" class=\"tablepress tablepress-id-142\">\n<tbody>\n<tr class=\"row-1\">\n\t<td class=\"column-1\"><strong>Merkmal<\/strong><\/td><td class=\"column-2\"><strong>Reagenzglas (15 g Glas)<\/strong><\/td><td class=\"column-3\"><strong>Serial Dilution Bag (250mg Polyethylen)<\/strong><\/td>\n<\/tr>\n<tr class=\"row-2\">\n\t<td class=\"column-1\"><strong>Einmaliger Energieaufwand<\/strong><\/td><td class=\"column-2\">entf\u00e4llt<\/td><td class=\"column-3\">Ca. 25 kJ pro Beutel<\/td>\n<\/tr>\n<tr class=\"row-3\">\n\t<td class=\"column-1\"><strong>Energie f\u00fcr Reinigung<\/strong><\/td><td class=\"column-2\">3,6 bis 5,4 kJ pro Glas<\/td><td class=\"column-3\">entf\u00e4llt<\/td>\n<\/tr>\n<tr class=\"row-4\">\n\t<td class=\"column-1\"><strong>Energie f\u00fcr Sterilisation<\/strong><\/td><td class=\"column-2\">5,4 bis 10,8 kJ pro Glas\t<\/td><td class=\"column-3\">entf\u00e4llt<\/td>\n<\/tr>\n<tr class=\"row-5\">\n\t<td class=\"column-1\"><strong>Gesamtenergie f\u00fcr Reinigung &amp; Sterilisation<\/strong><\/td><td class=\"column-2\">9 bis 16,2 kJ pro Glas<\/td><td class=\"column-3\">entf\u00e4llt<\/td>\n<\/tr>\n<tr class=\"row-6\">\n\t<td class=\"column-1\"><strong>Energier\u00fcckgewinnung durch Verbrennung<\/strong><\/td><td class=\"column-2\">entf\u00e4llt<\/td><td class=\"column-3\">-5 bis -8 kJ pro Beutel (Kompensation)<\/td>\n<\/tr>\n<tr class=\"row-7\">\n\t<td class=\"column-1\"><strong>Gesamtenergieverbrauch pro Verd\u00fcnnung<\/strong><\/td><td class=\"column-2\">9 bis 16,2 kJ<\/td><td class=\"column-3\">17 bis 20 kJ<\/td>\n<\/tr>\n<\/tbody>\n<\/table>\n\n\n\n\n<div style=\"height:1px\" aria-hidden=\"true\" class=\"wp-block-spacer\"><\/div>\n\n\n\n<p>Serial Dilution Bags \u00fcberzeugen durch h\u00f6here Effizienz und Nachhaltigkeit im Vergleich zu herk\u00f6mmlichen Glasr\u00f6hrchen. W\u00e4hrend Glasr\u00f6hrchen hohe Energiemengen f\u00fcr Reinigung (3,6\u20135,4 kJ) und Sterilisation (5,4\u201310,8 kJ) erfordern, entfallen diese Prozesse bei den Beuteln vollst\u00e4ndig. Trotz eines einmaligen Energieaufwands von etwa 25 kJ erm\u00f6glicht die Energier\u00fcckgewinnung durch Verbrennung (-5 bis -8 kJ) eine deutliche Reduzierung des Gesamtverbrauchs. Damit bieten die Beutel eine innovative, praktische und umweltschonende Alternative.<\/p>\n\n\n\n<div style=\"height:2px\" aria-hidden=\"true\" class=\"wp-block-spacer\"><\/div>\n\n\n\n<h2>Vergleichende \u00dcbersicht: Reagenzgl\u00e4ser vs. Serial Dilution Bags<\/h2>\n\n\n\n<div style=\"height:0px\" aria-hidden=\"true\" class=\"wp-block-spacer\"><\/div>\n\n\n\n<p>Der folgende Vergleich veranschaulicht, wie Serial Dilution Bags im Gegensatz zu herk\u00f6mmlichen Glasr\u00f6hrchen in Bezug auf verschiedene Schl\u00fcsselkriterien abschneiden, einschlie\u00dflich Umweltauswirkungen, Effizienz und Kosten.<\/p>\n\n\n\n<div style=\"height:1px\" aria-hidden=\"true\" class=\"wp-block-spacer\"><\/div>\n\n\n\n\n<table id=\"tablepress-143\" class=\"tablepress tablepress-id-143\">\n<tbody>\n<tr class=\"row-1\">\n\t<td class=\"column-1\"><strong>Merkmal<\/strong><\/td><td class=\"column-2\"><strong>Reagenzgl\u00e4ser<\/strong><\/td><td class=\"column-3\"><strong>Serial Dilution Bags<\/strong><\/td>\n<\/tr>\n<tr class=\"row-2\">\n\t<td class=\"column-1\"><strong>Materialabfall<\/strong><\/td><td class=\"column-2\">Gering: bei Wiederverwendung, jedoch bleibt das Bruchrisiko bestehen.<\/td><td class=\"column-3\">Moderat: geringer Plastikabfall durch minimalen Materialeinsatz.<\/td>\n<\/tr>\n<tr class=\"row-3\">\n\t<td class=\"column-1\"><strong>Energieverbrauch<\/strong><\/td><td class=\"column-2\">Hoch: durch Reinigung, Sterilisation und F\u00fcllen.<\/td><td class=\"column-3\">Niedrig: haupts\u00e4chlich durch Nutzung und Transport.<\/td>\n<\/tr>\n<tr class=\"row-4\">\n\t<td class=\"column-1\"><strong>Effizienz<\/strong><\/td><td class=\"column-2\">Gering: erfordert Handhabung, Reinigung, Sterilisation und F\u00fcllen.<\/td><td class=\"column-3\">Hoch: gebrauchsfertig, keine zus\u00e4tzliche Vorbereitung erforderlich.<\/td>\n<\/tr>\n<tr class=\"row-5\">\n\t<td class=\"column-1\"><strong>Zuverl\u00e4ssigkeit<\/strong><\/td><td class=\"column-2\">Moderat: h\u00e4ngt von korrekter Handhabung und Reinigung ab.<\/td><td class=\"column-3\">Hoch: konsistent durch Standardisierung und Einwegdesign.<\/td>\n<\/tr>\n<tr class=\"row-6\">\n\t<td class=\"column-1\"><strong>Aufwand f\u00fcr Qualit\u00e4tssicherung<\/strong><\/td><td class=\"column-2\">Hoch: Variabilit\u00e4t bei der  Reinigung und Sterilisation sowie dem korrektem F\u00fcllvolumen birgt Risiken.<\/td><td class=\"column-3\">Niedrig: Standardisierung und Einwegdesign gew\u00e4hrleisten gleichbleibende Qualit\u00e4t.<\/td>\n<\/tr>\n<tr class=\"row-7\">\n\t<td class=\"column-1\"><strong>Anforderungen an manuelle F\u00e4higkeiten<\/strong><\/td><td class=\"column-2\">Hoch: erfordert geschulte Handhabung, Reinigung und Arbeitsorganisation.<\/td><td class=\"column-3\">Niedrig: einfache Handhabung und Arbeitsprozesse durch Automatisierung.<\/td>\n<\/tr>\n<tr class=\"row-8\">\n\t<td class=\"column-1\"><strong>Verletzungsrisiko<\/strong><\/td><td class=\"column-2\">Moderat: Risiko von Verletzungen durch Glasbruch und Belastung durch wiederholtes Handling und Mischen.<\/td><td class=\"column-3\">Niedrig: kein Glas, reduziertes Handling durch Automatisierung.<\/td>\n<\/tr>\n<tr class=\"row-9\">\n\t<td class=\"column-1\"><strong>Kosten<\/strong><\/td><td class=\"column-2\">Substanziell: umfassen Energie-, Arbeitskosten und m\u00f6gliche Kosten durch Glasbruch.<\/td><td class=\"column-3\">Moderat: kosteneffiziente Verbrauchsmaterialien, Einsparungen bei der Arbeit.<\/td>\n<\/tr>\n<tr class=\"row-10\">\n\t<td class=\"column-1\"><strong>Nachhaltigkeit<\/strong><\/td><td class=\"column-2\">Moderat: wiederverwendbar, jedoch energie- und ressourcenintensiv.<\/td><td class=\"column-3\">Moderat: energieeffizient, aber erzeugt Plastikabfall; Potenzial f\u00fcr Recycling oder Energier\u00fcckgewinnung.<\/td>\n<\/tr>\n<tr class=\"row-11\">\n\t<td class=\"column-1\"><strong>Umweltaspekte<\/strong><\/td><td class=\"column-2\">\tAuswirkungen durch chemische Reinigungsmittel, Wasserverbrauch und Energie f\u00fcr Reinigung\/Sterilisation; wiederverwendbares Design reduziert den Einfluss pro Nutzung.<\/td><td class=\"column-3\">Erzeugt Plastikabfall; verantwortungsvolle Entsorgung und Recycling wichtig; Potenzial f\u00fcr Energier\u00fcckgewinnung durch Verbrennung.<br \/>\n<\/td>\n<\/tr>\n<\/tbody>\n<\/table>\n\n\n\n\n<div style=\"height:1px\" aria-hidden=\"true\" class=\"wp-block-spacer\"><\/div>\n\n\n\n<p>Die Tabelle zeigt deutlich, dass Serial Dilution Bags eine Vielzahl von Vorteilen f\u00fcr Labore bieten, die ihre Arbeitsabl\u00e4ufe optimieren, die Sicherheit erh\u00f6hen und ressourcenschonender arbeiten m\u00f6chten. Sie ben\u00f6tigen weniger Energie, sind einfacher in der Handhabung und k\u00f6nnen, je nach Einsatz der Reagenzgl\u00e4ser, zur Abfallreduzierung beitragen. W\u00e4hrend beide Optionen ihre spezifischen Vor- und Nachteile haben, \u00fcberzeugen die Vorteile der Inlabtec Beutel besonders in Laboren, die gezielt auf Effizienzsteigerung und Nachhaltigkeit setzen. Damit stellen die Serial Dilution Bags eine attraktive Alternative dar. Die Entscheidung f\u00fcr diese Beutel ist ein sinnvoller Schritt in Richtung umweltfreundlicherer Laborpraktiken.<\/p>\n\n\n\n<div style=\"height:10px\" aria-hidden=\"true\" class=\"wp-block-spacer\"><\/div>\n\n\n\n<blockquote class=\"wp-block-quote has-text-align-left\"><p>\u00abFunktioniert tadellos, sehr zufrieden. Sympathisch, da nur wenig Plastik-M\u00fcll entsteht. \u00bb<\/p><cite>Kathrin Hauser, AGES \u00d6sterreichische Agentur f\u00fcr Gesundheit und Ern\u00e4hrungssicherheit GmbH, Graz<\/cite><\/blockquote>\n\n\n\n<blockquote class=\"wp-block-quote has-text-align-left\"><p>\u00abUnvorstellbar, dass im Labor f\u00fcr Verd\u00fcnnungen wieder Reagenzgl\u00e4ser verwendet werden. \u00bb<\/p><cite>Alexandra Dostal, Kantonales Laboratorium Thurgau, Frauenfeld, Schweiz<\/cite><\/blockquote>\n\n\n\n<p>Weitere Informationen zu den Serial Dilution Bags finden Sie unter <a href=\"https:\/\/inlabtec.com\/de\/support\/\">Support<\/a>.<\/p>\n","protected":false},"excerpt":{"rendered":"<p>Ressourceneffiziente Probenverd\u00fcnnungen mit Serial Dilution Bags Entdecken Sie die Serial Dilution Bags von Inlabtec: umweltfreundlich und kosteneffizient, konzipiert, um die mikrobielle Probenvorbereitung zu revolutionieren. Erreichen Sie effiziente, pr\u00e4zise und nachhaltige Ergebnisse bei minimiertem Umwelteinfluss! Energieverbrauch: Reagenzgl\u00e4ser vs. Serial Dilution Bags Da Labore zunehmend darauf abzielen, ihre Umweltauswirkungen zu reduzieren und gleichzeitig die betriebliche Effizienz zu &#8230; <a title=\"Dilution Bags\" class=\"read-more\" href=\"https:\/\/inlabtec.com\/de\/serial-dilution-bags-mikrobiologie-inlabtec\/\" aria-label=\"Mehr bei Dilution Bags\">Weiterlesen &#8230;<\/a><\/p>\n","protected":false},"author":1,"featured_media":0,"parent":0,"menu_order":0,"comment_status":"closed","ping_status":"closed","template":"","meta":{"_coblocks_attr":"","_coblocks_dimensions":"","_coblocks_responsive_height":"","_coblocks_accordion_ie_support":""},"acf":[],"yoast_head":"<!-- This site is optimized with the Yoast SEO plugin v19.3 - https:\/\/yoast.com\/wordpress\/plugins\/seo\/ -->\n<title>Serial Dilution Bags: Effiziente Mikrobio-Verd\u00fcnnungen - Inlabtec<\/title>\n<meta name=\"description\" content=\"Die Serienverd\u00fcnnungsbeutel sind speziell f\u00fcr die Inlabtec Serial Diluter Systeme konzipiert. \u2713steril \u2713 materialoptimiert \u2713kosteng\u00fcnstig\" \/>\n<meta name=\"robots\" content=\"index, follow, max-snippet:-1, max-image-preview:large, max-video-preview:-1\" \/>\n<link rel=\"canonical\" href=\"https:\/\/inlabtec.com\/de\/serial-dilution-bags-mikrobiologie-inlabtec\/\" \/>\n<meta property=\"og:locale\" content=\"de_DE\" \/>\n<meta property=\"og:type\" content=\"article\" \/>\n<meta property=\"og:title\" content=\"Serial Dilution Bags: Effiziente Mikrobio-Verd\u00fcnnungen - Inlabtec\" \/>\n<meta property=\"og:description\" content=\"Die Serienverd\u00fcnnungsbeutel sind speziell f\u00fcr die Inlabtec Serial Diluter Systeme konzipiert. \u2713steril \u2713 materialoptimiert \u2713kosteng\u00fcnstig\" \/>\n<meta property=\"og:url\" content=\"https:\/\/inlabtec.com\/de\/serial-dilution-bags-mikrobiologie-inlabtec\/\" \/>\n<meta property=\"og:site_name\" content=\"Inlabtec\" \/>\n<meta property=\"article:modified_time\" content=\"2025-06-24T09:42:16+00:00\" \/>\n<meta property=\"og:image\" content=\"https:\/\/inlabtec.com\/wp-content\/uploads\/2022\/08\/Inlabtec_Serial-Dilution-Bags_100101.jpg\" \/>\n<meta name=\"twitter:card\" content=\"summary_large_image\" \/>\n<meta name=\"twitter:label1\" content=\"Gesch\u00e4tzte Lesezeit\" \/>\n\t<meta name=\"twitter:data1\" content=\"3\u00a0Minuten\" \/>\n<script type=\"application\/ld+json\" class=\"yoast-schema-graph\">{\"@context\":\"https:\/\/schema.org\",\"@graph\":[{\"@type\":\"Organization\",\"@id\":\"https:\/\/inlabtec.com\/#organization\",\"name\":\"Inlabtec\",\"url\":\"https:\/\/inlabtec.com\/\",\"sameAs\":[],\"logo\":{\"@type\":\"ImageObject\",\"inLanguage\":\"de\",\"@id\":\"https:\/\/inlabtec.com\/#\/schema\/logo\/image\/\",\"url\":\"https:\/\/inlabtec.com\/wp-content\/uploads\/2020\/11\/Inlabtec_Logo_Transparent-1.png\",\"contentUrl\":\"https:\/\/inlabtec.com\/wp-content\/uploads\/2020\/11\/Inlabtec_Logo_Transparent-1.png\",\"width\":320,\"height\":67,\"caption\":\"Inlabtec\"},\"image\":{\"@id\":\"https:\/\/inlabtec.com\/#\/schema\/logo\/image\/\"}},{\"@type\":\"WebSite\",\"@id\":\"https:\/\/inlabtec.com\/#website\",\"url\":\"https:\/\/inlabtec.com\/\",\"name\":\"Inlabtec\",\"description\":\"Inlabtec\",\"publisher\":{\"@id\":\"https:\/\/inlabtec.com\/#organization\"},\"potentialAction\":[{\"@type\":\"SearchAction\",\"target\":{\"@type\":\"EntryPoint\",\"urlTemplate\":\"https:\/\/inlabtec.com\/?s={search_term_string}\"},\"query-input\":\"required name=search_term_string\"}],\"inLanguage\":\"de\"},{\"@type\":\"ImageObject\",\"inLanguage\":\"de\",\"@id\":\"https:\/\/inlabtec.com\/de\/serial-dilution-bags-mikrobiologie-inlabtec\/#primaryimage\",\"url\":\"https:\/\/inlabtec.com\/wp-content\/uploads\/2022\/08\/Inlabtec_Serial-Dilution-Bags_100101.jpg\",\"contentUrl\":\"https:\/\/inlabtec.com\/wp-content\/uploads\/2022\/08\/Inlabtec_Serial-Dilution-Bags_100101.jpg\",\"width\":760,\"height\":523},{\"@type\":\"WebPage\",\"@id\":\"https:\/\/inlabtec.com\/de\/serial-dilution-bags-mikrobiologie-inlabtec\/\",\"url\":\"https:\/\/inlabtec.com\/de\/serial-dilution-bags-mikrobiologie-inlabtec\/\",\"name\":\"Serial Dilution Bags: Effiziente Mikrobio-Verd\u00fcnnungen - Inlabtec\",\"isPartOf\":{\"@id\":\"https:\/\/inlabtec.com\/#website\"},\"primaryImageOfPage\":{\"@id\":\"https:\/\/inlabtec.com\/de\/serial-dilution-bags-mikrobiologie-inlabtec\/#primaryimage\"},\"datePublished\":\"2021-03-24T09:48:48+00:00\",\"dateModified\":\"2025-06-24T09:42:16+00:00\",\"description\":\"Die Serienverd\u00fcnnungsbeutel sind speziell f\u00fcr die Inlabtec Serial Diluter Systeme konzipiert. \u2713steril \u2713 materialoptimiert \u2713kosteng\u00fcnstig\",\"breadcrumb\":{\"@id\":\"https:\/\/inlabtec.com\/de\/serial-dilution-bags-mikrobiologie-inlabtec\/#breadcrumb\"},\"inLanguage\":\"de\",\"potentialAction\":[{\"@type\":\"ReadAction\",\"target\":[\"https:\/\/inlabtec.com\/de\/serial-dilution-bags-mikrobiologie-inlabtec\/\"]}]},{\"@type\":\"BreadcrumbList\",\"@id\":\"https:\/\/inlabtec.com\/de\/serial-dilution-bags-mikrobiologie-inlabtec\/#breadcrumb\",\"itemListElement\":[{\"@type\":\"ListItem\",\"position\":1,\"name\":\"Startseite\",\"item\":\"https:\/\/inlabtec.com\/de\/\"},{\"@type\":\"ListItem\",\"position\":2,\"name\":\"Dilution Bags\"}]}]}<\/script>\n<!-- \/ Yoast SEO plugin. -->","yoast_head_json":{"title":"Serial Dilution Bags: Effiziente Mikrobio-Verd\u00fcnnungen - Inlabtec","description":"Die Serienverd\u00fcnnungsbeutel sind speziell f\u00fcr die Inlabtec Serial Diluter Systeme konzipiert. \u2713steril \u2713 materialoptimiert \u2713kosteng\u00fcnstig","robots":{"index":"index","follow":"follow","max-snippet":"max-snippet:-1","max-image-preview":"max-image-preview:large","max-video-preview":"max-video-preview:-1"},"canonical":"https:\/\/inlabtec.com\/de\/serial-dilution-bags-mikrobiologie-inlabtec\/","og_locale":"de_DE","og_type":"article","og_title":"Serial Dilution Bags: Effiziente Mikrobio-Verd\u00fcnnungen - Inlabtec","og_description":"Die Serienverd\u00fcnnungsbeutel sind speziell f\u00fcr die Inlabtec Serial Diluter Systeme konzipiert. \u2713steril \u2713 materialoptimiert \u2713kosteng\u00fcnstig","og_url":"https:\/\/inlabtec.com\/de\/serial-dilution-bags-mikrobiologie-inlabtec\/","og_site_name":"Inlabtec","article_modified_time":"2025-06-24T09:42:16+00:00","og_image":[{"url":"https:\/\/inlabtec.com\/wp-content\/uploads\/2022\/08\/Inlabtec_Serial-Dilution-Bags_100101.jpg"}],"twitter_card":"summary_large_image","twitter_misc":{"Gesch\u00e4tzte Lesezeit":"3\u00a0Minuten"},"schema":{"@context":"https:\/\/schema.org","@graph":[{"@type":"Organization","@id":"https:\/\/inlabtec.com\/#organization","name":"Inlabtec","url":"https:\/\/inlabtec.com\/","sameAs":[],"logo":{"@type":"ImageObject","inLanguage":"de","@id":"https:\/\/inlabtec.com\/#\/schema\/logo\/image\/","url":"https:\/\/inlabtec.com\/wp-content\/uploads\/2020\/11\/Inlabtec_Logo_Transparent-1.png","contentUrl":"https:\/\/inlabtec.com\/wp-content\/uploads\/2020\/11\/Inlabtec_Logo_Transparent-1.png","width":320,"height":67,"caption":"Inlabtec"},"image":{"@id":"https:\/\/inlabtec.com\/#\/schema\/logo\/image\/"}},{"@type":"WebSite","@id":"https:\/\/inlabtec.com\/#website","url":"https:\/\/inlabtec.com\/","name":"Inlabtec","description":"Inlabtec","publisher":{"@id":"https:\/\/inlabtec.com\/#organization"},"potentialAction":[{"@type":"SearchAction","target":{"@type":"EntryPoint","urlTemplate":"https:\/\/inlabtec.com\/?s={search_term_string}"},"query-input":"required name=search_term_string"}],"inLanguage":"de"},{"@type":"ImageObject","inLanguage":"de","@id":"https:\/\/inlabtec.com\/de\/serial-dilution-bags-mikrobiologie-inlabtec\/#primaryimage","url":"https:\/\/inlabtec.com\/wp-content\/uploads\/2022\/08\/Inlabtec_Serial-Dilution-Bags_100101.jpg","contentUrl":"https:\/\/inlabtec.com\/wp-content\/uploads\/2022\/08\/Inlabtec_Serial-Dilution-Bags_100101.jpg","width":760,"height":523},{"@type":"WebPage","@id":"https:\/\/inlabtec.com\/de\/serial-dilution-bags-mikrobiologie-inlabtec\/","url":"https:\/\/inlabtec.com\/de\/serial-dilution-bags-mikrobiologie-inlabtec\/","name":"Serial Dilution Bags: Effiziente Mikrobio-Verd\u00fcnnungen - Inlabtec","isPartOf":{"@id":"https:\/\/inlabtec.com\/#website"},"primaryImageOfPage":{"@id":"https:\/\/inlabtec.com\/de\/serial-dilution-bags-mikrobiologie-inlabtec\/#primaryimage"},"datePublished":"2021-03-24T09:48:48+00:00","dateModified":"2025-06-24T09:42:16+00:00","description":"Die Serienverd\u00fcnnungsbeutel sind speziell f\u00fcr die Inlabtec Serial Diluter Systeme konzipiert. \u2713steril \u2713 materialoptimiert \u2713kosteng\u00fcnstig","breadcrumb":{"@id":"https:\/\/inlabtec.com\/de\/serial-dilution-bags-mikrobiologie-inlabtec\/#breadcrumb"},"inLanguage":"de","potentialAction":[{"@type":"ReadAction","target":["https:\/\/inlabtec.com\/de\/serial-dilution-bags-mikrobiologie-inlabtec\/"]}]},{"@type":"BreadcrumbList","@id":"https:\/\/inlabtec.com\/de\/serial-dilution-bags-mikrobiologie-inlabtec\/#breadcrumb","itemListElement":[{"@type":"ListItem","position":1,"name":"Startseite","item":"https:\/\/inlabtec.com\/de\/"},{"@type":"ListItem","position":2,"name":"Dilution Bags"}]}]}},"_links":{"self":[{"href":"https:\/\/inlabtec.com\/de\/wp-json\/wp\/v2\/pages\/4159"}],"collection":[{"href":"https:\/\/inlabtec.com\/de\/wp-json\/wp\/v2\/pages"}],"about":[{"href":"https:\/\/inlabtec.com\/de\/wp-json\/wp\/v2\/types\/page"}],"author":[{"embeddable":true,"href":"https:\/\/inlabtec.com\/de\/wp-json\/wp\/v2\/users\/1"}],"replies":[{"embeddable":true,"href":"https:\/\/inlabtec.com\/de\/wp-json\/wp\/v2\/comments?post=4159"}],"version-history":[{"count":154,"href":"https:\/\/inlabtec.com\/de\/wp-json\/wp\/v2\/pages\/4159\/revisions"}],"predecessor-version":[{"id":11497,"href":"https:\/\/inlabtec.com\/de\/wp-json\/wp\/v2\/pages\/4159\/revisions\/11497"}],"wp:attachment":[{"href":"https:\/\/inlabtec.com\/de\/wp-json\/wp\/v2\/media?parent=4159"}],"curies":[{"name":"wp","href":"https:\/\/api.w.org\/{rel}","templated":true}]}}