{"id":37,"date":"2020-10-28T09:10:22","date_gmt":"2020-10-28T09:10:22","guid":{"rendered":"https:\/\/wordpress.inlabtec.ch\/?page_id=37"},"modified":"2021-03-23T11:12:48","modified_gmt":"2021-03-23T10:12:48","slug":"news","status":"publish","type":"page","link":"https:\/\/inlabtec.com\/de\/news\/","title":{"rendered":"News"},"content":{"rendered":"\n<h1>News<\/h1>\n\n\n<div class=\"wp-block-coblocks-post-carousel external\"><div class=\"coblocks-swiper swiper-container pb-8\" data-swiper=\"{&quot;slidesToScroll&quot;:1,&quot;arrow&quot;:true,&quot;slidesToShow&quot;:2,&quot;infinite&quot;:true,&quot;adaptiveHeight&quot;:false,&quot;draggable&quot;:true,&quot;rtl&quot;:false,&quot;responsive&quot;:[{&quot;breakpoint&quot;:1024,&quot;settings&quot;:{&quot;slidesToShow&quot;:3}},{&quot;breakpoint&quot;:600,&quot;settings&quot;:{&quot;slidesToShow&quot;:2}},{&quot;breakpoint&quot;:480,&quot;settings&quot;:{&quot;slidesToShow&quot;:1}}]}\"><div class=\"swiper-wrapper\" ><div class=\"wp-block-coblocks-post-carousel__item swiper-slide\"><div class=\"wp-block-coblocks-post-carousel__content\"><time datetime=\"2026-02-06T11:21:53+01:00\" class=\"wp-block-coblocks-post-carousel__date\">Februar 6, 2026<\/time><a href=\"https:\/\/inlabtec.com\/de\/2026\/02\/06\/adhaesionsgreifer-reinigung-anleitung\/\" alt=\"Neue Anleitung: Trockenreinigung von Adh\u00e4sionsgreifern\">Neue Anleitung: Trockenreinigung von Adh\u00e4sionsgreifern<\/a><div class=\"wp-block-coblocks-post-carousel__excerpt\">Eine zuverl\u00e4ssige Haftleistung ist entscheidend f\u00fcr den sicheren Einsatz von Adh\u00e4sionsgreifern. Sichtbare &hellip; <\/div><\/div><\/div><div class=\"wp-block-coblocks-post-carousel__item swiper-slide\"><div class=\"wp-block-coblocks-post-carousel__content\"><time datetime=\"2025-06-04T14:27:21+01:00\" class=\"wp-block-coblocks-post-carousel__date\">Juni 4, 2025<\/time><a href=\"https:\/\/inlabtec.com\/de\/2025\/06\/04\/serienverduennung-mit-inlabtec\/\" alt=\"Wir haben die Labore gefragt \u2013 das haben sie gesagt\">Wir haben die Labore gefragt \u2013 das haben sie gesagt<\/a><div class=\"wp-block-coblocks-post-carousel__excerpt\">Serienverd\u00fcnnung mit Inlabtec bietet Laboren eine einfache L\u00f6sung f\u00fcr ein komplexes Problem: &hellip; <\/div><\/div><\/div><div class=\"wp-block-coblocks-post-carousel__item swiper-slide\"><div class=\"wp-block-coblocks-post-carousel__content\"><time datetime=\"2024-04-04T10:41:11+01:00\" class=\"wp-block-coblocks-post-carousel__date\">April 4, 2024<\/time><a href=\"https:\/\/inlabtec.com\/de\/2024\/04\/04\/direktlieferung-deutschland-inlabtec\/\" alt=\"Neue Direktlieferung nach Deutschland: iNLABTEC AG optimiert Kundenservice und Preise\">Neue Direktlieferung nach Deutschland: iNLABTEC AG optimiert Kundenservice und Preise<\/a><div class=\"wp-block-coblocks-post-carousel__excerpt\">Die iNLABTEC AG und die I&amp;L Biosystems GmbH haben ihre Zusammenarbeit zum &hellip; <\/div><\/div><\/div><div class=\"wp-block-coblocks-post-carousel__item swiper-slide\"><div class=\"wp-block-coblocks-post-carousel__content\"><time datetime=\"2023-09-13T16:56:40+01:00\" class=\"wp-block-coblocks-post-carousel__date\">September 13, 2023<\/time><a href=\"https:\/\/inlabtec.com\/de\/2023\/09\/13\/serial-diluter-uc-automatisch-mikrobiologische-verdunnungen-in-beuteln\/\" alt=\"Serial Diluter UC: Automatisierung mikrobiologischer Verd\u00fcnnungen in Beuteln\">Serial Diluter UC: Automatisierung mikrobiologischer Verd\u00fcnnungen in Beuteln<\/a><div class=\"wp-block-coblocks-post-carousel__excerpt\">Die manuelle Handhabung von Verd\u00fcnnungs-R\u00f6hrchen sowie die Bedienung von Vortexern oder Sch\u00fcttlern &hellip; <\/div><\/div><\/div><div class=\"wp-block-coblocks-post-carousel__item swiper-slide\"><div class=\"wp-block-coblocks-post-carousel__image\"><a href=\"https:\/\/inlabtec.com\/de\/2022\/09\/28\/komfortables-und-effizientes-verduennen-viskoser-matrices\/\" class=\"bg-cover bg-center-center\" style=\"background-image:url(https:\/\/inlabtec.com\/wp-content\/uploads\/2022\/09\/Toothpaste.png)\"><\/a><\/div><div class=\"wp-block-coblocks-post-carousel__content\"><time datetime=\"2022-09-28T13:26:12+01:00\" class=\"wp-block-coblocks-post-carousel__date\">September 28, 2022<\/time><a href=\"https:\/\/inlabtec.com\/de\/2022\/09\/28\/komfortables-und-effizientes-verduennen-viskoser-matrices\/\" alt=\"Komfortables und effizientes Verd\u00fcnnen viskoser Matrices\">Komfortables und effizientes Verd\u00fcnnen viskoser Matrices<\/a><div class=\"wp-block-coblocks-post-carousel__excerpt\">Viskose Lebensmittel, Kosmetikprodukte, etc. lassen sich zum Teil nur umst\u00e4ndlich verd\u00fcnnen zur &hellip; <\/div><\/div><\/div><div class=\"wp-block-coblocks-post-carousel__item swiper-slide\"><div class=\"wp-block-coblocks-post-carousel__content\"><time datetime=\"2022-09-12T10:26:44+01:00\" class=\"wp-block-coblocks-post-carousel__date\">September 12, 2022<\/time><a href=\"https:\/\/inlabtec.com\/de\/2022\/09\/12\/kosten-und-prozessoptimierungen-in-anspruchsvollen-zeiten\/\" alt=\"Kosten- und Prozessoptimierungen in anspruchsvollen Zeiten\">Kosten- und Prozessoptimierungen in anspruchsvollen Zeiten<\/a><div class=\"wp-block-coblocks-post-carousel__excerpt\">Die aktuelle Wirtschaftslage, mit massiven Preisanstiegen bei Material und Transport, Mengen- und &hellip; <\/div><\/div><\/div><div class=\"wp-block-coblocks-post-carousel__item swiper-slide\"><div class=\"wp-block-coblocks-post-carousel__image\"><a href=\"https:\/\/inlabtec.com\/de\/2021\/07\/29\/pipette-tip-cutter-einfach-zu-pipettenspitzen-mit-einer-weiten-oeffnung\/\" class=\"bg-cover bg-center-center\" style=\"background-image:url(https:\/\/inlabtec.com\/wp-content\/uploads\/2021\/07\/2021_07_29_Tip_Cutter_in_use-scaled.jpg)\"><\/a><\/div><div class=\"wp-block-coblocks-post-carousel__content\"><time datetime=\"2021-07-29T12:01:40+01:00\" class=\"wp-block-coblocks-post-carousel__date\">Juli 29, 2021<\/time><a href=\"https:\/\/inlabtec.com\/de\/2021\/07\/29\/pipette-tip-cutter-einfach-zu-pipettenspitzen-mit-einer-weiten-oeffnung\/\" alt=\"Pipette Tip Cutter: einfach zu Pipettenspitzen mit einer weiten \u00d6ffnung\">Pipette Tip Cutter: einfach zu Pipettenspitzen mit einer weiten \u00d6ffnung<\/a><div class=\"wp-block-coblocks-post-carousel__excerpt\">Zum Pipettieren von partikelhaltigen Proben oder Proben, welche empfindlich sind auf Scherkr\u00e4fte &hellip; <\/div><\/div><\/div><div class=\"wp-block-coblocks-post-carousel__item swiper-slide\"><div class=\"wp-block-coblocks-post-carousel__image\"><a href=\"https:\/\/inlabtec.com\/de\/2021\/02\/22\/probenvorbereitung-im-beutel-vorteile-fuer-umwelt-und-portemonnaie\/\" class=\"bg-cover bg-center-center\" style=\"background-image:url(https:\/\/inlabtec.com\/wp-content\/uploads\/2021\/03\/Plastic_Waste-1.jpg)\"><\/a><\/div><div class=\"wp-block-coblocks-post-carousel__content\"><time datetime=\"2021-02-22T18:42:20+01:00\" class=\"wp-block-coblocks-post-carousel__date\">Februar 22, 2021<\/time><a href=\"https:\/\/inlabtec.com\/de\/2021\/02\/22\/probenvorbereitung-im-beutel-vorteile-fuer-umwelt-und-portemonnaie\/\" alt=\"Probenverd\u00fcnnung im Beutel: Vorteil f\u00fcr Umwelt und Portemonnaie\">Probenverd\u00fcnnung im Beutel: Vorteil f\u00fcr Umwelt und Portemonnaie<\/a><div class=\"wp-block-coblocks-post-carousel__excerpt\">Im Arbeitsalltag der meisten biologischen Laboratorien ist die Verwendung von Einwegmaterial aus &hellip; <\/div><\/div><\/div><div class=\"wp-block-coblocks-post-carousel__item swiper-slide\"><div class=\"wp-block-coblocks-post-carousel__image\"><a href=\"https:\/\/inlabtec.com\/de\/2021\/01\/12\/die-vorteile-der-serial-dilution-bags-bei-mikrobiologischen-lebensmitteluntersuchungen\/\" class=\"bg-cover bg-center-center\" style=\"background-image:url(https:\/\/inlabtec.com\/wp-content\/uploads\/2021\/01\/inlabtec_0154_png-e1610448530234.png)\"><\/a><\/div><div class=\"wp-block-coblocks-post-carousel__content\"><time datetime=\"2021-01-12T18:15:14+01:00\" class=\"wp-block-coblocks-post-carousel__date\">Januar 12, 2021<\/time><a href=\"https:\/\/inlabtec.com\/de\/2021\/01\/12\/die-vorteile-der-serial-dilution-bags-bei-mikrobiologischen-lebensmitteluntersuchungen\/\" alt=\"Die Vorteile der Serial Dilution Bags bei mikrobiologischen Lebensmitteluntersuchungen\">Die Vorteile der Serial Dilution Bags bei mikrobiologischen Lebensmitteluntersuchungen<\/a><div class=\"wp-block-coblocks-post-carousel__excerpt\">Wie die zum Standard gewordene Homogenisierung von Lebensmittelproben im Stomacher verwendet der &hellip; <\/div><\/div><\/div><div class=\"wp-block-coblocks-post-carousel__item swiper-slide\"><div class=\"wp-block-coblocks-post-carousel__image\"><a href=\"https:\/\/inlabtec.com\/de\/2020\/12\/12\/die-teilautomatisierung-ist-sowohl-eine-alternative-als-auch-ein-schritt-zur-vollautomatisierung\/\" class=\"bg-cover bg-center-center\" style=\"background-image:url(https:\/\/inlabtec.com\/wp-content\/uploads\/2020\/12\/Lab_Automation.jpg)\"><\/a><\/div><div class=\"wp-block-coblocks-post-carousel__content\"><time datetime=\"2020-12-12T16:14:41+01:00\" class=\"wp-block-coblocks-post-carousel__date\">Dezember 12, 2020<\/time><a href=\"https:\/\/inlabtec.com\/de\/2020\/12\/12\/die-teilautomatisierung-ist-sowohl-eine-alternative-als-auch-ein-schritt-zur-vollautomatisierung\/\" alt=\"Die Teilautomatisierung ist sowohl eine Alternative als auch ein Schritt zur Vollautomatisierung.\">Die Teilautomatisierung ist sowohl eine Alternative als auch ein Schritt zur Vollautomatisierung.<\/a><div class=\"wp-block-coblocks-post-carousel__excerpt\">Steigende Arbeitsbelastung, Kostendruck oder Mangel an qualifiziertem Personal machen Prozessoptimierung und Automatisierung &hellip; <\/div><\/div><\/div><div class=\"wp-block-coblocks-post-carousel__item swiper-slide\"><div class=\"wp-block-coblocks-post-carousel__image\"><a href=\"https:\/\/inlabtec.com\/de\/2020\/10\/19\/pipette-filter-plugs-ueberbruecken-engpass-bei-filterspitzen\/\" class=\"bg-cover bg-center-center\" style=\"background-image:url(https:\/\/inlabtec.com\/wp-content\/uploads\/2020\/11\/Pipette-Filter-Plugs.png)\"><\/a><\/div><div class=\"wp-block-coblocks-post-carousel__content\"><time datetime=\"2020-10-19T14:21:00+01:00\" class=\"wp-block-coblocks-post-carousel__date\">Oktober 19, 2020<\/time><a href=\"https:\/\/inlabtec.com\/de\/2020\/10\/19\/pipette-filter-plugs-ueberbruecken-engpass-bei-filterspitzen\/\" alt=\"Pipette Filter Plugs \u00fcberbr\u00fccken Engpass bei Filterspitzen\">Pipette Filter Plugs \u00fcberbr\u00fccken Engpass bei Filterspitzen<\/a><div class=\"wp-block-coblocks-post-carousel__excerpt\">Aufgrund der schnell wachsenden Anzahl von Covid-19-Tests sind gefilterte 1-ml-Pipettenspitzen zur Mangelware &hellip; <\/div><\/div><\/div><div class=\"wp-block-coblocks-post-carousel__item swiper-slide\"><div class=\"wp-block-coblocks-post-carousel__image\"><a href=\"https:\/\/inlabtec.com\/de\/2019\/07\/01\/neuer-inlabtec-serial-diluter-ua-kostenguenstiges-umweltfreundliches-upgrade-fuer-serielle-verduennungen\/\" class=\"bg-cover bg-center-center\" style=\"background-image:url(https:\/\/inlabtec.com\/wp-content\/uploads\/2020\/11\/Neuer-Serial-Diluter-UA.png)\"><\/a><\/div><div class=\"wp-block-coblocks-post-carousel__content\"><time datetime=\"2019-07-01T14:14:00+01:00\" class=\"wp-block-coblocks-post-carousel__date\">Juli 1, 2019<\/time><a href=\"https:\/\/inlabtec.com\/de\/2019\/07\/01\/neuer-inlabtec-serial-diluter-ua-kostenguenstiges-umweltfreundliches-upgrade-fuer-serielle-verduennungen\/\" alt=\"Neuer Inlabtec Serial Diluter UA\">Neuer Inlabtec Serial Diluter UA<\/a><div class=\"wp-block-coblocks-post-carousel__excerpt\">Der neue Serial Diluter UA ist ein universeller Probenverd\u00fcnner f\u00fcr Dezimalverd\u00fcnnungen f\u00fcr &hellip; <\/div><\/div><\/div><div class=\"wp-block-coblocks-post-carousel__item swiper-slide\"><div class=\"wp-block-coblocks-post-carousel__image\"><a href=\"https:\/\/inlabtec.com\/de\/2018\/03\/16\/neu-serial-diluter-ta12\/\" class=\"bg-cover bg-center-center\" style=\"background-image:url(https:\/\/inlabtec.com\/wp-content\/uploads\/2020\/11\/TA12.png)\"><\/a><\/div><div class=\"wp-block-coblocks-post-carousel__content\"><time datetime=\"2018-03-16T14:10:00+01:00\" class=\"wp-block-coblocks-post-carousel__date\">M\u00e4rz 16, 2018<\/time><a href=\"https:\/\/inlabtec.com\/de\/2018\/03\/16\/neu-serial-diluter-ta12\/\" alt=\"Neu: Serial Diluter TA12\">Neu: Serial Diluter TA12<\/a><div class=\"wp-block-coblocks-post-carousel__excerpt\">Die iNLABTEC AG lanciert den Serial Diluter TA12 als Antwort auf die &hellip; <\/div><\/div><\/div><div class=\"wp-block-coblocks-post-carousel__item swiper-slide\"><div class=\"wp-block-coblocks-post-carousel__image\"><a href=\"https:\/\/inlabtec.com\/de\/2017\/10\/10\/labo-das-magazin-fuer-labortechnik-step-by-step\/\" class=\"bg-cover bg-center-center\" style=\"background-image:url(https:\/\/inlabtec.com\/wp-content\/uploads\/2020\/11\/2018_08_21_comparison_z-scores.png.png)\"><\/a><\/div><div class=\"wp-block-coblocks-post-carousel__content\"><time datetime=\"2017-10-10T10:21:00+01:00\" class=\"wp-block-coblocks-post-carousel__date\">Oktober 10, 2017<\/time><a href=\"https:\/\/inlabtec.com\/de\/2017\/10\/10\/labo-das-magazin-fuer-labortechnik-step-by-step\/\" alt=\"LABO das Magazin f\u00fcr Labortechnik: Step by Step\">LABO das Magazin f\u00fcr Labortechnik: Step by Step<\/a><div class=\"wp-block-coblocks-post-carousel__excerpt\">Der Labo-Fachartikel beschreibt, wie mit dem Inlabtec Serial Diluter der Erstellen von &hellip; <\/div><\/div><\/div><div class=\"wp-block-coblocks-post-carousel__item swiper-slide\"><div class=\"wp-block-coblocks-post-carousel__image\"><a href=\"https:\/\/inlabtec.com\/de\/2017\/08\/04\/anfaengliche-skepsis-ist-rasch-verflogen\/\" class=\"bg-cover bg-center-center\" style=\"background-image:url(https:\/\/inlabtec.com\/wp-content\/uploads\/2020\/11\/ZLM.png)\"><\/a><\/div><div class=\"wp-block-coblocks-post-carousel__content\"><time datetime=\"2017-08-04T10:19:00+01:00\" class=\"wp-block-coblocks-post-carousel__date\">August 4, 2017<\/time><a href=\"https:\/\/inlabtec.com\/de\/2017\/08\/04\/anfaengliche-skepsis-ist-rasch-verflogen\/\" alt=\"Anf\u00e4ngliche Skepsis ist rasch verflogen\">Anf\u00e4ngliche Skepsis ist rasch verflogen<\/a><div class=\"wp-block-coblocks-post-carousel__excerpt\">Die SGS-Gruppe ist weltweit f\u00fchrend in den Bereichen Pr\u00fcfen, Testen, Verifizieren und &hellip; <\/div><\/div><\/div><div class=\"wp-block-coblocks-post-carousel__item swiper-slide\"><div class=\"wp-block-coblocks-post-carousel__image\"><a href=\"https:\/\/inlabtec.com\/de\/2016\/09\/06\/prozessoptimierung-mit-dem-inlabtec-serial-diluter\/\" class=\"bg-cover bg-center-center\" style=\"background-image:url(https:\/\/inlabtec.com\/wp-content\/uploads\/2020\/11\/Labor_Wessling_Lyss.jpg)\"><\/a><\/div><div class=\"wp-block-coblocks-post-carousel__content\"><time datetime=\"2016-09-06T10:18:00+01:00\" class=\"wp-block-coblocks-post-carousel__date\">September 6, 2016<\/time><a href=\"https:\/\/inlabtec.com\/de\/2016\/09\/06\/prozessoptimierung-mit-dem-inlabtec-serial-diluter\/\" alt=\"Prozessoptimierung mit dem Inlabtec Serial Diluter\">Prozessoptimierung mit dem Inlabtec Serial Diluter<\/a><div class=\"wp-block-coblocks-post-carousel__excerpt\">Die WESSLING AG in Lyss, Schweiz, ist ein f\u00fchrender Analytik-Dienstleister in den &hellip; <\/div><\/div><\/div><div class=\"wp-block-coblocks-post-carousel__item swiper-slide\"><div class=\"wp-block-coblocks-post-carousel__image\"><a href=\"https:\/\/inlabtec.com\/de\/2016\/06\/07\/gewaschene-reagenzglaeser-sauber-genug\/\" class=\"bg-cover bg-center-center\" style=\"background-image:url(https:\/\/inlabtec.com\/wp-content\/uploads\/2020\/11\/Start_Dilution_Process.png)\"><\/a><\/div><div class=\"wp-block-coblocks-post-carousel__content\"><time datetime=\"2016-06-07T13:40:00+01:00\" class=\"wp-block-coblocks-post-carousel__date\">Juni 7, 2016<\/time><a href=\"https:\/\/inlabtec.com\/de\/2016\/06\/07\/gewaschene-reagenzglaeser-sauber-genug\/\" alt=\"Gewaschene Reagenzgl\u00e4ser: Sauber genug?!\">Gewaschene Reagenzgl\u00e4ser: Sauber genug?!<\/a><div class=\"wp-block-coblocks-post-carousel__excerpt\">Vergleichende Keimzahlbestimmungen nach Verd\u00fcnnungsreihen mit Reagenzgl\u00e4sern und dem Inlabtec Serial Diluter haben &hellip; <\/div><\/div><\/div><div class=\"wp-block-coblocks-post-carousel__item swiper-slide\"><div class=\"wp-block-coblocks-post-carousel__image\"><a href=\"https:\/\/inlabtec.com\/de\/2015\/11\/12\/inlabtec-serial-diluter-eine-super-sache\/\" class=\"bg-cover bg-center-center\" style=\"background-image:url(https:\/\/inlabtec.com\/wp-content\/uploads\/2020\/11\/Wander-AG.jpg)\"><\/a><\/div><div class=\"wp-block-coblocks-post-carousel__content\"><time datetime=\"2015-11-12T10:17:00+01:00\" class=\"wp-block-coblocks-post-carousel__date\">November 12, 2015<\/time><a href=\"https:\/\/inlabtec.com\/de\/2015\/11\/12\/inlabtec-serial-diluter-eine-super-sache\/\" alt=\"Inlabtec Serial Diluter: Eine super Sache!\">Inlabtec Serial Diluter: Eine super Sache!<\/a><div class=\"wp-block-coblocks-post-carousel__excerpt\">Die Wander AG in Neuenegg bei Bern produziert seit 150 Jahren hochwertige &hellip; <\/div><\/div><\/div><div class=\"wp-block-coblocks-post-carousel__item swiper-slide\"><div class=\"wp-block-coblocks-post-carousel__image\"><a href=\"https:\/\/inlabtec.com\/de\/2015\/05\/21\/beschleunigung-durch-die-vereinfachung-von-routineprozessen\/\" class=\"bg-cover bg-center-center\" style=\"background-image:url(https:\/\/inlabtec.com\/wp-content\/uploads\/2015\/05\/LKS-Labor-rgb.png)\"><\/a><\/div><div class=\"wp-block-coblocks-post-carousel__content\"><time datetime=\"2015-05-21T10:15:00+01:00\" class=\"wp-block-coblocks-post-carousel__date\">Mai 21, 2015<\/time><a href=\"https:\/\/inlabtec.com\/de\/2015\/05\/21\/beschleunigung-durch-die-vereinfachung-von-routineprozessen\/\" alt=\"Beschleunigung durch die Vereinfachung von Routineprozessen\">Beschleunigung durch die Vereinfachung von Routineprozessen<\/a><div class=\"wp-block-coblocks-post-carousel__excerpt\">Die deutsche LKS- Landwirtschaftliche Kommunikations- und Servicegesellschaft mbH (www.lks-mbh.com) ist erfolgreich im &hellip; <\/div><\/div><\/div><div class=\"wp-block-coblocks-post-carousel__item swiper-slide\"><div class=\"wp-block-coblocks-post-carousel__image\"><a href=\"https:\/\/inlabtec.com\/de\/2015\/02\/08\/inlabtec-serial-diluter-uebertrifft-die-hohen-erwartungen\/\" class=\"bg-cover bg-center-center\" style=\"background-image:url(https:\/\/inlabtec.com\/wp-content\/uploads\/2020\/11\/Logo_ZLM.png)\"><\/a><\/div><div class=\"wp-block-coblocks-post-carousel__content\"><time datetime=\"2015-02-08T10:09:00+01:00\" class=\"wp-block-coblocks-post-carousel__date\">Februar 8, 2015<\/time><a href=\"https:\/\/inlabtec.com\/de\/2015\/02\/08\/inlabtec-serial-diluter-uebertrifft-die-hohen-erwartungen\/\" alt=\"Inlabtec Serial Diluter \u00fcbertrifft die hohen Erwartungen\">Inlabtec Serial Diluter \u00fcbertrifft die hohen Erwartungen<\/a><div class=\"wp-block-coblocks-post-carousel__excerpt\">Das Zentrum f\u00fcr Labormedizin (ZLM) in St. Gallen ist ein Kompetenzzentrum f\u00fcr &hellip; <\/div><\/div><\/div><\/div><\/div><button class=\"wp-coblocks-post-carousel-nav-button__prev\" id=\"wp-coblocks-post-carousel-swiper-prev\" style=\"visibility:hidden\" \/><button class=\"wp-coblocks-post-carousel-nav-button__next\" id=\"wp-coblocks-post-carousel-swiper-next\" style=\"visibility:hidden\" \/><\/div>","protected":false},"excerpt":{"rendered":"<p>News<\/p>\n","protected":false},"author":1,"featured_media":0,"parent":0,"menu_order":0,"comment_status":"closed","ping_status":"closed","template":"","meta":{"_coblocks_attr":"","_coblocks_dimensions":"","_coblocks_responsive_height":"","_coblocks_accordion_ie_support":""},"acf":[],"yoast_head":"<!-- This site is optimized with the Yoast SEO plugin v19.3 - https:\/\/yoast.com\/wordpress\/plugins\/seo\/ -->\n<title>Inlabtec News - Neuigkeiten von uns<\/title>\n<meta name=\"robots\" content=\"index, follow, max-snippet:-1, max-image-preview:large, max-video-preview:-1\" \/>\n<link rel=\"canonical\" href=\"https:\/\/inlabtec.com\/de\/news\/\" \/>\n<meta property=\"og:locale\" content=\"de_DE\" \/>\n<meta property=\"og:type\" content=\"article\" \/>\n<meta property=\"og:title\" content=\"Inlabtec News - Neuigkeiten von uns\" \/>\n<meta property=\"og:description\" content=\"News\" \/>\n<meta property=\"og:url\" content=\"https:\/\/inlabtec.com\/de\/news\/\" \/>\n<meta property=\"og:site_name\" content=\"Inlabtec\" \/>\n<meta property=\"article:modified_time\" content=\"2021-03-23T10:12:48+00:00\" \/>\n<meta name=\"twitter:card\" content=\"summary_large_image\" \/>\n<meta name=\"twitter:label1\" content=\"Gesch\u00e4tzte Lesezeit\" \/>\n\t<meta name=\"twitter:data1\" content=\"1\u00a0Minute\" \/>\n<script type=\"application\/ld+json\" class=\"yoast-schema-graph\">{\"@context\":\"https:\/\/schema.org\",\"@graph\":[{\"@type\":\"Organization\",\"@id\":\"https:\/\/inlabtec.com\/#organization\",\"name\":\"Inlabtec\",\"url\":\"https:\/\/inlabtec.com\/\",\"sameAs\":[],\"logo\":{\"@type\":\"ImageObject\",\"inLanguage\":\"de\",\"@id\":\"https:\/\/inlabtec.com\/#\/schema\/logo\/image\/\",\"url\":\"https:\/\/inlabtec.com\/wp-content\/uploads\/2020\/11\/Inlabtec_Logo_Transparent-1.png\",\"contentUrl\":\"https:\/\/inlabtec.com\/wp-content\/uploads\/2020\/11\/Inlabtec_Logo_Transparent-1.png\",\"width\":320,\"height\":67,\"caption\":\"Inlabtec\"},\"image\":{\"@id\":\"https:\/\/inlabtec.com\/#\/schema\/logo\/image\/\"}},{\"@type\":\"WebSite\",\"@id\":\"https:\/\/inlabtec.com\/#website\",\"url\":\"https:\/\/inlabtec.com\/\",\"name\":\"Inlabtec\",\"description\":\"Inlabtec\",\"publisher\":{\"@id\":\"https:\/\/inlabtec.com\/#organization\"},\"potentialAction\":[{\"@type\":\"SearchAction\",\"target\":{\"@type\":\"EntryPoint\",\"urlTemplate\":\"https:\/\/inlabtec.com\/?s={search_term_string}\"},\"query-input\":\"required name=search_term_string\"}],\"inLanguage\":\"de\"},{\"@type\":\"WebPage\",\"@id\":\"https:\/\/inlabtec.com\/de\/news\/\",\"url\":\"https:\/\/inlabtec.com\/de\/news\/\",\"name\":\"Inlabtec News - Neuigkeiten von uns\",\"isPartOf\":{\"@id\":\"https:\/\/inlabtec.com\/#website\"},\"datePublished\":\"2020-10-28T09:10:22+00:00\",\"dateModified\":\"2021-03-23T10:12:48+00:00\",\"breadcrumb\":{\"@id\":\"https:\/\/inlabtec.com\/de\/news\/#breadcrumb\"},\"inLanguage\":\"de\",\"potentialAction\":[{\"@type\":\"ReadAction\",\"target\":[\"https:\/\/inlabtec.com\/de\/news\/\"]}]},{\"@type\":\"BreadcrumbList\",\"@id\":\"https:\/\/inlabtec.com\/de\/news\/#breadcrumb\",\"itemListElement\":[{\"@type\":\"ListItem\",\"position\":1,\"name\":\"Startseite\",\"item\":\"https:\/\/inlabtec.com\/de\/\"},{\"@type\":\"ListItem\",\"position\":2,\"name\":\"News\"}]}]}<\/script>\n<!-- \/ Yoast SEO plugin. -->","yoast_head_json":{"title":"Inlabtec News - Neuigkeiten von uns","robots":{"index":"index","follow":"follow","max-snippet":"max-snippet:-1","max-image-preview":"max-image-preview:large","max-video-preview":"max-video-preview:-1"},"canonical":"https:\/\/inlabtec.com\/de\/news\/","og_locale":"de_DE","og_type":"article","og_title":"Inlabtec News - Neuigkeiten von uns","og_description":"News","og_url":"https:\/\/inlabtec.com\/de\/news\/","og_site_name":"Inlabtec","article_modified_time":"2021-03-23T10:12:48+00:00","twitter_card":"summary_large_image","twitter_misc":{"Gesch\u00e4tzte Lesezeit":"1\u00a0Minute"},"schema":{"@context":"https:\/\/schema.org","@graph":[{"@type":"Organization","@id":"https:\/\/inlabtec.com\/#organization","name":"Inlabtec","url":"https:\/\/inlabtec.com\/","sameAs":[],"logo":{"@type":"ImageObject","inLanguage":"de","@id":"https:\/\/inlabtec.com\/#\/schema\/logo\/image\/","url":"https:\/\/inlabtec.com\/wp-content\/uploads\/2020\/11\/Inlabtec_Logo_Transparent-1.png","contentUrl":"https:\/\/inlabtec.com\/wp-content\/uploads\/2020\/11\/Inlabtec_Logo_Transparent-1.png","width":320,"height":67,"caption":"Inlabtec"},"image":{"@id":"https:\/\/inlabtec.com\/#\/schema\/logo\/image\/"}},{"@type":"WebSite","@id":"https:\/\/inlabtec.com\/#website","url":"https:\/\/inlabtec.com\/","name":"Inlabtec","description":"Inlabtec","publisher":{"@id":"https:\/\/inlabtec.com\/#organization"},"potentialAction":[{"@type":"SearchAction","target":{"@type":"EntryPoint","urlTemplate":"https:\/\/inlabtec.com\/?s={search_term_string}"},"query-input":"required name=search_term_string"}],"inLanguage":"de"},{"@type":"WebPage","@id":"https:\/\/inlabtec.com\/de\/news\/","url":"https:\/\/inlabtec.com\/de\/news\/","name":"Inlabtec News - Neuigkeiten von uns","isPartOf":{"@id":"https:\/\/inlabtec.com\/#website"},"datePublished":"2020-10-28T09:10:22+00:00","dateModified":"2021-03-23T10:12:48+00:00","breadcrumb":{"@id":"https:\/\/inlabtec.com\/de\/news\/#breadcrumb"},"inLanguage":"de","potentialAction":[{"@type":"ReadAction","target":["https:\/\/inlabtec.com\/de\/news\/"]}]},{"@type":"BreadcrumbList","@id":"https:\/\/inlabtec.com\/de\/news\/#breadcrumb","itemListElement":[{"@type":"ListItem","position":1,"name":"Startseite","item":"https:\/\/inlabtec.com\/de\/"},{"@type":"ListItem","position":2,"name":"News"}]}]}},"_links":{"self":[{"href":"https:\/\/inlabtec.com\/de\/wp-json\/wp\/v2\/pages\/37"}],"collection":[{"href":"https:\/\/inlabtec.com\/de\/wp-json\/wp\/v2\/pages"}],"about":[{"href":"https:\/\/inlabtec.com\/de\/wp-json\/wp\/v2\/types\/page"}],"author":[{"embeddable":true,"href":"https:\/\/inlabtec.com\/de\/wp-json\/wp\/v2\/users\/1"}],"replies":[{"embeddable":true,"href":"https:\/\/inlabtec.com\/de\/wp-json\/wp\/v2\/comments?post=37"}],"version-history":[{"count":5,"href":"https:\/\/inlabtec.com\/de\/wp-json\/wp\/v2\/pages\/37\/revisions"}],"predecessor-version":[{"id":6272,"href":"https:\/\/inlabtec.com\/de\/wp-json\/wp\/v2\/pages\/37\/revisions\/6272"}],"wp:attachment":[{"href":"https:\/\/inlabtec.com\/de\/wp-json\/wp\/v2\/media?parent=37"}],"curies":[{"name":"wp","href":"https:\/\/api.w.org\/{rel}","templated":true}]}}