{"id":18,"date":"2020-10-28T09:00:49","date_gmt":"2020-10-28T08:00:49","guid":{"rendered":"https:\/\/wordpress.inlabtec.ch\/?page_id=18"},"modified":"2021-08-17T08:23:11","modified_gmt":"2021-08-17T07:23:11","slug":"team","status":"publish","type":"page","link":"https:\/\/inlabtec.com\/de\/team\/","title":{"rendered":"Team"},"content":{"rendered":"\n<div style=\"height:20px\" aria-hidden=\"true\" class=\"wp-block-spacer\"><\/div>\n\n\n\n<h1>Team<\/h1>\n\n\n\n<div style=\"height:12px\" aria-hidden=\"true\" class=\"wp-block-spacer\"><\/div>\n\n\n\n<p>Umfassende Qualit\u00e4t und Produktivit\u00e4t bei gleichzeitiger Entlastung der Umwelt stehen im Mittelpunkt unserer Innovationen. Wir haben es uns zur Aufgabe gemacht, Labors bei der Optimierung ihrer Produktivit\u00e4t durch zuverl\u00e4ssige Teilautomatisierung und kosteng\u00fcnstige, umweltfreundliche Verbrauchsmaterialien zu unterst\u00fctzen, die nach dem Gebrauch so wenig Plastikabfall wie m\u00f6glich erzeugen.<\/p>\n\n\n\n<div style=\"height:20px\" aria-hidden=\"true\" class=\"wp-block-spacer\"><\/div>\n\n\n\n<div class=\"wp-block-media-text is-stacked-on-mobile\" style=\"grid-template-columns:46% auto\"><figure class=\"wp-block-media-text__media\"><img loading=\"lazy\" width=\"346\" height=\"230\" src=\"https:\/\/inlabtec.com\/wp-content\/uploads\/2020\/11\/2014_12_04_EFr_346-1.jpg\" alt=\"\" class=\"wp-image-2105 size-full\" srcset=\"https:\/\/inlabtec.com\/wp-content\/uploads\/2020\/11\/2014_12_04_EFr_346-1.jpg 346w, https:\/\/inlabtec.com\/wp-content\/uploads\/2020\/11\/2014_12_04_EFr_346-1-300x199.jpg 300w\" sizes=\"(max-width: 346px) 100vw, 346px\" \/><\/figure><div class=\"wp-block-media-text__content\">\n<p>Ernst Freydl, Dr., Dipl. Ing. ETH, Gr\u00fcnder, forschte nach Ausbildung in Agrarwissenschaften und Elektronik in der Pflanzenzell- und Molekularbiologie. Nach dem Studium, honoriert mit der ETH Medaille, war er 6 Jahre lang an Hochschulen t\u00e4tig und danach \u00fcber 10 Jahre in leitenden Positionen der Laborger\u00e4teindustrie.<\/p>\n<\/div><\/div>\n\n\n\n<div style=\"height:40px\" aria-hidden=\"true\" class=\"wp-block-spacer\"><\/div>\n\n\n\n<div class=\"wp-block-media-text is-stacked-on-mobile\" style=\"grid-template-columns:46% auto\"><figure class=\"wp-block-media-text__media\"><img loading=\"lazy\" width=\"346\" height=\"230\" src=\"https:\/\/inlabtec.com\/wp-content\/uploads\/2020\/11\/2014_12_04_EBo_346-1.jpg\" alt=\"\" class=\"wp-image-2107 size-full\" srcset=\"https:\/\/inlabtec.com\/wp-content\/uploads\/2020\/11\/2014_12_04_EBo_346-1.jpg 346w, https:\/\/inlabtec.com\/wp-content\/uploads\/2020\/11\/2014_12_04_EBo_346-1-300x199.jpg 300w\" sizes=\"(max-width: 346px) 100vw, 346px\" \/><\/figure><div class=\"wp-block-media-text__content\">\n<p>Erwin Bossart, Maschineningenieur FH, Partner, gr\u00fcndete 1991 die Bossart Engineering. Er entwirft und konstruiert L\u00f6sungen in den Bereichen Laborger\u00e4te, Bodenreinigungsmaschinen, Verpackungsmaschinen und Textilmaschinenbau.<\/p>\n<\/div><\/div>\n\n\n\n<div style=\"height:40px\" aria-hidden=\"true\" class=\"wp-block-spacer\"><\/div>\n\n\n\n<div class=\"wp-block-media-text is-stacked-on-mobile\" style=\"grid-template-columns:46% auto\"><figure class=\"wp-block-media-text__media\"><img loading=\"lazy\" width=\"346\" height=\"230\" src=\"https:\/\/inlabtec.com\/wp-content\/uploads\/2020\/11\/2014_12_04_MRi_346-1.jpg\" alt=\"\" class=\"wp-image-2109 size-full\" srcset=\"https:\/\/inlabtec.com\/wp-content\/uploads\/2020\/11\/2014_12_04_MRi_346-1.jpg 346w, https:\/\/inlabtec.com\/wp-content\/uploads\/2020\/11\/2014_12_04_MRi_346-1-300x199.jpg 300w\" sizes=\"(max-width: 346px) 100vw, 346px\" \/><\/figure><div class=\"wp-block-media-text__content\">\n<p>Martin Richiger, Produktionsleiter, Partner, ist gelernter Werkzeugmacher. Durch seine 10-j\u00e4hrige T\u00e4tigkeit als Schulungsverantwortlicher und Leiter Support einer CAD\/CAM-Softwarefirma ist er mit den neuesten Technologien vertraut. Dieses Know-how setzt er seit Jahren als Produktionsleiter im Maschinenbau ein.<\/p>\n<\/div><\/div>\n\n\n\n<div style=\"height:40px\" aria-hidden=\"true\" class=\"wp-block-spacer\"><\/div>\n\n\n\n<div class=\"wp-block-media-text is-stacked-on-mobile\" style=\"grid-template-columns:46% auto\"><figure class=\"wp-block-media-text__media\"><img loading=\"lazy\" width=\"346\" height=\"230\" src=\"https:\/\/inlabtec.com\/wp-content\/uploads\/2020\/11\/2014_12_04_MSt_346-1.jpg\" alt=\"\" class=\"wp-image-2111 size-full\" srcset=\"https:\/\/inlabtec.com\/wp-content\/uploads\/2020\/11\/2014_12_04_MSt_346-1.jpg 346w, https:\/\/inlabtec.com\/wp-content\/uploads\/2020\/11\/2014_12_04_MSt_346-1-300x199.jpg 300w\" sizes=\"(max-width: 346px) 100vw, 346px\" \/><\/figure><div class=\"wp-block-media-text__content\">\n<p>Martin Stamm, Maschineningenieur FH, Executive MBA, Partner, ist Maschinenbauer und Projektleiter mit grosser Erfahrung in verschiedenen Branchen. Er arbeitete mehr als 10 Jahre in der Laborger\u00e4teindustrie als Projekt- und Konstruktionsleiter.<\/p>\n<\/div><\/div>\n\n\n\n<div style=\"height:40px\" aria-hidden=\"true\" class=\"wp-block-spacer\"><\/div>\n\n\n\n<div class=\"wp-block-media-text is-stacked-on-mobile\" style=\"grid-template-columns:46% auto\"><figure class=\"wp-block-media-text__media\"><img loading=\"lazy\" width=\"346\" height=\"230\" src=\"https:\/\/inlabtec.com\/wp-content\/uploads\/2020\/11\/2014_12_04_WVo_346-1.jpg\" alt=\"\" class=\"wp-image-2114 size-full\" srcset=\"https:\/\/inlabtec.com\/wp-content\/uploads\/2020\/11\/2014_12_04_WVo_346-1.jpg 346w, https:\/\/inlabtec.com\/wp-content\/uploads\/2020\/11\/2014_12_04_WVo_346-1-300x199.jpg 300w\" sizes=\"(max-width: 346px) 100vw, 346px\" \/><\/figure><div class=\"wp-block-media-text__content\">\n<p>Werner Vontobel, Elektroingenieur FH, Betriebsingenieur STV, Partner, ist Gr\u00fcnder der Vontobel Engineerung und seit 25 Jahren erfolgreich in der Entwicklung von anspruchsvollen elektronischen Kontrollsystemen f\u00fcr die Medizinal- und Laborindustrie t\u00e4tig.<\/p>\n<\/div><\/div>\n\n\n\n<div style=\"height:40px\" aria-hidden=\"true\" class=\"wp-block-spacer\"><\/div>\n\n\n\n<div class=\"wp-block-media-text is-stacked-on-mobile\" style=\"grid-template-columns:46% auto\"><figure class=\"wp-block-media-text__media\"><img loading=\"lazy\" width=\"346\" height=\"230\" src=\"https:\/\/inlabtec.com\/wp-content\/uploads\/2020\/11\/2014_12_04_MZa__346-1.jpg\" alt=\"\" class=\"wp-image-2120 size-full\" srcset=\"https:\/\/inlabtec.com\/wp-content\/uploads\/2020\/11\/2014_12_04_MZa__346-1.jpg 346w, https:\/\/inlabtec.com\/wp-content\/uploads\/2020\/11\/2014_12_04_MZa__346-1-300x199.jpg 300w\" sizes=\"(max-width: 346px) 100vw, 346px\" \/><\/figure><div class=\"wp-block-media-text__content\">\n<p>Matthias Z\u00e4h, Industrial Designer FH, MAS ETH Caad, Projektleiter und Berater f\u00fcr Industrie- und Corporate Design bei iNLABTEC AG. Matthias Z\u00e4h ist Gr\u00fcnder und Senior Designer bei MAZ ZAEH Industrial Design.<\/p>\n<\/div><\/div>\n\n\n\n<div class=\"wp-container-3 wp-block-columns are-vertically-aligned-bottom\">\n<div class=\"wp-container-1 wp-block-column is-vertically-aligned-bottom\"><\/div>\n\n\n\n<div class=\"wp-container-2 wp-block-column is-vertically-aligned-bottom\"><\/div>\n<\/div>\n","protected":false},"excerpt":{"rendered":"<p>Team Umfassende Qualit\u00e4t und Produktivit\u00e4t bei gleichzeitiger Entlastung der Umwelt stehen im Mittelpunkt unserer Innovationen. Wir haben es uns zur Aufgabe gemacht, Labors bei der Optimierung ihrer Produktivit\u00e4t durch zuverl\u00e4ssige Teilautomatisierung und kosteng\u00fcnstige, umweltfreundliche Verbrauchsmaterialien zu unterst\u00fctzen, die nach dem Gebrauch so wenig Plastikabfall wie m\u00f6glich erzeugen.<\/p>\n","protected":false},"author":1,"featured_media":0,"parent":0,"menu_order":0,"comment_status":"closed","ping_status":"closed","template":"","meta":{"_coblocks_attr":"","_coblocks_dimensions":"","_coblocks_responsive_height":"","_coblocks_accordion_ie_support":""},"acf":[],"yoast_head":"<!-- This site is optimized with the Yoast SEO plugin v19.3 - https:\/\/yoast.com\/wordpress\/plugins\/seo\/ -->\n<title>Inlabtec Team - Mikrobiologische Probenvorbereitung neu erfunden<\/title>\n<meta name=\"description\" content=\"Wie entwickeln innovative L\u00f6sungen, die effizient, kosteng\u00fcnstig und komfortabel im Einsatz sind und sparsam im Ressourcenverbrauch.\" \/>\n<meta name=\"robots\" content=\"index, follow, max-snippet:-1, max-image-preview:large, max-video-preview:-1\" \/>\n<link rel=\"canonical\" href=\"https:\/\/inlabtec.com\/de\/team\/\" \/>\n<meta property=\"og:locale\" content=\"de_DE\" \/>\n<meta property=\"og:type\" content=\"article\" \/>\n<meta property=\"og:title\" content=\"Inlabtec Team - Mikrobiologische Probenvorbereitung neu erfunden\" \/>\n<meta property=\"og:description\" content=\"Wie entwickeln innovative L\u00f6sungen, die effizient, kosteng\u00fcnstig und komfortabel im Einsatz sind und sparsam im Ressourcenverbrauch.\" \/>\n<meta property=\"og:url\" content=\"https:\/\/inlabtec.com\/de\/team\/\" \/>\n<meta property=\"og:site_name\" content=\"Inlabtec\" \/>\n<meta property=\"article:modified_time\" content=\"2021-08-17T07:23:11+00:00\" \/>\n<meta property=\"og:image\" content=\"https:\/\/inlabtec.com\/wp-content\/uploads\/2020\/11\/2014_12_04_EFr_346-1.jpg\" \/>\n<meta name=\"twitter:card\" content=\"summary_large_image\" \/>\n<meta name=\"twitter:label1\" content=\"Gesch\u00e4tzte Lesezeit\" \/>\n\t<meta name=\"twitter:data1\" content=\"3\u00a0Minuten\" \/>\n<script type=\"application\/ld+json\" class=\"yoast-schema-graph\">{\"@context\":\"https:\/\/schema.org\",\"@graph\":[{\"@type\":\"Organization\",\"@id\":\"https:\/\/inlabtec.com\/#organization\",\"name\":\"Inlabtec\",\"url\":\"https:\/\/inlabtec.com\/\",\"sameAs\":[],\"logo\":{\"@type\":\"ImageObject\",\"inLanguage\":\"de\",\"@id\":\"https:\/\/inlabtec.com\/#\/schema\/logo\/image\/\",\"url\":\"https:\/\/inlabtec.com\/wp-content\/uploads\/2020\/11\/Inlabtec_Logo_Transparent-1.png\",\"contentUrl\":\"https:\/\/inlabtec.com\/wp-content\/uploads\/2020\/11\/Inlabtec_Logo_Transparent-1.png\",\"width\":320,\"height\":67,\"caption\":\"Inlabtec\"},\"image\":{\"@id\":\"https:\/\/inlabtec.com\/#\/schema\/logo\/image\/\"}},{\"@type\":\"WebSite\",\"@id\":\"https:\/\/inlabtec.com\/#website\",\"url\":\"https:\/\/inlabtec.com\/\",\"name\":\"Inlabtec\",\"description\":\"Inlabtec\",\"publisher\":{\"@id\":\"https:\/\/inlabtec.com\/#organization\"},\"potentialAction\":[{\"@type\":\"SearchAction\",\"target\":{\"@type\":\"EntryPoint\",\"urlTemplate\":\"https:\/\/inlabtec.com\/?s={search_term_string}\"},\"query-input\":\"required name=search_term_string\"}],\"inLanguage\":\"de\"},{\"@type\":\"ImageObject\",\"inLanguage\":\"de\",\"@id\":\"https:\/\/inlabtec.com\/de\/team\/#primaryimage\",\"url\":\"https:\/\/inlabtec.com\/wp-content\/uploads\/2020\/11\/2014_12_04_EFr_346-1.jpg\",\"contentUrl\":\"https:\/\/inlabtec.com\/wp-content\/uploads\/2020\/11\/2014_12_04_EFr_346-1.jpg\",\"width\":346,\"height\":230},{\"@type\":\"WebPage\",\"@id\":\"https:\/\/inlabtec.com\/de\/team\/\",\"url\":\"https:\/\/inlabtec.com\/de\/team\/\",\"name\":\"Inlabtec Team - Mikrobiologische Probenvorbereitung neu erfunden\",\"isPartOf\":{\"@id\":\"https:\/\/inlabtec.com\/#website\"},\"primaryImageOfPage\":{\"@id\":\"https:\/\/inlabtec.com\/de\/team\/#primaryimage\"},\"datePublished\":\"2020-10-28T08:00:49+00:00\",\"dateModified\":\"2021-08-17T07:23:11+00:00\",\"description\":\"Wie entwickeln innovative L\u00f6sungen, die effizient, kosteng\u00fcnstig und komfortabel im Einsatz sind und sparsam im Ressourcenverbrauch.\",\"breadcrumb\":{\"@id\":\"https:\/\/inlabtec.com\/de\/team\/#breadcrumb\"},\"inLanguage\":\"de\",\"potentialAction\":[{\"@type\":\"ReadAction\",\"target\":[\"https:\/\/inlabtec.com\/de\/team\/\"]}]},{\"@type\":\"BreadcrumbList\",\"@id\":\"https:\/\/inlabtec.com\/de\/team\/#breadcrumb\",\"itemListElement\":[{\"@type\":\"ListItem\",\"position\":1,\"name\":\"Startseite\",\"item\":\"https:\/\/inlabtec.com\/de\/\"},{\"@type\":\"ListItem\",\"position\":2,\"name\":\"Team\"}]}]}<\/script>\n<!-- \/ Yoast SEO plugin. -->","yoast_head_json":{"title":"Inlabtec Team - Mikrobiologische Probenvorbereitung neu erfunden","description":"Wie entwickeln innovative L\u00f6sungen, die effizient, kosteng\u00fcnstig und komfortabel im Einsatz sind und sparsam im Ressourcenverbrauch.","robots":{"index":"index","follow":"follow","max-snippet":"max-snippet:-1","max-image-preview":"max-image-preview:large","max-video-preview":"max-video-preview:-1"},"canonical":"https:\/\/inlabtec.com\/de\/team\/","og_locale":"de_DE","og_type":"article","og_title":"Inlabtec Team - Mikrobiologische Probenvorbereitung neu erfunden","og_description":"Wie entwickeln innovative L\u00f6sungen, die effizient, kosteng\u00fcnstig und komfortabel im Einsatz sind und sparsam im Ressourcenverbrauch.","og_url":"https:\/\/inlabtec.com\/de\/team\/","og_site_name":"Inlabtec","article_modified_time":"2021-08-17T07:23:11+00:00","og_image":[{"url":"https:\/\/inlabtec.com\/wp-content\/uploads\/2020\/11\/2014_12_04_EFr_346-1.jpg"}],"twitter_card":"summary_large_image","twitter_misc":{"Gesch\u00e4tzte Lesezeit":"3\u00a0Minuten"},"schema":{"@context":"https:\/\/schema.org","@graph":[{"@type":"Organization","@id":"https:\/\/inlabtec.com\/#organization","name":"Inlabtec","url":"https:\/\/inlabtec.com\/","sameAs":[],"logo":{"@type":"ImageObject","inLanguage":"de","@id":"https:\/\/inlabtec.com\/#\/schema\/logo\/image\/","url":"https:\/\/inlabtec.com\/wp-content\/uploads\/2020\/11\/Inlabtec_Logo_Transparent-1.png","contentUrl":"https:\/\/inlabtec.com\/wp-content\/uploads\/2020\/11\/Inlabtec_Logo_Transparent-1.png","width":320,"height":67,"caption":"Inlabtec"},"image":{"@id":"https:\/\/inlabtec.com\/#\/schema\/logo\/image\/"}},{"@type":"WebSite","@id":"https:\/\/inlabtec.com\/#website","url":"https:\/\/inlabtec.com\/","name":"Inlabtec","description":"Inlabtec","publisher":{"@id":"https:\/\/inlabtec.com\/#organization"},"potentialAction":[{"@type":"SearchAction","target":{"@type":"EntryPoint","urlTemplate":"https:\/\/inlabtec.com\/?s={search_term_string}"},"query-input":"required name=search_term_string"}],"inLanguage":"de"},{"@type":"ImageObject","inLanguage":"de","@id":"https:\/\/inlabtec.com\/de\/team\/#primaryimage","url":"https:\/\/inlabtec.com\/wp-content\/uploads\/2020\/11\/2014_12_04_EFr_346-1.jpg","contentUrl":"https:\/\/inlabtec.com\/wp-content\/uploads\/2020\/11\/2014_12_04_EFr_346-1.jpg","width":346,"height":230},{"@type":"WebPage","@id":"https:\/\/inlabtec.com\/de\/team\/","url":"https:\/\/inlabtec.com\/de\/team\/","name":"Inlabtec Team - Mikrobiologische Probenvorbereitung neu erfunden","isPartOf":{"@id":"https:\/\/inlabtec.com\/#website"},"primaryImageOfPage":{"@id":"https:\/\/inlabtec.com\/de\/team\/#primaryimage"},"datePublished":"2020-10-28T08:00:49+00:00","dateModified":"2021-08-17T07:23:11+00:00","description":"Wie entwickeln innovative L\u00f6sungen, die effizient, kosteng\u00fcnstig und komfortabel im Einsatz sind und sparsam im Ressourcenverbrauch.","breadcrumb":{"@id":"https:\/\/inlabtec.com\/de\/team\/#breadcrumb"},"inLanguage":"de","potentialAction":[{"@type":"ReadAction","target":["https:\/\/inlabtec.com\/de\/team\/"]}]},{"@type":"BreadcrumbList","@id":"https:\/\/inlabtec.com\/de\/team\/#breadcrumb","itemListElement":[{"@type":"ListItem","position":1,"name":"Startseite","item":"https:\/\/inlabtec.com\/de\/"},{"@type":"ListItem","position":2,"name":"Team"}]}]}},"_links":{"self":[{"href":"https:\/\/inlabtec.com\/de\/wp-json\/wp\/v2\/pages\/18"}],"collection":[{"href":"https:\/\/inlabtec.com\/de\/wp-json\/wp\/v2\/pages"}],"about":[{"href":"https:\/\/inlabtec.com\/de\/wp-json\/wp\/v2\/types\/page"}],"author":[{"embeddable":true,"href":"https:\/\/inlabtec.com\/de\/wp-json\/wp\/v2\/users\/1"}],"replies":[{"embeddable":true,"href":"https:\/\/inlabtec.com\/de\/wp-json\/wp\/v2\/comments?post=18"}],"version-history":[{"count":72,"href":"https:\/\/inlabtec.com\/de\/wp-json\/wp\/v2\/pages\/18\/revisions"}],"predecessor-version":[{"id":5822,"href":"https:\/\/inlabtec.com\/de\/wp-json\/wp\/v2\/pages\/18\/revisions\/5822"}],"wp:attachment":[{"href":"https:\/\/inlabtec.com\/de\/wp-json\/wp\/v2\/media?parent=18"}],"curies":[{"name":"wp","href":"https:\/\/api.w.org\/{rel}","templated":true}]}}