{"id":16,"date":"2020-10-28T08:59:47","date_gmt":"2020-10-28T07:59:47","guid":{"rendered":"https:\/\/wordpress.inlabtec.ch\/?page_id=16"},"modified":"2021-03-22T16:16:55","modified_gmt":"2021-03-22T15:16:55","slug":"kontakt","status":"publish","type":"page","link":"https:\/\/inlabtec.com\/de\/kontakt\/","title":{"rendered":"Kontakt"},"content":{"rendered":"\n<div style=\"height:20px\" aria-hidden=\"true\" class=\"wp-block-spacer\"><\/div>\n\n\n\n<h1>Besten Dank f\u00fcr Ihr Interesse<\/h1>\n\n\n\n<div style=\"height:10px\" aria-hidden=\"true\" class=\"wp-block-spacer\"><\/div>\n\n\n\n<p>Sehr geehrte Besucherin, sehr geehrter Besucher<br><br>Es freut uns, dass Sie sich f\u00fcr Inlabtec interessieren.<br><br>F\u00fcr Ausk\u00fcnfte stehen wir Ihnen Telefonisch, per Mail oder via Kontaktformular gerne zur Verf\u00fcgung.<\/p>\n\n\n\n<p><strong>iNLABTEC AG<br><\/strong>Oberstrasse 149<br>CH-9000 St.Gallen<br>Schweiz<br><br>E-Mail: <a rel=\"noreferrer noopener\" href=\"mailto:info@inlabtec.com\" target=\"_blank\">info@inlabtec.com<\/a><br>Telefon: <a href=\"tel:+41 71 222 48 65\" data-type=\"tel\" data-id=\"tel:+41 71 222 48 65\">+41 71 222 48 65<\/a><\/p>\n\n\n\n<div style=\"height:30px\" aria-hidden=\"true\" class=\"wp-block-spacer\"><\/div>\n\n\n\n<h2>Kontaktformular<\/h2>\n\n\n\n<div style=\"height:10px\" aria-hidden=\"true\" class=\"wp-block-spacer\"><\/div>\n\n\n<div role=\"form\" class=\"wpcf7\" id=\"wpcf7-f51-o1\" lang=\"de-DE\" dir=\"ltr\">\n<div class=\"screen-reader-response\"><p role=\"status\" aria-live=\"polite\" aria-atomic=\"true\"><\/p> <ul><\/ul><\/div>\n<form action=\"\/de\/wp-json\/wp\/v2\/pages\/16#wpcf7-f51-o1\" method=\"post\" class=\"wpcf7-form init\" novalidate=\"novalidate\" data-status=\"init\">\n<div style=\"display: none;\">\n<input type=\"hidden\" name=\"_wpcf7\" value=\"51\" \/>\n<input type=\"hidden\" name=\"_wpcf7_version\" value=\"5.6\" \/>\n<input type=\"hidden\" name=\"_wpcf7_locale\" value=\"de_DE\" \/>\n<input type=\"hidden\" name=\"_wpcf7_unit_tag\" value=\"wpcf7-f51-o1\" \/>\n<input type=\"hidden\" name=\"_wpcf7_container_post\" value=\"0\" \/>\n<input type=\"hidden\" name=\"_wpcf7_posted_data_hash\" value=\"\" \/>\n<input type=\"hidden\" name=\"_wpcf7_recaptcha_response\" value=\"\" \/>\n<\/div>\n<p><label> Name (Pflichtfeld)<br \/>\n    <span class=\"wpcf7-form-control-wrap\" data-name=\"your-name\"><input type=\"text\" name=\"your-name\" value=\"\" size=\"40\" class=\"wpcf7-form-control wpcf7-text wpcf7-validates-as-required\" aria-required=\"true\" aria-invalid=\"false\" \/><\/span> <\/label><\/p>\n<p><label> E-Mail-Adresse (Pflichtfeld)<br \/>\n    <span class=\"wpcf7-form-control-wrap\" data-name=\"your-email\"><input type=\"email\" name=\"your-email\" value=\"\" size=\"40\" class=\"wpcf7-form-control wpcf7-text wpcf7-email wpcf7-validates-as-required wpcf7-validates-as-email\" aria-required=\"true\" aria-invalid=\"false\" \/><\/span> <\/label><\/p>\n<p><label> Betreff<br \/>\n    <span class=\"wpcf7-form-control-wrap\" data-name=\"your-subject\"><input type=\"text\" name=\"your-subject\" value=\"\" size=\"40\" class=\"wpcf7-form-control wpcf7-text\" aria-invalid=\"false\" \/><\/span> <\/label><\/p>\n<p><label> Nachricht<br \/>\n    <span class=\"wpcf7-form-control-wrap\" data-name=\"your-message\"><textarea name=\"your-message\" cols=\"40\" rows=\"10\" class=\"wpcf7-form-control wpcf7-textarea\" aria-invalid=\"false\"><\/textarea><\/span> <\/label><\/p>\n<p><input type=\"submit\" value=\"Senden\" class=\"wpcf7-form-control has-spinner wpcf7-submit\" \/><\/p>\n<div class=\"wpcf7-response-output\" aria-hidden=\"true\"><\/div><\/form><\/div>\n\n\n\n<p>Diese Webseite ist durch reCAPTCHA gesch\u00fctzt und es gelten die <a href=\"https:\/\/policies.google.com\/privacy\" target=\"_blank\" rel=\"noreferrer noopener\">Datenschutzbestimmungen<\/a> und <a href=\"https:\/\/policies.google.com\/terms\" target=\"_blank\" rel=\"noreferrer noopener\">Nutzungsbedingungen<\/a> von Google.<\/p>\n","protected":false},"excerpt":{"rendered":"<p>Besten Dank f\u00fcr Ihr Interesse Sehr geehrte Besucherin, sehr geehrter Besucher Es freut uns, dass Sie sich f\u00fcr Inlabtec interessieren. F\u00fcr Ausk\u00fcnfte stehen wir Ihnen Telefonisch, per Mail oder via Kontaktformular gerne zur Verf\u00fcgung. iNLABTEC AGOberstrasse 149CH-9000 St.GallenSchweiz E-Mail: info@inlabtec.comTelefon: +41 71 222 48 65 Kontaktformular Diese Webseite ist durch reCAPTCHA gesch\u00fctzt und es gelten &#8230; <a title=\"Kontakt\" class=\"read-more\" href=\"https:\/\/inlabtec.com\/de\/kontakt\/\" aria-label=\"Mehr bei Kontakt\">Weiterlesen &#8230;<\/a><\/p>\n","protected":false},"author":1,"featured_media":0,"parent":0,"menu_order":0,"comment_status":"closed","ping_status":"closed","template":"","meta":{"_coblocks_attr":"","_coblocks_dimensions":"","_coblocks_responsive_height":"","_coblocks_accordion_ie_support":""},"acf":[],"yoast_head":"<!-- This site is optimized with the Yoast SEO plugin v19.3 - https:\/\/yoast.com\/wordpress\/plugins\/seo\/ -->\n<title>Inlabtec Kontakt - So erreichen Sie uns<\/title>\n<meta name=\"description\" content=\"F\u00fcr Fragen zu unseren L\u00f6sungen und Produkten stehen wir Ihnen jederzeit zur Verf\u00fcgung. - Wir freuen uns auf Ihre Anfrage.\" \/>\n<meta name=\"robots\" content=\"index, follow, max-snippet:-1, max-image-preview:large, max-video-preview:-1\" \/>\n<link rel=\"canonical\" href=\"https:\/\/inlabtec.com\/de\/kontakt\/\" \/>\n<meta property=\"og:locale\" content=\"de_DE\" \/>\n<meta property=\"og:type\" content=\"article\" \/>\n<meta property=\"og:title\" content=\"Inlabtec Kontakt - So erreichen Sie uns\" \/>\n<meta property=\"og:description\" content=\"F\u00fcr Fragen zu unseren L\u00f6sungen und Produkten stehen wir Ihnen jederzeit zur Verf\u00fcgung. - Wir freuen uns auf Ihre Anfrage.\" \/>\n<meta property=\"og:url\" content=\"https:\/\/inlabtec.com\/de\/kontakt\/\" \/>\n<meta property=\"og:site_name\" content=\"Inlabtec\" \/>\n<meta property=\"article:modified_time\" content=\"2021-03-22T15:16:55+00:00\" \/>\n<meta name=\"twitter:card\" content=\"summary_large_image\" \/>\n<meta name=\"twitter:label1\" content=\"Gesch\u00e4tzte Lesezeit\" \/>\n\t<meta name=\"twitter:data1\" content=\"1\u00a0Minute\" \/>\n<script type=\"application\/ld+json\" class=\"yoast-schema-graph\">{\"@context\":\"https:\/\/schema.org\",\"@graph\":[{\"@type\":\"Organization\",\"@id\":\"https:\/\/inlabtec.com\/#organization\",\"name\":\"Inlabtec\",\"url\":\"https:\/\/inlabtec.com\/\",\"sameAs\":[],\"logo\":{\"@type\":\"ImageObject\",\"inLanguage\":\"de\",\"@id\":\"https:\/\/inlabtec.com\/#\/schema\/logo\/image\/\",\"url\":\"https:\/\/inlabtec.com\/wp-content\/uploads\/2020\/11\/Inlabtec_Logo_Transparent-1.png\",\"contentUrl\":\"https:\/\/inlabtec.com\/wp-content\/uploads\/2020\/11\/Inlabtec_Logo_Transparent-1.png\",\"width\":320,\"height\":67,\"caption\":\"Inlabtec\"},\"image\":{\"@id\":\"https:\/\/inlabtec.com\/#\/schema\/logo\/image\/\"}},{\"@type\":\"WebSite\",\"@id\":\"https:\/\/inlabtec.com\/#website\",\"url\":\"https:\/\/inlabtec.com\/\",\"name\":\"Inlabtec\",\"description\":\"Inlabtec\",\"publisher\":{\"@id\":\"https:\/\/inlabtec.com\/#organization\"},\"potentialAction\":[{\"@type\":\"SearchAction\",\"target\":{\"@type\":\"EntryPoint\",\"urlTemplate\":\"https:\/\/inlabtec.com\/?s={search_term_string}\"},\"query-input\":\"required name=search_term_string\"}],\"inLanguage\":\"de\"},{\"@type\":\"WebPage\",\"@id\":\"https:\/\/inlabtec.com\/de\/kontakt\/\",\"url\":\"https:\/\/inlabtec.com\/de\/kontakt\/\",\"name\":\"Inlabtec Kontakt - So erreichen Sie uns\",\"isPartOf\":{\"@id\":\"https:\/\/inlabtec.com\/#website\"},\"datePublished\":\"2020-10-28T07:59:47+00:00\",\"dateModified\":\"2021-03-22T15:16:55+00:00\",\"description\":\"F\u00fcr Fragen zu unseren L\u00f6sungen und Produkten stehen wir Ihnen jederzeit zur Verf\u00fcgung. - Wir freuen uns auf Ihre Anfrage.\",\"breadcrumb\":{\"@id\":\"https:\/\/inlabtec.com\/de\/kontakt\/#breadcrumb\"},\"inLanguage\":\"de\",\"potentialAction\":[{\"@type\":\"ReadAction\",\"target\":[\"https:\/\/inlabtec.com\/de\/kontakt\/\"]}]},{\"@type\":\"BreadcrumbList\",\"@id\":\"https:\/\/inlabtec.com\/de\/kontakt\/#breadcrumb\",\"itemListElement\":[{\"@type\":\"ListItem\",\"position\":1,\"name\":\"Startseite\",\"item\":\"https:\/\/inlabtec.com\/de\/\"},{\"@type\":\"ListItem\",\"position\":2,\"name\":\"Kontakt\"}]}]}<\/script>\n<!-- \/ Yoast SEO plugin. -->","yoast_head_json":{"title":"Inlabtec Kontakt - So erreichen Sie uns","description":"F\u00fcr Fragen zu unseren L\u00f6sungen und Produkten stehen wir Ihnen jederzeit zur Verf\u00fcgung. - Wir freuen uns auf Ihre Anfrage.","robots":{"index":"index","follow":"follow","max-snippet":"max-snippet:-1","max-image-preview":"max-image-preview:large","max-video-preview":"max-video-preview:-1"},"canonical":"https:\/\/inlabtec.com\/de\/kontakt\/","og_locale":"de_DE","og_type":"article","og_title":"Inlabtec Kontakt - So erreichen Sie uns","og_description":"F\u00fcr Fragen zu unseren L\u00f6sungen und Produkten stehen wir Ihnen jederzeit zur Verf\u00fcgung. - Wir freuen uns auf Ihre Anfrage.","og_url":"https:\/\/inlabtec.com\/de\/kontakt\/","og_site_name":"Inlabtec","article_modified_time":"2021-03-22T15:16:55+00:00","twitter_card":"summary_large_image","twitter_misc":{"Gesch\u00e4tzte Lesezeit":"1\u00a0Minute"},"schema":{"@context":"https:\/\/schema.org","@graph":[{"@type":"Organization","@id":"https:\/\/inlabtec.com\/#organization","name":"Inlabtec","url":"https:\/\/inlabtec.com\/","sameAs":[],"logo":{"@type":"ImageObject","inLanguage":"de","@id":"https:\/\/inlabtec.com\/#\/schema\/logo\/image\/","url":"https:\/\/inlabtec.com\/wp-content\/uploads\/2020\/11\/Inlabtec_Logo_Transparent-1.png","contentUrl":"https:\/\/inlabtec.com\/wp-content\/uploads\/2020\/11\/Inlabtec_Logo_Transparent-1.png","width":320,"height":67,"caption":"Inlabtec"},"image":{"@id":"https:\/\/inlabtec.com\/#\/schema\/logo\/image\/"}},{"@type":"WebSite","@id":"https:\/\/inlabtec.com\/#website","url":"https:\/\/inlabtec.com\/","name":"Inlabtec","description":"Inlabtec","publisher":{"@id":"https:\/\/inlabtec.com\/#organization"},"potentialAction":[{"@type":"SearchAction","target":{"@type":"EntryPoint","urlTemplate":"https:\/\/inlabtec.com\/?s={search_term_string}"},"query-input":"required name=search_term_string"}],"inLanguage":"de"},{"@type":"WebPage","@id":"https:\/\/inlabtec.com\/de\/kontakt\/","url":"https:\/\/inlabtec.com\/de\/kontakt\/","name":"Inlabtec Kontakt - So erreichen Sie uns","isPartOf":{"@id":"https:\/\/inlabtec.com\/#website"},"datePublished":"2020-10-28T07:59:47+00:00","dateModified":"2021-03-22T15:16:55+00:00","description":"F\u00fcr Fragen zu unseren L\u00f6sungen und Produkten stehen wir Ihnen jederzeit zur Verf\u00fcgung. - Wir freuen uns auf Ihre Anfrage.","breadcrumb":{"@id":"https:\/\/inlabtec.com\/de\/kontakt\/#breadcrumb"},"inLanguage":"de","potentialAction":[{"@type":"ReadAction","target":["https:\/\/inlabtec.com\/de\/kontakt\/"]}]},{"@type":"BreadcrumbList","@id":"https:\/\/inlabtec.com\/de\/kontakt\/#breadcrumb","itemListElement":[{"@type":"ListItem","position":1,"name":"Startseite","item":"https:\/\/inlabtec.com\/de\/"},{"@type":"ListItem","position":2,"name":"Kontakt"}]}]}},"_links":{"self":[{"href":"https:\/\/inlabtec.com\/de\/wp-json\/wp\/v2\/pages\/16"}],"collection":[{"href":"https:\/\/inlabtec.com\/de\/wp-json\/wp\/v2\/pages"}],"about":[{"href":"https:\/\/inlabtec.com\/de\/wp-json\/wp\/v2\/types\/page"}],"author":[{"embeddable":true,"href":"https:\/\/inlabtec.com\/de\/wp-json\/wp\/v2\/users\/1"}],"replies":[{"embeddable":true,"href":"https:\/\/inlabtec.com\/de\/wp-json\/wp\/v2\/comments?post=16"}],"version-history":[{"count":22,"href":"https:\/\/inlabtec.com\/de\/wp-json\/wp\/v2\/pages\/16\/revisions"}],"predecessor-version":[{"id":4115,"href":"https:\/\/inlabtec.com\/de\/wp-json\/wp\/v2\/pages\/16\/revisions\/4115"}],"wp:attachment":[{"href":"https:\/\/inlabtec.com\/de\/wp-json\/wp\/v2\/media?parent=16"}],"curies":[{"name":"wp","href":"https:\/\/api.w.org\/{rel}","templated":true}]}}