{"id":10,"date":"2020-10-28T08:27:38","date_gmt":"2020-10-28T07:27:38","guid":{"rendered":"https:\/\/wordpress.inlabtec.ch\/?page_id=10"},"modified":"2025-11-04T14:44:35","modified_gmt":"2025-11-04T13:44:35","slug":"distribution","status":"publish","type":"page","link":"https:\/\/inlabtec.com\/de\/distribution\/","title":{"rendered":"Distribution"},"content":{"rendered":"\n<div style=\"height:20px\" aria-hidden=\"true\" class=\"wp-block-spacer\"><\/div>\n\n\n\n<h1>Distribution<\/h1>\n\n\n\n<p>Unsere internationalen Distributoren sind kompetente und zuverl\u00e4ssige Partner, die ihre Kunden optimal beraten und betreuen. Zudem verf\u00fcgen Sie \u00fcber einen Serial Diluter f\u00fcr Vorf\u00fchrungen und Teststellungen bei Interesse.<br>Falls f\u00fcr Ihr Land kein Distributionspartner aufgef\u00fchrt ist, so nehmen Sie bitte direkt Kontakt mit uns auf.<\/p>\n\n\n\n<div style=\"height:10px\" aria-hidden=\"true\" class=\"wp-block-spacer\"><\/div>\n\n\n\n<div class=\"wp-container-3 wp-block-columns are-vertically-aligned-bottom\">\n<div class=\"wp-container-1 wp-block-column is-vertically-aligned-bottom\">\n<h2>Australien<\/h2>\n\n\n<div class=\"wp-block-image\">\n<figure class=\"alignleft size-full\"><a href=\"https:\/\/intermedmedical.com.au\/contact-us\" target=\"_blank\" rel=\"noopener noreferrer\"><img loading=\"lazy\" width=\"180\" height=\"58\" src=\"https:\/\/inlabtec.com\/wp-content\/uploads\/2024\/05\/InterMed-Logo.png\" alt=\"\" class=\"wp-image-9006\"\/><\/a><\/figure><\/div><\/div>\n\n\n\n<div class=\"wp-container-2 wp-block-column is-vertically-aligned-bottom\">\n<p>InterMed Medical Pty Limited<br>Transtech Business Park, Unit 2, 12 Mars Road<br>Lane Cove West<br>NSW 2066<\/p>\n<\/div>\n<\/div>\n\n\n\n<div class=\"wp-container-6 wp-block-columns are-vertically-aligned-bottom\">\n<div class=\"wp-container-4 wp-block-column is-vertically-aligned-bottom\">\n<h2>Benelux Staaten<\/h2>\n\n\n<div class=\"wp-block-image\">\n<figure class=\"alignleft size-full\"><a href=\"https:\/\/www.humeau.com\/contacts\" target=\"_blank\" rel=\"noreferrer noopener\"><img loading=\"lazy\" width=\"172\" height=\"86\" src=\"https:\/\/inlabtec.com\/wp-content\/uploads\/2020\/11\/Logo_Laboratoires_Humeau.jpg\" alt=\"\" class=\"wp-image-777\"\/><\/a><\/figure><\/div><\/div>\n\n\n\n<div class=\"wp-container-5 wp-block-column is-vertically-aligned-bottom\">\n<p>Laboratoire Humeau<br>4 Rue Kepler<br>44240 Chapelle sur Erdre (La)<\/p>\n<\/div>\n<\/div>\n\n\n\n<div class=\"wp-container-9 wp-block-columns are-vertically-aligned-bottom\">\n<div class=\"wp-container-7 wp-block-column is-vertically-aligned-bottom\">\n<h2>China<\/h2>\n\n\n\n<figure class=\"wp-block-image size-full\"><a href=\"https:\/\/www.punmicro.com\/contact.html\" target=\"_blank\" rel=\"noopener noreferrer\"><img loading=\"lazy\" width=\"178\" height=\"73\" src=\"https:\/\/inlabtec.com\/wp-content\/uploads\/2023\/01\/Punmicro_Logo_new.png\" alt=\"\" class=\"wp-image-6470\"\/><\/a><\/figure>\n\n\n\n<p><\/p>\n<\/div>\n\n\n\n<div class=\"wp-container-8 wp-block-column is-vertically-aligned-bottom\">\n<p>Shanghai Punmicro Scientific Co., Ltd<br>Rm.706, B building, Flourish Lotus Plaza<br>No.1050 Wuzhong Road, Shanghai<\/p>\n<\/div>\n<\/div>\n\n\n\n<div class=\"wp-container-12 wp-block-columns are-vertically-aligned-bottom\">\n<div class=\"wp-container-10 wp-block-column is-vertically-aligned-bottom\">\n<h2>D\u00e4nemark<\/h2>\n\n\n<div class=\"wp-block-image\">\n<figure class=\"alignleft size-large\"><a href=\"https:\/\/dorteegelund.dk\/kontakt-os\/\" target=\"_blank\" rel=\"noreferrer noopener\"><img loading=\"lazy\" width=\"175\" height=\"85\" src=\"https:\/\/inlabtec.com\/wp-content\/uploads\/2020\/11\/Logo_Dorte_Egelund_ApS_.png\" alt=\"\" class=\"wp-image-772\"\/><\/a><\/figure><\/div><\/div>\n\n\n\n<div class=\"wp-container-11 wp-block-column is-vertically-aligned-bottom\">\n<p>Dorte Egelund ApS<br>Vestre Hedevej 15<br>4000 Roskilde<\/p>\n<\/div>\n<\/div>\n\n\n\n<div class=\"wp-container-15 wp-block-columns are-vertically-aligned-bottom\">\n<div class=\"wp-container-13 wp-block-column is-vertically-aligned-bottom\">\n<h2>Deutschland<\/h2>\n\n\n<div class=\"wp-block-image\">\n<figure class=\"alignleft size-large\"><img loading=\"lazy\" width=\"188\" height=\"41\" src=\"https:\/\/inlabtec.com\/wp-content\/uploads\/2020\/11\/inlabtec.png\" alt=\"\" class=\"wp-image-793\"\/><\/figure><\/div><\/div>\n\n\n\n<div class=\"wp-container-14 wp-block-column is-vertically-aligned-bottom\">\n<p>iNLABTEC AG<br>Oberstrasse 149<br>9000 St. Gallen<\/p>\n<\/div>\n<\/div>\n\n\n\n<div class=\"wp-container-18 wp-block-columns are-vertically-aligned-bottom\">\n<div class=\"wp-container-16 wp-block-column is-vertically-aligned-bottom\">\n<h2>Frankreich<\/h2>\n\n\n<div class=\"wp-block-image\">\n<figure class=\"alignleft size-large\"><a href=\"https:\/\/www.humeau.com\/contacts\" target=\"_blank\" rel=\"noopener noreferrer\"><img loading=\"lazy\" width=\"172\" height=\"86\" src=\"https:\/\/inlabtec.com\/wp-content\/uploads\/2020\/11\/Logo_Laboratoires_Humeau.jpg\" alt=\"\" class=\"wp-image-777\"\/><\/a><\/figure><\/div><\/div>\n\n\n\n<div class=\"wp-container-17 wp-block-column is-vertically-aligned-bottom\">\n<p>Laboratoire Humeau<br>4 Rue Kepler<br>44240 Chapelle sur Erdre (La)<\/p>\n<\/div>\n<\/div>\n\n\n\n<div class=\"wp-container-21 wp-block-columns are-vertically-aligned-bottom\">\n<div class=\"wp-container-19 wp-block-column is-vertically-aligned-bottom\">\n<h2>Italien<\/h2>\n\n\n<div class=\"wp-block-image\">\n<figure class=\"alignleft size-large\"><a href=\"https:\/\/www.acdm.it\/contatti\/\" target=\"_blank\" rel=\"noopener noreferrer\"><img loading=\"lazy\" width=\"199\" height=\"34\" src=\"https:\/\/inlabtec.com\/wp-content\/uploads\/2020\/11\/logo_acdm_s.png\" alt=\"\" class=\"wp-image-770\"\/><\/a><\/figure><\/div><\/div>\n\n\n\n<div class=\"wp-container-20 wp-block-column is-vertically-aligned-bottom\">\n<p>Analytical Control De Mori s.r.l.<br>via Piero Portaluppi, 15<br>20138 Milano&nbsp;(PT)<\/p>\n<\/div>\n<\/div>\n\n\n\n<div class=\"wp-container-24 wp-block-columns are-vertically-aligned-bottom\">\n<div class=\"wp-container-22 wp-block-column is-vertically-aligned-bottom\">\n<h2>Japan<\/h2>\n\n\n<div class=\"wp-block-image\">\n<figure class=\"alignleft size-large\"><a href=\"https:\/\/cscjp.co.jp\/contact\/\" target=\"_blank\" rel=\"noopener noreferrer\"><img loading=\"lazy\" width=\"171\" height=\"36\" src=\"https:\/\/inlabtec.com\/wp-content\/uploads\/2020\/11\/CSC_Logo_.png\" alt=\"\" class=\"wp-image-817\"\/><\/a><\/figure><\/div><\/div>\n\n\n\n<div class=\"wp-container-23 wp-block-column is-vertically-aligned-bottom\">\n<p>Central Scientific Commerce Inc.<br>1-8-1, Yanagibashi,<br>Taito-Ku, Tokyo, 111-0052<\/p>\n<\/div>\n<\/div>\n\n\n\n<div class=\"wp-container-27 wp-block-columns are-vertically-aligned-bottom\">\n<div class=\"wp-container-25 wp-block-column is-vertically-aligned-bottom\">\n<h2>Korea<\/h2>\n\n\n<div class=\"wp-block-image\">\n<figure class=\"alignleft size-full\"><a href=\"https:\/\/www.dksh.com\/kr-en\/home\/technology\/industries\/scientific-solutions\" target=\"_blank\" rel=\"noreferrer noopener\"><img loading=\"lazy\" width=\"120\" height=\"50\" src=\"https:\/\/inlabtec.com\/wp-content\/uploads\/2025\/11\/DKSH_Logo_s.png\" alt=\"\" class=\"wp-image-12291\"\/><\/a><\/figure><\/div><\/div>\n\n\n\n<div class=\"wp-container-26 wp-block-column is-vertically-aligned-bottom\">\n<p>DKSH Korea Ltd.<br>408 (Guro-dong, Kolon Digital Tower)<br>30, Digital-ro 32-gil, Guro-gu, Seoul 152-77<\/p>\n<\/div>\n<\/div>\n\n\n\n<div class=\"wp-container-30 wp-block-columns are-vertically-aligned-bottom\">\n<div class=\"wp-container-28 wp-block-column is-vertically-aligned-bottom\">\n<h2>Malaysia<\/h2>\n\n\n<div class=\"wp-block-image\">\n<figure class=\"alignleft size-large\"><a href=\"https:\/\/www.tms-lab.com\/contact-us\/\" target=\"_blank\" rel=\"noopener noreferrer\"><img loading=\"lazy\" width=\"176\" height=\"98\" src=\"https:\/\/inlabtec.com\/wp-content\/uploads\/2020\/12\/TMS-Logo-Final-WhiteBG.png\" alt=\"\" class=\"wp-image-3120\"\/><\/a><\/figure><\/div><\/div>\n\n\n\n<div class=\"wp-container-29 wp-block-column is-vertically-aligned-bottom\">\n<p>Team Medical &amp; Scientific Sdn Bhd <br>D2-5-G (G Floor), Block D2, Pusat Perdagangan Dana 1,<br>Jalan PJU 1A\/46,<br>47301 Petaling Jaya<\/p>\n<\/div>\n<\/div>\n\n\n\n<div class=\"wp-container-33 wp-block-columns are-vertically-aligned-bottom\">\n<div class=\"wp-container-31 wp-block-column is-vertically-aligned-bottom\">\n<h2>Neuseeland<\/h2>\n\n\n<div class=\"wp-block-image\">\n<figure class=\"alignleft size-full\"><a href=\"https:\/\/intermed.co.nz\/contact-us\" target=\"_blank\" rel=\"noopener noreferrer\"><img loading=\"lazy\" width=\"180\" height=\"58\" src=\"https:\/\/inlabtec.com\/wp-content\/uploads\/2024\/05\/InterMed-Logo.png\" alt=\"\" class=\"wp-image-9006\"\/><\/a><\/figure><\/div><\/div>\n\n\n\n<div class=\"wp-container-32 wp-block-column is-vertically-aligned-bottom\">\n<p>InterMed Medical Limited<br>71 Apollo Drive<br>Albany<br>Auckland 0632<\/p>\n<\/div>\n<\/div>\n\n\n\n<div class=\"wp-container-36 wp-block-columns are-vertically-aligned-bottom\">\n<div class=\"wp-container-34 wp-block-column is-vertically-aligned-bottom\">\n<h2>Norwegen<\/h2>\n\n\n<div class=\"wp-block-image\">\n<figure class=\"alignleft size-large\"><a href=\"https:\/\/labolytic.no\/kontakt-oss\/\" target=\"_blank\" rel=\"noopener noreferrer\"><img loading=\"lazy\" width=\"87\" height=\"170\" src=\"https:\/\/inlabtec.com\/wp-content\/uploads\/2020\/11\/Logo_Labolytic.png\" alt=\"\" class=\"wp-image-776\"\/><\/a><\/figure><\/div><\/div>\n\n\n\n<div class=\"wp-container-35 wp-block-column is-vertically-aligned-bottom\">\n<p><br><br>Labolytic AS<br>Tungavegen 36<br>7047 Trondheim<\/p>\n<\/div>\n<\/div>\n\n\n\n<div class=\"wp-container-39 wp-block-columns are-vertically-aligned-bottom\">\n<div class=\"wp-container-37 wp-block-column is-vertically-aligned-bottom\">\n<h2>\u00d6sterreich<\/h2>\n\n\n<div class=\"wp-block-image\">\n<figure class=\"alignleft size-large is-resized\"><a href=\"https:\/\/www.labworld.at\/zeller-gmbh\/\" target=\"_blank\" rel=\"noopener noreferrer\"><img loading=\"lazy\" src=\"https:\/\/inlabtec.com\/wp-content\/uploads\/2020\/11\/zeller-logo.png\" alt=\"\" class=\"wp-image-2726\" width=\"119\" height=\"35\"\/><\/a><\/figure><\/div><\/div>\n\n\n\n<div class=\"wp-container-38 wp-block-column is-vertically-aligned-bottom\">\n<p>Zeller GmbH<br>Industriestrasse 1<br>6845 Hohenems<\/p>\n<\/div>\n<\/div>\n\n\n\n<div class=\"wp-container-42 wp-block-columns are-vertically-aligned-bottom\">\n<div class=\"wp-container-40 wp-block-column is-vertically-aligned-bottom\">\n<h2>Polen<\/h2>\n\n\n<div class=\"wp-block-image\">\n<figure class=\"alignleft size-full\"><a href=\"https:\/\/bioing.pl\/informacje-kontaktowe\/\" target=\"_blank\" rel=\"noopener noreferrer\"><img loading=\"lazy\" width=\"150\" height=\"64\" src=\"https:\/\/inlabtec.com\/wp-content\/uploads\/2024\/09\/bioing-logo.png\" alt=\"\" class=\"wp-image-9235\"\/><\/a><\/figure><\/div><\/div>\n\n\n\n<div class=\"wp-container-41 wp-block-column is-vertically-aligned-bottom\">\n<p>BIOING sp. z o.o.<br>ul. Wodzis\u0142awska 358<br>44-274 Rybnik<\/p>\n<\/div>\n<\/div>\n\n\n\n<div class=\"wp-container-45 wp-block-columns are-vertically-aligned-bottom\">\n<div class=\"wp-container-43 wp-block-column is-vertically-aligned-bottom\">\n<h2>Schweiz<\/h2>\n\n\n<div class=\"wp-block-image\">\n<figure class=\"alignleft size-large\"><img loading=\"lazy\" width=\"188\" height=\"41\" src=\"https:\/\/inlabtec.com\/wp-content\/uploads\/2020\/11\/inlabtec.png\" alt=\"\" class=\"wp-image-793\"\/><\/figure><\/div><\/div>\n\n\n\n<div class=\"wp-container-44 wp-block-column is-vertically-aligned-bottom\">\n<p>iNLABTEC AG<br>Oberstrasse 149<br>9000 St. Gallen<\/p>\n<\/div>\n<\/div>\n\n\n\n<div class=\"wp-container-48 wp-block-columns are-vertically-aligned-bottom\">\n<div class=\"wp-container-46 wp-block-column is-vertically-aligned-bottom\">\n<h2>Slowakei<\/h2>\n\n\n<div class=\"wp-block-image\">\n<figure class=\"alignleft size-full\"><a href=\"https:\/\/bioing.sk\/kontakty-2\/\" target=\"_blank\" rel=\"noreferrer noopener\"><img loading=\"lazy\" width=\"150\" height=\"64\" src=\"https:\/\/inlabtec.com\/wp-content\/uploads\/2024\/09\/bioing-logo.png\" alt=\"\" class=\"wp-image-9235\"\/><\/a><\/figure><\/div><\/div>\n\n\n\n<div class=\"wp-container-47 wp-block-column is-vertically-aligned-bottom\">\n<p>BioIng, s.r.o.<br>U H\u0159i\u0161t\u011b 175\/15<br>Ivan\u010dice 66491<\/p>\n<\/div>\n<\/div>\n\n\n\n<div class=\"wp-container-51 wp-block-columns are-vertically-aligned-bottom\">\n<div class=\"wp-container-49 wp-block-column is-vertically-aligned-bottom\">\n<h2>Spanien<\/h2>\n\n\n<div class=\"wp-block-image\">\n<figure class=\"alignleft size-full\"><a href=\"https:\/\/www.humeau.com\/contacts\" target=\"_blank\" rel=\"noopener noreferrer\"><img loading=\"lazy\" width=\"172\" height=\"86\" src=\"https:\/\/inlabtec.com\/wp-content\/uploads\/2020\/11\/Logo_Laboratoires_Humeau.jpg\" alt=\"\" class=\"wp-image-777\"\/><\/a><\/figure><\/div><\/div>\n\n\n\n<div class=\"wp-container-50 wp-block-column is-vertically-aligned-bottom\">\n<p>Laboratoire Humeau<br>4 Rue Kepler<br>44240 Chapelle sur Erdre (La)<\/p>\n<\/div>\n<\/div>\n\n\n\n<div class=\"wp-container-54 wp-block-columns are-vertically-aligned-bottom\">\n<div class=\"wp-container-52 wp-block-column is-vertically-aligned-bottom\">\n<h2>S\u00fcdafrika<\/h2>\n\n\n<div class=\"wp-block-image\">\n<figure class=\"alignleft size-full\"><a href=\"https:\/\/anatech.co.za\/709-2\/\" target=\"_blank\" rel=\"noopener noreferrer\"><img loading=\"lazy\" width=\"160\" height=\"40\" src=\"https:\/\/inlabtec.com\/wp-content\/uploads\/2024\/10\/Anatech_log-1.png\" alt=\"\" class=\"wp-image-9398\"\/><\/a><\/figure><\/div><\/div>\n\n\n\n<div class=\"wp-container-53 wp-block-column is-vertically-aligned-bottom\">\n<p>Anatech Instruments (PTY) LTD<br>Meadowbrook Business Estate<br>2152 Gauteng<\/p>\n<\/div>\n<\/div>\n\n\n\n<div class=\"wp-container-57 wp-block-columns are-vertically-aligned-bottom\">\n<div class=\"wp-container-55 wp-block-column is-vertically-aligned-bottom\">\n<h2>Taiwan<\/h2>\n\n\n<div class=\"wp-block-image\">\n<figure class=\"alignleft size-large\"><a href=\"http:\/\/www.tpm-tpm.com.tw\/index.php\" target=\"_blank\" rel=\"noopener noreferrer\"><img loading=\"lazy\" width=\"106\" height=\"42\" src=\"https:\/\/inlabtec.com\/wp-content\/uploads\/2020\/11\/Logo_TPM_sc.png\" alt=\"\" class=\"wp-image-780\"\/><\/a><\/figure><\/div>\n\n\n<p><\/p>\n<\/div>\n\n\n\n<div class=\"wp-container-56 wp-block-column is-vertically-aligned-bottom\">\n<p>Taiwan Prepared Media Company<br>1F-A, No.8, Lane&nbsp;143, Xinming Road<br>Neihu District, Taipei 114<\/p>\n<\/div>\n<\/div>\n\n\n\n<div class=\"wp-container-60 wp-block-columns are-vertically-aligned-bottom\">\n<div class=\"wp-container-58 wp-block-column is-vertically-aligned-bottom\">\n<h2>Tschechien<\/h2>\n\n\n<div class=\"wp-block-image\">\n<figure class=\"alignleft size-full\"><a href=\"https:\/\/bioing.cz\/kontakty\/\" target=\"_blank\" rel=\"noopener noreferrer\"><img loading=\"lazy\" width=\"150\" height=\"64\" src=\"https:\/\/inlabtec.com\/wp-content\/uploads\/2024\/09\/bioing-logo.png\" alt=\"\" class=\"wp-image-9235\"\/><\/a><\/figure><\/div><\/div>\n\n\n\n<div class=\"wp-container-59 wp-block-column is-vertically-aligned-bottom\">\n<p>BioIng, s.r.o.<br>U H\u0159i\u0161t\u011b 175\/15<br>Ivan\u010dice 66491<\/p>\n<\/div>\n<\/div>\n\n\n\n<div class=\"wp-container-63 wp-block-columns are-vertically-aligned-bottom\">\n<div class=\"wp-container-61 wp-block-column is-vertically-aligned-bottom\">\n<h2>USA<\/h2>\n\n\n<div class=\"wp-block-image\">\n<figure class=\"alignleft size-full\"><a href=\"https:\/\/www.kinematicausa.com\/contact\" target=\"_blank\" rel=\"noopener noreferrer\"><img loading=\"lazy\" width=\"180\" height=\"57\" src=\"https:\/\/inlabtec.com\/wp-content\/uploads\/2024\/10\/Kinematica_logo.png\" alt=\"\" class=\"wp-image-9391\"\/><\/a><\/figure><\/div><\/div>\n\n\n\n<div class=\"wp-container-62 wp-block-column is-vertically-aligned-bottom\">\n<p>Kinematica<br>155 Keyland Court<br>Bohemia, NY 11716<\/p>\n<\/div>\n<\/div>\n\n\n\n<div class=\"wp-container-66 wp-block-columns are-vertically-aligned-bottom\">\n<div class=\"wp-container-64 wp-block-column is-vertically-aligned-bottom\">\n<h2>Vereinigtes K\u00f6nigreich<\/h2>\n\n\n<div class=\"wp-block-image\">\n<figure class=\"alignleft size-large\"><a href=\"https:\/\/trafalgarscientific.co.uk\/contact-us\/\" target=\"_blank\" rel=\"noopener noreferrer\"><img loading=\"lazy\" width=\"171\" height=\"44\" src=\"https:\/\/inlabtec.com\/wp-content\/uploads\/2020\/11\/logo_Trafalgar_Scientific_.png\" alt=\"\" class=\"wp-image-781\"\/><\/a><\/figure><\/div><\/div>\n\n\n\n<div class=\"wp-container-65 wp-block-column is-vertically-aligned-bottom\">\n<p>Trafalgar Scientific Ltd<br>Angle House<br>Leicester, LE3 1UQ<br><\/p>\n<\/div>\n<\/div>\n","protected":false},"excerpt":{"rendered":"<p>Distribution Unsere internationalen Distributoren sind kompetente und zuverl\u00e4ssige Partner, die ihre Kunden optimal beraten und betreuen. Zudem verf\u00fcgen Sie \u00fcber einen Serial Diluter f\u00fcr Vorf\u00fchrungen und Teststellungen bei Interesse.Falls f\u00fcr Ihr Land kein Distributionspartner aufgef\u00fchrt ist, so nehmen Sie bitte direkt Kontakt mit uns auf. Australien InterMed Medical Pty LimitedTranstech Business Park, Unit 2, 12 &#8230; <a title=\"Distribution\" class=\"read-more\" href=\"https:\/\/inlabtec.com\/de\/distribution\/\" aria-label=\"Mehr bei Distribution\">Weiterlesen &#8230;<\/a><\/p>\n","protected":false},"author":1,"featured_media":0,"parent":0,"menu_order":0,"comment_status":"closed","ping_status":"closed","template":"","meta":{"_coblocks_attr":"","_coblocks_dimensions":"","_coblocks_responsive_height":"","_coblocks_accordion_ie_support":""},"acf":[],"yoast_head":"<!-- This site is optimized with the Yoast SEO plugin v19.3 - https:\/\/yoast.com\/wordpress\/plugins\/seo\/ -->\n<title>Inlabtec - Unsere Distributionspartner<\/title>\n<meta name=\"description\" content=\"Wir haben Vertriebspartner auf der ganzen Welt. Finden Sie Ihren Ansprechpartner.\" \/>\n<meta name=\"robots\" content=\"index, follow, max-snippet:-1, max-image-preview:large, max-video-preview:-1\" \/>\n<link rel=\"canonical\" href=\"https:\/\/inlabtec.com\/de\/distribution\/\" \/>\n<meta property=\"og:locale\" content=\"de_DE\" \/>\n<meta property=\"og:type\" content=\"article\" \/>\n<meta property=\"og:title\" content=\"Inlabtec - Unsere Distributionspartner\" \/>\n<meta property=\"og:description\" content=\"Wir haben Vertriebspartner auf der ganzen Welt. Finden Sie Ihren Ansprechpartner.\" \/>\n<meta property=\"og:url\" content=\"https:\/\/inlabtec.com\/de\/distribution\/\" \/>\n<meta property=\"og:site_name\" content=\"Inlabtec\" \/>\n<meta property=\"article:modified_time\" content=\"2025-11-04T13:44:35+00:00\" \/>\n<meta property=\"og:image\" content=\"https:\/\/inlabtec.com\/wp-content\/uploads\/2024\/05\/InterMed-Logo.png\" \/>\n<meta name=\"twitter:card\" content=\"summary_large_image\" \/>\n<meta name=\"twitter:label1\" content=\"Gesch\u00e4tzte Lesezeit\" \/>\n\t<meta name=\"twitter:data1\" content=\"6\u00a0Minuten\" \/>\n<script type=\"application\/ld+json\" class=\"yoast-schema-graph\">{\"@context\":\"https:\/\/schema.org\",\"@graph\":[{\"@type\":\"Organization\",\"@id\":\"https:\/\/inlabtec.com\/#organization\",\"name\":\"Inlabtec\",\"url\":\"https:\/\/inlabtec.com\/\",\"sameAs\":[],\"logo\":{\"@type\":\"ImageObject\",\"inLanguage\":\"de\",\"@id\":\"https:\/\/inlabtec.com\/#\/schema\/logo\/image\/\",\"url\":\"https:\/\/inlabtec.com\/wp-content\/uploads\/2020\/11\/Inlabtec_Logo_Transparent-1.png\",\"contentUrl\":\"https:\/\/inlabtec.com\/wp-content\/uploads\/2020\/11\/Inlabtec_Logo_Transparent-1.png\",\"width\":320,\"height\":67,\"caption\":\"Inlabtec\"},\"image\":{\"@id\":\"https:\/\/inlabtec.com\/#\/schema\/logo\/image\/\"}},{\"@type\":\"WebSite\",\"@id\":\"https:\/\/inlabtec.com\/#website\",\"url\":\"https:\/\/inlabtec.com\/\",\"name\":\"Inlabtec\",\"description\":\"Inlabtec\",\"publisher\":{\"@id\":\"https:\/\/inlabtec.com\/#organization\"},\"potentialAction\":[{\"@type\":\"SearchAction\",\"target\":{\"@type\":\"EntryPoint\",\"urlTemplate\":\"https:\/\/inlabtec.com\/?s={search_term_string}\"},\"query-input\":\"required name=search_term_string\"}],\"inLanguage\":\"de\"},{\"@type\":\"ImageObject\",\"inLanguage\":\"de\",\"@id\":\"https:\/\/inlabtec.com\/de\/distribution\/#primaryimage\",\"url\":\"https:\/\/inlabtec.com\/wp-content\/uploads\/2024\/05\/InterMed-Logo.png\",\"contentUrl\":\"https:\/\/inlabtec.com\/wp-content\/uploads\/2024\/05\/InterMed-Logo.png\",\"width\":180,\"height\":58},{\"@type\":\"WebPage\",\"@id\":\"https:\/\/inlabtec.com\/de\/distribution\/\",\"url\":\"https:\/\/inlabtec.com\/de\/distribution\/\",\"name\":\"Inlabtec - Unsere Distributionspartner\",\"isPartOf\":{\"@id\":\"https:\/\/inlabtec.com\/#website\"},\"primaryImageOfPage\":{\"@id\":\"https:\/\/inlabtec.com\/de\/distribution\/#primaryimage\"},\"datePublished\":\"2020-10-28T07:27:38+00:00\",\"dateModified\":\"2025-11-04T13:44:35+00:00\",\"description\":\"Wir haben Vertriebspartner auf der ganzen Welt. Finden Sie Ihren Ansprechpartner.\",\"breadcrumb\":{\"@id\":\"https:\/\/inlabtec.com\/de\/distribution\/#breadcrumb\"},\"inLanguage\":\"de\",\"potentialAction\":[{\"@type\":\"ReadAction\",\"target\":[\"https:\/\/inlabtec.com\/de\/distribution\/\"]}]},{\"@type\":\"BreadcrumbList\",\"@id\":\"https:\/\/inlabtec.com\/de\/distribution\/#breadcrumb\",\"itemListElement\":[{\"@type\":\"ListItem\",\"position\":1,\"name\":\"Startseite\",\"item\":\"https:\/\/inlabtec.com\/de\/\"},{\"@type\":\"ListItem\",\"position\":2,\"name\":\"Distribution\"}]}]}<\/script>\n<!-- \/ Yoast SEO plugin. -->","yoast_head_json":{"title":"Inlabtec - Unsere Distributionspartner","description":"Wir haben Vertriebspartner auf der ganzen Welt. Finden Sie Ihren Ansprechpartner.","robots":{"index":"index","follow":"follow","max-snippet":"max-snippet:-1","max-image-preview":"max-image-preview:large","max-video-preview":"max-video-preview:-1"},"canonical":"https:\/\/inlabtec.com\/de\/distribution\/","og_locale":"de_DE","og_type":"article","og_title":"Inlabtec - Unsere Distributionspartner","og_description":"Wir haben Vertriebspartner auf der ganzen Welt. Finden Sie Ihren Ansprechpartner.","og_url":"https:\/\/inlabtec.com\/de\/distribution\/","og_site_name":"Inlabtec","article_modified_time":"2025-11-04T13:44:35+00:00","og_image":[{"url":"https:\/\/inlabtec.com\/wp-content\/uploads\/2024\/05\/InterMed-Logo.png"}],"twitter_card":"summary_large_image","twitter_misc":{"Gesch\u00e4tzte Lesezeit":"6\u00a0Minuten"},"schema":{"@context":"https:\/\/schema.org","@graph":[{"@type":"Organization","@id":"https:\/\/inlabtec.com\/#organization","name":"Inlabtec","url":"https:\/\/inlabtec.com\/","sameAs":[],"logo":{"@type":"ImageObject","inLanguage":"de","@id":"https:\/\/inlabtec.com\/#\/schema\/logo\/image\/","url":"https:\/\/inlabtec.com\/wp-content\/uploads\/2020\/11\/Inlabtec_Logo_Transparent-1.png","contentUrl":"https:\/\/inlabtec.com\/wp-content\/uploads\/2020\/11\/Inlabtec_Logo_Transparent-1.png","width":320,"height":67,"caption":"Inlabtec"},"image":{"@id":"https:\/\/inlabtec.com\/#\/schema\/logo\/image\/"}},{"@type":"WebSite","@id":"https:\/\/inlabtec.com\/#website","url":"https:\/\/inlabtec.com\/","name":"Inlabtec","description":"Inlabtec","publisher":{"@id":"https:\/\/inlabtec.com\/#organization"},"potentialAction":[{"@type":"SearchAction","target":{"@type":"EntryPoint","urlTemplate":"https:\/\/inlabtec.com\/?s={search_term_string}"},"query-input":"required name=search_term_string"}],"inLanguage":"de"},{"@type":"ImageObject","inLanguage":"de","@id":"https:\/\/inlabtec.com\/de\/distribution\/#primaryimage","url":"https:\/\/inlabtec.com\/wp-content\/uploads\/2024\/05\/InterMed-Logo.png","contentUrl":"https:\/\/inlabtec.com\/wp-content\/uploads\/2024\/05\/InterMed-Logo.png","width":180,"height":58},{"@type":"WebPage","@id":"https:\/\/inlabtec.com\/de\/distribution\/","url":"https:\/\/inlabtec.com\/de\/distribution\/","name":"Inlabtec - Unsere Distributionspartner","isPartOf":{"@id":"https:\/\/inlabtec.com\/#website"},"primaryImageOfPage":{"@id":"https:\/\/inlabtec.com\/de\/distribution\/#primaryimage"},"datePublished":"2020-10-28T07:27:38+00:00","dateModified":"2025-11-04T13:44:35+00:00","description":"Wir haben Vertriebspartner auf der ganzen Welt. Finden Sie Ihren Ansprechpartner.","breadcrumb":{"@id":"https:\/\/inlabtec.com\/de\/distribution\/#breadcrumb"},"inLanguage":"de","potentialAction":[{"@type":"ReadAction","target":["https:\/\/inlabtec.com\/de\/distribution\/"]}]},{"@type":"BreadcrumbList","@id":"https:\/\/inlabtec.com\/de\/distribution\/#breadcrumb","itemListElement":[{"@type":"ListItem","position":1,"name":"Startseite","item":"https:\/\/inlabtec.com\/de\/"},{"@type":"ListItem","position":2,"name":"Distribution"}]}]}},"_links":{"self":[{"href":"https:\/\/inlabtec.com\/de\/wp-json\/wp\/v2\/pages\/10"}],"collection":[{"href":"https:\/\/inlabtec.com\/de\/wp-json\/wp\/v2\/pages"}],"about":[{"href":"https:\/\/inlabtec.com\/de\/wp-json\/wp\/v2\/types\/page"}],"author":[{"embeddable":true,"href":"https:\/\/inlabtec.com\/de\/wp-json\/wp\/v2\/users\/1"}],"replies":[{"embeddable":true,"href":"https:\/\/inlabtec.com\/de\/wp-json\/wp\/v2\/comments?post=10"}],"version-history":[{"count":97,"href":"https:\/\/inlabtec.com\/de\/wp-json\/wp\/v2\/pages\/10\/revisions"}],"predecessor-version":[{"id":12294,"href":"https:\/\/inlabtec.com\/de\/wp-json\/wp\/v2\/pages\/10\/revisions\/12294"}],"wp:attachment":[{"href":"https:\/\/inlabtec.com\/de\/wp-json\/wp\/v2\/media?parent=10"}],"curies":[{"name":"wp","href":"https:\/\/api.w.org\/{rel}","templated":true}]}}